{"id":513,"date":"2024-02-01T14:08:07","date_gmt":"2024-02-01T13:08:07","guid":{"rendered":"https:\/\/sylvangardens.hu\/?post_type=product&#038;p=513"},"modified":"2024-02-03T11:41:52","modified_gmt":"2024-02-03T10:41:52","slug":"csungo-himalajai-cedrus-cedrus-deodara-pendula","status":"publish","type":"product","link":"https:\/\/sylvangardens.hu\/?product=csungo-himalajai-cedrus-cedrus-deodara-pendula","title":{"rendered":"Cs\u00fcng\u0151 Himal\u00e1jai C\u00e9drus &#8211; Cedrus deodara &#8216;Pendula&#8217;"},"content":{"rendered":"<p><strong>Cedrus deodara &#8216;Pendula&#8217; &#8211; Cs\u00fcng\u0151 Himal\u00e1jai C\u00e9drus<\/strong><br \/>A Cs\u00fcng\u0151 Himal\u00e1jai C\u00e9drus (Cedrus deodara &#8216;Pendula&#8217;) egy eleg\u00e1ns, cs\u00fcng\u0151 form\u00e1j\u00fa \u00f6r\u00f6kz\u00f6ld fa, mely kaphat\u00f3 a VargaKertM\u00f3r kert\u00e9szeti web\u00e1ruh\u00e1zban. Az al\u00e1bbiakban megtal\u00e1lhat\u00f3k a n\u00f6v\u00e9ny f\u0151bb jellemz\u0151i:<br \/><strong>T\u00e9l\u00e1ll\u00f3s\u00e1gi Z\u00f3na:<\/strong> 7-9 t\u00e9l\u00e1ll\u00f3s\u00e1gi z\u00f3na k\u00f6z\u00f6tt ide\u00e1lis, teh\u00e1t melegebb \u00e9ghajlati viszonyok k\u00f6z\u00f6tt j\u00f3l prosper\u00e1l.<br \/><strong>Vir\u00e1gz\u00e1s Ideje:<\/strong> A Cs\u00fcng\u0151 Himal\u00e1jai C\u00e9drus \u00e1ltal\u00e1ban nem vir\u00e1gzik jelent\u0151s m\u00e9rt\u00e9kben, de a jellegzetes c\u00e9d\u00e1r lombozata miatt d\u00edszn\u00f6v\u00e9nyk\u00e9nt is kiv\u00e1l\u00f3.<br \/><strong>Vir\u00e1g Sz\u00edne:<\/strong> Nincs jelent\u0151s vir\u00e1gzata, a hangs\u00faly a karakteres lombon van.<br \/><strong>\u00c9retts\u00e9gi Magass\u00e1g:<\/strong> A Cs\u00fcng\u0151 Himal\u00e1jai C\u00e9drus f\u00fcgg\u0151 form\u00e1j\u00e1nak k\u00f6sz\u00f6nhet\u0151en ak\u00e1r 3-5 m\u00e9ter magasra is n\u0151het.<br \/><strong>Sz\u00e9less\u00e9g:<\/strong> A cs\u00fcng\u0151 \u00e1gak miatt a sz\u00e9less\u00e9ge eleny\u00e9sz\u0151, de \u00e9rdemes elegend\u0151 t\u00e9rrel \u00fcltetni, hogy a form\u00e1ja kiemelkedhessen.<br \/><strong>Napf\u00e9ny Expoz\u00edci\u00f3:<\/strong> A Cs\u00fcng\u0151 Himal\u00e1jai C\u00e9drus r\u00e9szleges \u00e1rny\u00e9kot vagy teljes napf\u00e9nyt kedvel, \u00edgy v\u00e1ltozatos k\u00f6rnyezetben is j\u00f3l \u00e9rzi mag\u00e1t.<br \/><strong>\u00c1pol\u00e1s \u00e9s Metsz\u00e9s:<\/strong> Rendszeres metsz\u00e9s n\u00e9lk\u00fcl is sz\u00e9p form\u00e1j\u00e1t meg\u0151rzi, de a t\u00falburj\u00e1nz\u00f3 \u00e1gak elt\u00e1vol\u00edt\u00e1sa vagy a k\u00edv\u00e1nt form\u00e1j\u00e1nak kialak\u00edt\u00e1sa \u00e9rdek\u00e9ben metsz\u00e9se javasolt.<br \/><strong>Talaj:<\/strong> J\u00f3l adapt\u00e1l\u00f3dik k\u00fcl\u00f6nb\u00f6z\u0151 talajt\u00edpusokhoz, de a j\u00f3 v\u00edzelvezet\u00e9s\u0171 \u00e9s m\u00e9rs\u00e9kelten t\u00e1panyagban gazdag talajokat r\u00e9szes\u00edti el\u0151nyben.<br \/><strong>\u00d6nt\u00f6z\u00e9s:<\/strong> M\u00e9rs\u00e9kelt v\u00edzig\u00e9ny\u0171, de k\u00fcl\u00f6n\u00f6sen fontos az alapos \u00f6nt\u00f6z\u00e9s az \u00fcltet\u00e9st k\u00f6vet\u0151en, hogy a gy\u00f6kerek j\u00f3l meggy\u00f6kerezzenek.<br \/><strong>Betegs\u00e9gek \u00e9s K\u00e1rtev\u0151k:<\/strong> A Cs\u00fcng\u0151 Himal\u00e1jai C\u00e9drus \u00e1ltal\u00e1ban ellen\u00e1ll\u00f3 a betegs\u00e9gekkel \u00e9s k\u00e1rtev\u0151kkel szemben, de \u00e9rdemes figyelni az esetleges probl\u00e9m\u00e1kra.<br \/><strong>\u00dcltet\u00e9si T\u00e1vols\u00e1g:<\/strong> \u00dcltessen legal\u00e1bb 150-200 cm t\u00e1vols\u00e1gra, hogy a n\u00f6v\u00e9ny kialak\u00edthassa a jellegzetes, f\u00fcgg\u0151 form\u00e1j\u00e1t.<br \/>A Cs\u00fcng\u0151 Himal\u00e1jai C\u00e9drus kiv\u00e9teles v\u00e1laszt\u00e1s lehet kertje vagy parkja d\u00edsz\u00edt\u00e9s\u00e9re, f\u0151k\u00e9nt a k\u00fcl\u00f6nleges cs\u00fcng\u0151 form\u00e1j\u00e1val. Rendelje meg most a VargaKertM\u00f3r kert\u00e9szeti web\u00e1ruh\u00e1z\u00e1b\u00f3l, \u00e9s hozza el otthon\u00e1ba a Cs\u00fcng\u0151 Himal\u00e1jai C\u00e9drus egyedi sz\u00e9ps\u00e9g\u00e9t!<\/p>\n","protected":false},"excerpt":{"rendered":"<p>Cedrus deodara &#8216;Pendula&#8217; &#8211; Cs\u00fcng\u0151 Himal\u00e1jai C\u00e9drusA Cs\u00fcng\u0151 Himal\u00e1jai C\u00e9drus (Cedrus deodara &#8216;Pendula&#8217;) egy eleg\u00e1ns, cs\u00fcng\u0151 form\u00e1j\u00fa \u00f6r\u00f6kz\u00f6ld fa, mely kaphat\u00f3 a VargaKertM\u00f3r kert\u00e9szeti web\u00e1ruh\u00e1zban. Az al\u00e1bbiakban megtal\u00e1lhat\u00f3k a n\u00f6v\u00e9ny f\u0151bb jellemz\u0151i:T\u00e9l\u00e1ll\u00f3s\u00e1gi Z\u00f3na: 7-9 t\u00e9l\u00e1ll\u00f3s\u00e1gi z\u00f3na k\u00f6z\u00f6tt ide\u00e1lis, teh\u00e1t melegebb \u00e9ghajlati viszonyok k\u00f6z\u00f6tt j\u00f3l prosper\u00e1l.Vir\u00e1gz\u00e1s Ideje: A Cs\u00fcng\u0151 Himal\u00e1jai C\u00e9drus \u00e1ltal\u00e1ban nem vir\u00e1gzik jelent\u0151s m\u00e9rt\u00e9kben, [&hellip;]<\/p>\n","protected":false},"featured_media":515,"comment_status":"open","ping_status":"closed","template":"","meta":[],"product_brand":[],"product_cat":[136,114,116,21],"product_tag":[112,27,99],"class_list":{"0":"post-513","1":"product","2":"type-product","3":"status-publish","4":"has-post-thumbnail","6":"product_cat-cedrus","7":"product_cat-diszfak","8":"product_cat-diszfak-es-cserjek","9":"product_cat-osszes","10":"product_tag-csungo","11":"product_tag-orokzold","12":"product_tag-szoliter","13":"product_shipping_class-gls-l-csomag","15":"first","16":"instock","17":"purchasable","18":"product-type-variable","19":"has-default-attributes"},"yoast_head":"<!-- This site is optimized with the Yoast SEO plugin v27.4 - https:\/\/yoast.com\/product\/yoast-seo-wordpress\/ -->\n<title>Cs\u00fcng\u0151 Himal\u00e1jai C\u00e9drus - Cedrus deodara &#039;Pendula&#039; - VargaKertM\u00f3r<\/title>\n<meta name=\"robots\" content=\"index, follow, max-snippet:-1, max-image-preview:large, max-video-preview:-1\" \/>\n<link rel=\"canonical\" href=\"https:\/\/sylvangardens.hu\/?product=csungo-himalajai-cedrus-cedrus-deodara-pendula\" \/>\n<meta property=\"og:locale\" content=\"hu_HU\" \/>\n<meta property=\"og:type\" content=\"article\" \/>\n<meta property=\"og:title\" content=\"Cs\u00fcng\u0151 Himal\u00e1jai C\u00e9drus - Cedrus deodara &#039;Pendula&#039; - VargaKertM\u00f3r\" \/>\n<meta property=\"og:description\" content=\"Cedrus deodara &#8216;Pendula&#8217; &#8211; Cs\u00fcng\u0151 Himal\u00e1jai C\u00e9drusA Cs\u00fcng\u0151 Himal\u00e1jai C\u00e9drus (Cedrus deodara &#8216;Pendula&#8217;) egy eleg\u00e1ns, cs\u00fcng\u0151 form\u00e1j\u00fa \u00f6r\u00f6kz\u00f6ld fa, mely kaphat\u00f3 a VargaKertM\u00f3r kert\u00e9szeti web\u00e1ruh\u00e1zban. Az al\u00e1bbiakban megtal\u00e1lhat\u00f3k a n\u00f6v\u00e9ny f\u0151bb jellemz\u0151i:T\u00e9l\u00e1ll\u00f3s\u00e1gi Z\u00f3na: 7-9 t\u00e9l\u00e1ll\u00f3s\u00e1gi z\u00f3na k\u00f6z\u00f6tt ide\u00e1lis, teh\u00e1t melegebb \u00e9ghajlati viszonyok k\u00f6z\u00f6tt j\u00f3l prosper\u00e1l.Vir\u00e1gz\u00e1s Ideje: A Cs\u00fcng\u0151 Himal\u00e1jai C\u00e9drus \u00e1ltal\u00e1ban nem vir\u00e1gzik jelent\u0151s m\u00e9rt\u00e9kben, [&hellip;]\" \/>\n<meta property=\"og:url\" content=\"https:\/\/sylvangardens.hu\/?product=csungo-himalajai-cedrus-cedrus-deodara-pendula\" \/>\n<meta property=\"og:site_name\" content=\"VargaKertM\u00f3r\" \/>\n<meta property=\"article:publisher\" content=\"https:\/\/www.facebook.com\/VargaKertMor\" \/>\n<meta property=\"article:modified_time\" content=\"2024-02-03T10:41:52+00:00\" \/>\n<meta property=\"og:image\" content=\"https:\/\/sylvangardens.hu\/wp-content\/uploads\/2024\/02\/vyr_921cedrus-deodara-pendula.jpg\" \/>\n\t<meta property=\"og:image:width\" content=\"843\" \/>\n\t<meta property=\"og:image:height\" content=\"1124\" \/>\n\t<meta property=\"og:image:type\" content=\"image\/jpeg\" \/>\n<meta name=\"twitter:card\" content=\"summary_large_image\" \/>\n<meta name=\"twitter:label1\" content=\"Becs\u00fclt olvas\u00e1si id\u0151\" \/>\n\t<meta name=\"twitter:data1\" content=\"2 perc\" \/>\n<script type=\"application\/ld+json\" class=\"yoast-schema-graph\">{\"@context\":\"https:\\\/\\\/schema.org\",\"@graph\":[{\"@type\":\"WebPage\",\"@id\":\"https:\\\/\\\/sylvangardens.hu\\\/?product=csungo-himalajai-cedrus-cedrus-deodara-pendula\",\"url\":\"https:\\\/\\\/sylvangardens.hu\\\/?product=csungo-himalajai-cedrus-cedrus-deodara-pendula\",\"name\":\"Cs\u00fcng\u0151 Himal\u00e1jai C\u00e9drus - Cedrus deodara 'Pendula' - VargaKertM\u00f3r\",\"isPartOf\":{\"@id\":\"https:\\\/\\\/sylvangardens.hu\\\/#website\"},\"primaryImageOfPage\":{\"@id\":\"https:\\\/\\\/sylvangardens.hu\\\/?product=csungo-himalajai-cedrus-cedrus-deodara-pendula#primaryimage\"},\"image\":{\"@id\":\"https:\\\/\\\/sylvangardens.hu\\\/?product=csungo-himalajai-cedrus-cedrus-deodara-pendula#primaryimage\"},\"thumbnailUrl\":\"https:\\\/\\\/sylvangardens.hu\\\/wp-content\\\/uploads\\\/2024\\\/02\\\/vyr_921cedrus-deodara-pendula.jpg\",\"datePublished\":\"2024-02-01T13:08:07+00:00\",\"dateModified\":\"2024-02-03T10:41:52+00:00\",\"breadcrumb\":{\"@id\":\"https:\\\/\\\/sylvangardens.hu\\\/?product=csungo-himalajai-cedrus-cedrus-deodara-pendula#breadcrumb\"},\"inLanguage\":\"hu\",\"potentialAction\":[{\"@type\":\"ReadAction\",\"target\":[\"https:\\\/\\\/sylvangardens.hu\\\/?product=csungo-himalajai-cedrus-cedrus-deodara-pendula\"]}]},{\"@type\":\"ImageObject\",\"inLanguage\":\"hu\",\"@id\":\"https:\\\/\\\/sylvangardens.hu\\\/?product=csungo-himalajai-cedrus-cedrus-deodara-pendula#primaryimage\",\"url\":\"https:\\\/\\\/sylvangardens.hu\\\/wp-content\\\/uploads\\\/2024\\\/02\\\/vyr_921cedrus-deodara-pendula.jpg\",\"contentUrl\":\"https:\\\/\\\/sylvangardens.hu\\\/wp-content\\\/uploads\\\/2024\\\/02\\\/vyr_921cedrus-deodara-pendula.jpg\",\"width\":843,\"height\":1124},{\"@type\":\"BreadcrumbList\",\"@id\":\"https:\\\/\\\/sylvangardens.hu\\\/?product=csungo-himalajai-cedrus-cedrus-deodara-pendula#breadcrumb\",\"itemListElement\":[{\"@type\":\"ListItem\",\"position\":1,\"name\":\"Kezd\u0151lap\",\"item\":\"https:\\\/\\\/sylvangardens.hu\\\/\"},{\"@type\":\"ListItem\",\"position\":2,\"name\":\"Cs\u00fcng\u0151 Himal\u00e1jai C\u00e9drus &#8211; Cedrus deodara &#8216;Pendula&#8217;\"}]},{\"@type\":\"WebSite\",\"@id\":\"https:\\\/\\\/sylvangardens.hu\\\/#website\",\"url\":\"https:\\\/\\\/sylvangardens.hu\\\/\",\"name\":\"VargaKertM\u00f3r\",\"description\":\"Kert\u00e9szet \u00e9s Kert \u00e9s Park\u00e9p\u00edt\u00e9s\",\"publisher\":{\"@id\":\"https:\\\/\\\/sylvangardens.hu\\\/#\\\/schema\\\/person\\\/1fb5e92265f56336b510365bfdcff060\"},\"alternateName\":\"VKM\",\"potentialAction\":[{\"@type\":\"SearchAction\",\"target\":{\"@type\":\"EntryPoint\",\"urlTemplate\":\"https:\\\/\\\/sylvangardens.hu\\\/?s={search_term_string}\"},\"query-input\":{\"@type\":\"PropertyValueSpecification\",\"valueRequired\":true,\"valueName\":\"search_term_string\"}}],\"inLanguage\":\"hu\"},{\"@type\":[\"Person\",\"Organization\"],\"@id\":\"https:\\\/\\\/sylvangardens.hu\\\/#\\\/schema\\\/person\\\/1fb5e92265f56336b510365bfdcff060\",\"name\":\"Varga Rich\u00e1rd\",\"image\":{\"@type\":\"ImageObject\",\"inLanguage\":\"hu\",\"@id\":\"https:\\\/\\\/sylvangardens.hu\\\/wp-content\\\/uploads\\\/2024\\\/01\\\/cropped-Logo-hands-on1600x800.png\",\"url\":\"https:\\\/\\\/sylvangardens.hu\\\/wp-content\\\/uploads\\\/2024\\\/01\\\/cropped-Logo-hands-on1600x800.png\",\"contentUrl\":\"https:\\\/\\\/sylvangardens.hu\\\/wp-content\\\/uploads\\\/2024\\\/01\\\/cropped-Logo-hands-on1600x800.png\",\"width\":240,\"height\":148,\"caption\":\"Varga Rich\u00e1rd\"},\"logo\":{\"@id\":\"https:\\\/\\\/sylvangardens.hu\\\/wp-content\\\/uploads\\\/2024\\\/01\\\/cropped-Logo-hands-on1600x800.png\"},\"sameAs\":[\"https:\\\/\\\/sylvangardens.hu\",\"https:\\\/\\\/www.facebook.com\\\/VargaKertMor\"]}]}<\/script>\n<!-- \/ Yoast SEO plugin. -->","yoast_head_json":{"title":"Cs\u00fcng\u0151 Himal\u00e1jai C\u00e9drus - Cedrus deodara 'Pendula' - VargaKertM\u00f3r","robots":{"index":"index","follow":"follow","max-snippet":"max-snippet:-1","max-image-preview":"max-image-preview:large","max-video-preview":"max-video-preview:-1"},"canonical":"https:\/\/sylvangardens.hu\/?product=csungo-himalajai-cedrus-cedrus-deodara-pendula","og_locale":"hu_HU","og_type":"article","og_title":"Cs\u00fcng\u0151 Himal\u00e1jai C\u00e9drus - Cedrus deodara 'Pendula' - VargaKertM\u00f3r","og_description":"Cedrus deodara &#8216;Pendula&#8217; &#8211; Cs\u00fcng\u0151 Himal\u00e1jai C\u00e9drusA Cs\u00fcng\u0151 Himal\u00e1jai C\u00e9drus (Cedrus deodara &#8216;Pendula&#8217;) egy eleg\u00e1ns, cs\u00fcng\u0151 form\u00e1j\u00fa \u00f6r\u00f6kz\u00f6ld fa, mely kaphat\u00f3 a VargaKertM\u00f3r kert\u00e9szeti web\u00e1ruh\u00e1zban. Az al\u00e1bbiakban megtal\u00e1lhat\u00f3k a n\u00f6v\u00e9ny f\u0151bb jellemz\u0151i:T\u00e9l\u00e1ll\u00f3s\u00e1gi Z\u00f3na: 7-9 t\u00e9l\u00e1ll\u00f3s\u00e1gi z\u00f3na k\u00f6z\u00f6tt ide\u00e1lis, teh\u00e1t melegebb \u00e9ghajlati viszonyok k\u00f6z\u00f6tt j\u00f3l prosper\u00e1l.Vir\u00e1gz\u00e1s Ideje: A Cs\u00fcng\u0151 Himal\u00e1jai C\u00e9drus \u00e1ltal\u00e1ban nem vir\u00e1gzik jelent\u0151s m\u00e9rt\u00e9kben, [&hellip;]","og_url":"https:\/\/sylvangardens.hu\/?product=csungo-himalajai-cedrus-cedrus-deodara-pendula","og_site_name":"VargaKertM\u00f3r","article_publisher":"https:\/\/www.facebook.com\/VargaKertMor","article_modified_time":"2024-02-03T10:41:52+00:00","og_image":[{"width":843,"height":1124,"url":"https:\/\/sylvangardens.hu\/wp-content\/uploads\/2024\/02\/vyr_921cedrus-deodara-pendula.jpg","type":"image\/jpeg"}],"twitter_card":"summary_large_image","twitter_misc":{"Becs\u00fclt olvas\u00e1si id\u0151":"2 perc"},"schema":{"@context":"https:\/\/schema.org","@graph":[{"@type":"WebPage","@id":"https:\/\/sylvangardens.hu\/?product=csungo-himalajai-cedrus-cedrus-deodara-pendula","url":"https:\/\/sylvangardens.hu\/?product=csungo-himalajai-cedrus-cedrus-deodara-pendula","name":"Cs\u00fcng\u0151 Himal\u00e1jai C\u00e9drus - Cedrus deodara 'Pendula' - VargaKertM\u00f3r","isPartOf":{"@id":"https:\/\/sylvangardens.hu\/#website"},"primaryImageOfPage":{"@id":"https:\/\/sylvangardens.hu\/?product=csungo-himalajai-cedrus-cedrus-deodara-pendula#primaryimage"},"image":{"@id":"https:\/\/sylvangardens.hu\/?product=csungo-himalajai-cedrus-cedrus-deodara-pendula#primaryimage"},"thumbnailUrl":"https:\/\/sylvangardens.hu\/wp-content\/uploads\/2024\/02\/vyr_921cedrus-deodara-pendula.jpg","datePublished":"2024-02-01T13:08:07+00:00","dateModified":"2024-02-03T10:41:52+00:00","breadcrumb":{"@id":"https:\/\/sylvangardens.hu\/?product=csungo-himalajai-cedrus-cedrus-deodara-pendula#breadcrumb"},"inLanguage":"hu","potentialAction":[{"@type":"ReadAction","target":["https:\/\/sylvangardens.hu\/?product=csungo-himalajai-cedrus-cedrus-deodara-pendula"]}]},{"@type":"ImageObject","inLanguage":"hu","@id":"https:\/\/sylvangardens.hu\/?product=csungo-himalajai-cedrus-cedrus-deodara-pendula#primaryimage","url":"https:\/\/sylvangardens.hu\/wp-content\/uploads\/2024\/02\/vyr_921cedrus-deodara-pendula.jpg","contentUrl":"https:\/\/sylvangardens.hu\/wp-content\/uploads\/2024\/02\/vyr_921cedrus-deodara-pendula.jpg","width":843,"height":1124},{"@type":"BreadcrumbList","@id":"https:\/\/sylvangardens.hu\/?product=csungo-himalajai-cedrus-cedrus-deodara-pendula#breadcrumb","itemListElement":[{"@type":"ListItem","position":1,"name":"Kezd\u0151lap","item":"https:\/\/sylvangardens.hu\/"},{"@type":"ListItem","position":2,"name":"Cs\u00fcng\u0151 Himal\u00e1jai C\u00e9drus &#8211; Cedrus deodara &#8216;Pendula&#8217;"}]},{"@type":"WebSite","@id":"https:\/\/sylvangardens.hu\/#website","url":"https:\/\/sylvangardens.hu\/","name":"VargaKertM\u00f3r","description":"Kert\u00e9szet \u00e9s Kert \u00e9s Park\u00e9p\u00edt\u00e9s","publisher":{"@id":"https:\/\/sylvangardens.hu\/#\/schema\/person\/1fb5e92265f56336b510365bfdcff060"},"alternateName":"VKM","potentialAction":[{"@type":"SearchAction","target":{"@type":"EntryPoint","urlTemplate":"https:\/\/sylvangardens.hu\/?s={search_term_string}"},"query-input":{"@type":"PropertyValueSpecification","valueRequired":true,"valueName":"search_term_string"}}],"inLanguage":"hu"},{"@type":["Person","Organization"],"@id":"https:\/\/sylvangardens.hu\/#\/schema\/person\/1fb5e92265f56336b510365bfdcff060","name":"Varga Rich\u00e1rd","image":{"@type":"ImageObject","inLanguage":"hu","@id":"https:\/\/sylvangardens.hu\/wp-content\/uploads\/2024\/01\/cropped-Logo-hands-on1600x800.png","url":"https:\/\/sylvangardens.hu\/wp-content\/uploads\/2024\/01\/cropped-Logo-hands-on1600x800.png","contentUrl":"https:\/\/sylvangardens.hu\/wp-content\/uploads\/2024\/01\/cropped-Logo-hands-on1600x800.png","width":240,"height":148,"caption":"Varga Rich\u00e1rd"},"logo":{"@id":"https:\/\/sylvangardens.hu\/wp-content\/uploads\/2024\/01\/cropped-Logo-hands-on1600x800.png"},"sameAs":["https:\/\/sylvangardens.hu","https:\/\/www.facebook.com\/VargaKertMor"]}]}},"_links":{"self":[{"href":"https:\/\/sylvangardens.hu\/index.php?rest_route=\/wp\/v2\/product\/513","targetHints":{"allow":["GET"]}}],"collection":[{"href":"https:\/\/sylvangardens.hu\/index.php?rest_route=\/wp\/v2\/product"}],"about":[{"href":"https:\/\/sylvangardens.hu\/index.php?rest_route=\/wp\/v2\/types\/product"}],"replies":[{"embeddable":true,"href":"https:\/\/sylvangardens.hu\/index.php?rest_route=%2Fwp%2Fv2%2Fcomments&post=513"}],"wp:featuredmedia":[{"embeddable":true,"href":"https:\/\/sylvangardens.hu\/index.php?rest_route=\/wp\/v2\/media\/515"}],"wp:attachment":[{"href":"https:\/\/sylvangardens.hu\/index.php?rest_route=%2Fwp%2Fv2%2Fmedia&parent=513"}],"wp:term":[{"taxonomy":"product_brand","embeddable":true,"href":"https:\/\/sylvangardens.hu\/index.php?rest_route=%2Fwp%2Fv2%2Fproduct_brand&post=513"},{"taxonomy":"product_cat","embeddable":true,"href":"https:\/\/sylvangardens.hu\/index.php?rest_route=%2Fwp%2Fv2%2Fproduct_cat&post=513"},{"taxonomy":"product_tag","embeddable":true,"href":"https:\/\/sylvangardens.hu\/index.php?rest_route=%2Fwp%2Fv2%2Fproduct_tag&post=513"}],"curies":[{"name":"wp","href":"https:\/\/api.w.org\/{rel}","templated":true}]}}