{"id":480,"date":"2024-02-01T11:01:05","date_gmt":"2024-02-01T10:01:05","guid":{"rendered":"https:\/\/sylvangardens.hu\/?post_type=product&#038;p=480"},"modified":"2024-02-03T13:42:26","modified_gmt":"2024-02-03T12:42:26","slug":"arany-terulo-tiszafa-taxus-baccata-golden-carol","status":"publish","type":"product","link":"https:\/\/sylvangardens.hu\/?product=arany-terulo-tiszafa-taxus-baccata-golden-carol","title":{"rendered":"Arany Ter\u00fcl\u0151 Tiszafa &#8211; Taxus baccata &#8216;Golden Carol&#8217;\u00ae"},"content":{"rendered":"<p><strong>Taxus baccata &#8216;Golden Carol&#8217;\u00ae &#8211; Arany ter\u00fcl\u0151 Tiszafa &#8216;Golden Carol&#8217;\u00ae<\/strong><br \/>Az Arany ter\u00fcl\u0151 Tiszafa &#8216;Golden Carol&#8217;\u00ae (Taxus baccata &#8216;Golden Carol&#8217;\u00ae) egy kiv\u00e9teles \u00f6r\u00f6kz\u00f6ld cserje, mely kaphat\u00f3 a VargaKertM\u00f3r kert\u00e9szeti web\u00e1ruh\u00e1zban. Az al\u00e1bbiakban megtal\u00e1lhat\u00f3k a n\u00f6v\u00e9ny f\u0151bb jellemz\u0151i:<br \/><strong>T\u00e9l\u00e1ll\u00f3s\u00e1gi Z\u00f3na:<\/strong> 6-7 t\u00e9l\u00e1ll\u00f3s\u00e1gi z\u00f3na k\u00f6z\u00f6tt ide\u00e1lis, teh\u00e1t m\u00e9rs\u00e9kelt \u00e9ghajlaton j\u00f3l prosper\u00e1l.<br \/><strong>Vir\u00e1gz\u00e1s Ideje:<\/strong> A Taxus baccata &#8216;Golden Carol&#8217;\u00ae nem vir\u00e1gzik, de a tavaszi hajt\u00e1sok Arany ter\u00fcl\u0151 s\u00e1rga sz\u00edn\u0171ek, amelyek k\u00fcl\u00f6nlegess\u00e9 teszik a kertet.<br \/><strong>Vir\u00e1g Sz\u00edne:<\/strong> Nincs vir\u00e1gz\u00e1sa, de az Arany ter\u00fcl\u0151 s\u00e1rga tavaszi hajt\u00e1sok d\u00edsz\u00edtik a n\u00f6v\u00e9nyt.<br \/><strong>\u00c9retts\u00e9gi Magass\u00e1g:<\/strong> \u00c1ltal\u00e1ban 1-2 m\u00e9ter magasra n\u0151, \u00edgy ide\u00e1lis v\u00e1laszt\u00e1s lehet alacsonyabb s\u00f6v\u00e9nyekhez vagy szolitern\u00f6v\u00e9nyk\u00e9nt.<br \/><strong>Sz\u00e9less\u00e9g:<\/strong> Terjedelmes n\u00f6veked\u00e9se miatt k\u00f6r\u00fclbel\u00fcl 1-2 m\u00e9ter sz\u00e9les teret fog elfoglalni.<br \/><strong>Napf\u00e9ny Expoz\u00edci\u00f3:<\/strong> Az Arany ter\u00fcl\u0151 Tiszafa &#8216;Golden Carol&#8217;\u00ae r\u00e9szleges \u00e1rny\u00e9kot vagy teljes napf\u00e9nyt kedvel, \u00edgy v\u00e1ltozatos k\u00f6rnyezetben is j\u00f3l \u00e9rzi mag\u00e1t.<br \/><strong>\u00c1pol\u00e1s \u00e9s Metsz\u00e9s:<\/strong> A n\u00f6v\u00e9ny k\u00f6nnyen kezelhet\u0151, \u00e9s rendszeres metsz\u00e9ssel form\u00e1j\u00e1t k\u00f6nnyen karbantarthatjuk. A tavaszi hajt\u00e1sok Arany ter\u00fcl\u0151 sz\u00edn\u00e9nek kiemel\u00e9se \u00e9rdek\u00e9ben aj\u00e1nlott az \u00e9ves metsz\u00e9s.<br \/><strong>Talaj:<\/strong> J\u00f3l alkalmazkodik a k\u00fcl\u00f6nb\u00f6z\u0151 talajokhoz, de a j\u00f3 v\u00edzelvezet\u00e9s\u0171 \u00e9s t\u00e1panyagban gazdag talajokat r\u00e9szes\u00edti el\u0151nyben.<br \/><strong>\u00d6nt\u00f6z\u00e9s:<\/strong> M\u00e9rs\u00e9kelt v\u00edzig\u00e9ny\u0171, de k\u00fcl\u00f6n\u00f6sen az \u00fcltet\u00e9st k\u00f6vet\u0151 id\u0151szakban fontos a rendszeres \u00f6nt\u00f6z\u00e9s a megfelel\u0151 gy\u00f6k\u00e9rkialakul\u00e1s \u00e9rdek\u00e9ben.<br \/><strong>Betegs\u00e9gek \u00e9s K\u00e1rtev\u0151k:<\/strong> Az Arany ter\u00fcl\u0151 Tiszafa &#8216;Golden Carol&#8217;\u00ae ellen\u00e1ll\u00f3 a legt\u00f6bb k\u00f3rokoz\u00f3val \u00e9s k\u00e1rtev\u0151vel szemben. Fontos azonban a rendszeres ellen\u0151rz\u00e9s \u00e9s a megel\u0151z\u0151 kezel\u00e9sek.<br \/><strong>\u00dcltet\u00e9si T\u00e1vols\u00e1g:<\/strong> Aj\u00e1nlott \u00fcltet\u00e9si t\u00e1vols\u00e1g 50-80 cm k\u00f6z\u00f6tt, att\u00f3l f\u00fcgg\u0151en, milyen s\u0171r\u0171n szeretn\u00e9 a s\u00f6v\u00e9nyt.<br \/>Az Arany ter\u00fcl\u0151 Tiszafa &#8216;Golden Carol&#8217;\u00ae egy exkluz\u00edv v\u00e1laszt\u00e1s lehet kertje d\u00edsz\u00edt\u00e9s\u00e9re, hozz\u00e1j\u00e1rulva a kert Arany ter\u00fcl\u0151 ragyog\u00e1s\u00e1hoz. Rendelje meg most a VargaKertM\u00f3r kert\u00e9szeti web\u00e1ruh\u00e1z\u00e1b\u00f3l, \u00e9s hozza el otthon\u00e1ba az Arany ter\u00fcl\u0151 Tiszafa &#8216;Golden Carol&#8217;\u00ae kert\u00e9szeti eleganci\u00e1j\u00e1t!<\/p>\n","protected":false},"excerpt":{"rendered":"<p>Taxus baccata &#8216;Golden Carol&#8217;\u00ae &#8211; Arany ter\u00fcl\u0151 Tiszafa &#8216;Golden Carol&#8217;\u00aeAz Arany ter\u00fcl\u0151 Tiszafa &#8216;Golden Carol&#8217;\u00ae (Taxus baccata &#8216;Golden Carol&#8217;\u00ae) egy kiv\u00e9teles \u00f6r\u00f6kz\u00f6ld cserje, mely kaphat\u00f3 a VargaKertM\u00f3r kert\u00e9szeti web\u00e1ruh\u00e1zban. Az al\u00e1bbiakban megtal\u00e1lhat\u00f3k a n\u00f6v\u00e9ny f\u0151bb jellemz\u0151i:T\u00e9l\u00e1ll\u00f3s\u00e1gi Z\u00f3na: 6-7 t\u00e9l\u00e1ll\u00f3s\u00e1gi z\u00f3na k\u00f6z\u00f6tt ide\u00e1lis, teh\u00e1t m\u00e9rs\u00e9kelt \u00e9ghajlaton j\u00f3l prosper\u00e1l.Vir\u00e1gz\u00e1s Ideje: A Taxus baccata &#8216;Golden Carol&#8217;\u00ae nem vir\u00e1gzik, [&hellip;]<\/p>\n","protected":false},"featured_media":483,"comment_status":"open","ping_status":"closed","template":"","meta":[],"product_brand":[],"product_cat":[80,116,21,138],"product_tag":[40,27,102],"class_list":{"0":"post-480","1":"product","2":"type-product","3":"status-publish","4":"has-post-thumbnail","6":"product_cat-cserje","7":"product_cat-diszfak-es-cserjek","8":"product_cat-osszes","9":"product_cat-tiszafa","10":"product_tag-ellenallo","11":"product_tag-orokzold","12":"product_tag-terulo","13":"product_shipping_class-gls-l-csomag","15":"first","16":"instock","17":"purchasable","18":"product-type-variable","19":"has-default-attributes"},"yoast_head":"<!-- This site is optimized with the Yoast SEO plugin v27.4 - https:\/\/yoast.com\/product\/yoast-seo-wordpress\/ -->\n<title>Arany Ter\u00fcl\u0151 Tiszafa - Taxus baccata &#039;Golden Carol&#039;\u00ae - VargaKertM\u00f3r<\/title>\n<meta name=\"robots\" content=\"index, follow, max-snippet:-1, max-image-preview:large, max-video-preview:-1\" \/>\n<link rel=\"canonical\" href=\"https:\/\/sylvangardens.hu\/?product=arany-terulo-tiszafa-taxus-baccata-golden-carol\" \/>\n<meta property=\"og:locale\" content=\"hu_HU\" \/>\n<meta property=\"og:type\" content=\"article\" \/>\n<meta property=\"og:title\" content=\"Arany Ter\u00fcl\u0151 Tiszafa - Taxus baccata &#039;Golden Carol&#039;\u00ae - VargaKertM\u00f3r\" \/>\n<meta property=\"og:description\" content=\"Taxus baccata &#8216;Golden Carol&#8217;\u00ae &#8211; Arany ter\u00fcl\u0151 Tiszafa &#8216;Golden Carol&#8217;\u00aeAz Arany ter\u00fcl\u0151 Tiszafa &#8216;Golden Carol&#8217;\u00ae (Taxus baccata &#8216;Golden Carol&#8217;\u00ae) egy kiv\u00e9teles \u00f6r\u00f6kz\u00f6ld cserje, mely kaphat\u00f3 a VargaKertM\u00f3r kert\u00e9szeti web\u00e1ruh\u00e1zban. Az al\u00e1bbiakban megtal\u00e1lhat\u00f3k a n\u00f6v\u00e9ny f\u0151bb jellemz\u0151i:T\u00e9l\u00e1ll\u00f3s\u00e1gi Z\u00f3na: 6-7 t\u00e9l\u00e1ll\u00f3s\u00e1gi z\u00f3na k\u00f6z\u00f6tt ide\u00e1lis, teh\u00e1t m\u00e9rs\u00e9kelt \u00e9ghajlaton j\u00f3l prosper\u00e1l.Vir\u00e1gz\u00e1s Ideje: A Taxus baccata &#8216;Golden Carol&#8217;\u00ae nem vir\u00e1gzik, [&hellip;]\" \/>\n<meta property=\"og:url\" content=\"https:\/\/sylvangardens.hu\/?product=arany-terulo-tiszafa-taxus-baccata-golden-carol\" \/>\n<meta property=\"og:site_name\" content=\"VargaKertM\u00f3r\" \/>\n<meta property=\"article:publisher\" content=\"https:\/\/www.facebook.com\/VargaKertMor\" \/>\n<meta property=\"article:modified_time\" content=\"2024-02-03T12:42:26+00:00\" \/>\n<meta property=\"og:image\" content=\"https:\/\/sylvangardens.hu\/wp-content\/uploads\/2024\/02\/golden-carol-taxus.jpg\" \/>\n\t<meta property=\"og:image:width\" content=\"450\" \/>\n\t<meta property=\"og:image:height\" content=\"450\" \/>\n\t<meta property=\"og:image:type\" content=\"image\/jpeg\" \/>\n<meta name=\"twitter:card\" content=\"summary_large_image\" \/>\n<meta name=\"twitter:label1\" content=\"Becs\u00fclt olvas\u00e1si id\u0151\" \/>\n\t<meta name=\"twitter:data1\" content=\"2 perc\" \/>\n<script type=\"application\/ld+json\" class=\"yoast-schema-graph\">{\"@context\":\"https:\\\/\\\/schema.org\",\"@graph\":[{\"@type\":\"WebPage\",\"@id\":\"https:\\\/\\\/sylvangardens.hu\\\/?product=arany-terulo-tiszafa-taxus-baccata-golden-carol\",\"url\":\"https:\\\/\\\/sylvangardens.hu\\\/?product=arany-terulo-tiszafa-taxus-baccata-golden-carol\",\"name\":\"Arany Ter\u00fcl\u0151 Tiszafa - Taxus baccata 'Golden Carol'\u00ae - VargaKertM\u00f3r\",\"isPartOf\":{\"@id\":\"https:\\\/\\\/sylvangardens.hu\\\/#website\"},\"primaryImageOfPage\":{\"@id\":\"https:\\\/\\\/sylvangardens.hu\\\/?product=arany-terulo-tiszafa-taxus-baccata-golden-carol#primaryimage\"},\"image\":{\"@id\":\"https:\\\/\\\/sylvangardens.hu\\\/?product=arany-terulo-tiszafa-taxus-baccata-golden-carol#primaryimage\"},\"thumbnailUrl\":\"https:\\\/\\\/sylvangardens.hu\\\/wp-content\\\/uploads\\\/2024\\\/02\\\/golden-carol-taxus.jpg\",\"datePublished\":\"2024-02-01T10:01:05+00:00\",\"dateModified\":\"2024-02-03T12:42:26+00:00\",\"breadcrumb\":{\"@id\":\"https:\\\/\\\/sylvangardens.hu\\\/?product=arany-terulo-tiszafa-taxus-baccata-golden-carol#breadcrumb\"},\"inLanguage\":\"hu\",\"potentialAction\":[{\"@type\":\"ReadAction\",\"target\":[\"https:\\\/\\\/sylvangardens.hu\\\/?product=arany-terulo-tiszafa-taxus-baccata-golden-carol\"]}]},{\"@type\":\"ImageObject\",\"inLanguage\":\"hu\",\"@id\":\"https:\\\/\\\/sylvangardens.hu\\\/?product=arany-terulo-tiszafa-taxus-baccata-golden-carol#primaryimage\",\"url\":\"https:\\\/\\\/sylvangardens.hu\\\/wp-content\\\/uploads\\\/2024\\\/02\\\/golden-carol-taxus.jpg\",\"contentUrl\":\"https:\\\/\\\/sylvangardens.hu\\\/wp-content\\\/uploads\\\/2024\\\/02\\\/golden-carol-taxus.jpg\",\"width\":450,\"height\":450},{\"@type\":\"BreadcrumbList\",\"@id\":\"https:\\\/\\\/sylvangardens.hu\\\/?product=arany-terulo-tiszafa-taxus-baccata-golden-carol#breadcrumb\",\"itemListElement\":[{\"@type\":\"ListItem\",\"position\":1,\"name\":\"Kezd\u0151lap\",\"item\":\"https:\\\/\\\/sylvangardens.hu\\\/\"},{\"@type\":\"ListItem\",\"position\":2,\"name\":\"Arany Ter\u00fcl\u0151 Tiszafa &#8211; Taxus baccata &#8216;Golden Carol&#8217;\u00ae\"}]},{\"@type\":\"WebSite\",\"@id\":\"https:\\\/\\\/sylvangardens.hu\\\/#website\",\"url\":\"https:\\\/\\\/sylvangardens.hu\\\/\",\"name\":\"VargaKertM\u00f3r\",\"description\":\"Kert\u00e9szet \u00e9s Kert \u00e9s Park\u00e9p\u00edt\u00e9s\",\"publisher\":{\"@id\":\"https:\\\/\\\/sylvangardens.hu\\\/#\\\/schema\\\/person\\\/1fb5e92265f56336b510365bfdcff060\"},\"alternateName\":\"VKM\",\"potentialAction\":[{\"@type\":\"SearchAction\",\"target\":{\"@type\":\"EntryPoint\",\"urlTemplate\":\"https:\\\/\\\/sylvangardens.hu\\\/?s={search_term_string}\"},\"query-input\":{\"@type\":\"PropertyValueSpecification\",\"valueRequired\":true,\"valueName\":\"search_term_string\"}}],\"inLanguage\":\"hu\"},{\"@type\":[\"Person\",\"Organization\"],\"@id\":\"https:\\\/\\\/sylvangardens.hu\\\/#\\\/schema\\\/person\\\/1fb5e92265f56336b510365bfdcff060\",\"name\":\"Varga Rich\u00e1rd\",\"image\":{\"@type\":\"ImageObject\",\"inLanguage\":\"hu\",\"@id\":\"https:\\\/\\\/sylvangardens.hu\\\/wp-content\\\/uploads\\\/2024\\\/01\\\/cropped-Logo-hands-on1600x800.png\",\"url\":\"https:\\\/\\\/sylvangardens.hu\\\/wp-content\\\/uploads\\\/2024\\\/01\\\/cropped-Logo-hands-on1600x800.png\",\"contentUrl\":\"https:\\\/\\\/sylvangardens.hu\\\/wp-content\\\/uploads\\\/2024\\\/01\\\/cropped-Logo-hands-on1600x800.png\",\"width\":240,\"height\":148,\"caption\":\"Varga Rich\u00e1rd\"},\"logo\":{\"@id\":\"https:\\\/\\\/sylvangardens.hu\\\/wp-content\\\/uploads\\\/2024\\\/01\\\/cropped-Logo-hands-on1600x800.png\"},\"sameAs\":[\"https:\\\/\\\/sylvangardens.hu\",\"https:\\\/\\\/www.facebook.com\\\/VargaKertMor\"]}]}<\/script>\n<!-- \/ Yoast SEO plugin. -->","yoast_head_json":{"title":"Arany Ter\u00fcl\u0151 Tiszafa - Taxus baccata 'Golden Carol'\u00ae - VargaKertM\u00f3r","robots":{"index":"index","follow":"follow","max-snippet":"max-snippet:-1","max-image-preview":"max-image-preview:large","max-video-preview":"max-video-preview:-1"},"canonical":"https:\/\/sylvangardens.hu\/?product=arany-terulo-tiszafa-taxus-baccata-golden-carol","og_locale":"hu_HU","og_type":"article","og_title":"Arany Ter\u00fcl\u0151 Tiszafa - Taxus baccata 'Golden Carol'\u00ae - VargaKertM\u00f3r","og_description":"Taxus baccata &#8216;Golden Carol&#8217;\u00ae &#8211; Arany ter\u00fcl\u0151 Tiszafa &#8216;Golden Carol&#8217;\u00aeAz Arany ter\u00fcl\u0151 Tiszafa &#8216;Golden Carol&#8217;\u00ae (Taxus baccata &#8216;Golden Carol&#8217;\u00ae) egy kiv\u00e9teles \u00f6r\u00f6kz\u00f6ld cserje, mely kaphat\u00f3 a VargaKertM\u00f3r kert\u00e9szeti web\u00e1ruh\u00e1zban. Az al\u00e1bbiakban megtal\u00e1lhat\u00f3k a n\u00f6v\u00e9ny f\u0151bb jellemz\u0151i:T\u00e9l\u00e1ll\u00f3s\u00e1gi Z\u00f3na: 6-7 t\u00e9l\u00e1ll\u00f3s\u00e1gi z\u00f3na k\u00f6z\u00f6tt ide\u00e1lis, teh\u00e1t m\u00e9rs\u00e9kelt \u00e9ghajlaton j\u00f3l prosper\u00e1l.Vir\u00e1gz\u00e1s Ideje: A Taxus baccata &#8216;Golden Carol&#8217;\u00ae nem vir\u00e1gzik, [&hellip;]","og_url":"https:\/\/sylvangardens.hu\/?product=arany-terulo-tiszafa-taxus-baccata-golden-carol","og_site_name":"VargaKertM\u00f3r","article_publisher":"https:\/\/www.facebook.com\/VargaKertMor","article_modified_time":"2024-02-03T12:42:26+00:00","og_image":[{"width":450,"height":450,"url":"https:\/\/sylvangardens.hu\/wp-content\/uploads\/2024\/02\/golden-carol-taxus.jpg","type":"image\/jpeg"}],"twitter_card":"summary_large_image","twitter_misc":{"Becs\u00fclt olvas\u00e1si id\u0151":"2 perc"},"schema":{"@context":"https:\/\/schema.org","@graph":[{"@type":"WebPage","@id":"https:\/\/sylvangardens.hu\/?product=arany-terulo-tiszafa-taxus-baccata-golden-carol","url":"https:\/\/sylvangardens.hu\/?product=arany-terulo-tiszafa-taxus-baccata-golden-carol","name":"Arany Ter\u00fcl\u0151 Tiszafa - Taxus baccata 'Golden Carol'\u00ae - VargaKertM\u00f3r","isPartOf":{"@id":"https:\/\/sylvangardens.hu\/#website"},"primaryImageOfPage":{"@id":"https:\/\/sylvangardens.hu\/?product=arany-terulo-tiszafa-taxus-baccata-golden-carol#primaryimage"},"image":{"@id":"https:\/\/sylvangardens.hu\/?product=arany-terulo-tiszafa-taxus-baccata-golden-carol#primaryimage"},"thumbnailUrl":"https:\/\/sylvangardens.hu\/wp-content\/uploads\/2024\/02\/golden-carol-taxus.jpg","datePublished":"2024-02-01T10:01:05+00:00","dateModified":"2024-02-03T12:42:26+00:00","breadcrumb":{"@id":"https:\/\/sylvangardens.hu\/?product=arany-terulo-tiszafa-taxus-baccata-golden-carol#breadcrumb"},"inLanguage":"hu","potentialAction":[{"@type":"ReadAction","target":["https:\/\/sylvangardens.hu\/?product=arany-terulo-tiszafa-taxus-baccata-golden-carol"]}]},{"@type":"ImageObject","inLanguage":"hu","@id":"https:\/\/sylvangardens.hu\/?product=arany-terulo-tiszafa-taxus-baccata-golden-carol#primaryimage","url":"https:\/\/sylvangardens.hu\/wp-content\/uploads\/2024\/02\/golden-carol-taxus.jpg","contentUrl":"https:\/\/sylvangardens.hu\/wp-content\/uploads\/2024\/02\/golden-carol-taxus.jpg","width":450,"height":450},{"@type":"BreadcrumbList","@id":"https:\/\/sylvangardens.hu\/?product=arany-terulo-tiszafa-taxus-baccata-golden-carol#breadcrumb","itemListElement":[{"@type":"ListItem","position":1,"name":"Kezd\u0151lap","item":"https:\/\/sylvangardens.hu\/"},{"@type":"ListItem","position":2,"name":"Arany Ter\u00fcl\u0151 Tiszafa &#8211; Taxus baccata &#8216;Golden Carol&#8217;\u00ae"}]},{"@type":"WebSite","@id":"https:\/\/sylvangardens.hu\/#website","url":"https:\/\/sylvangardens.hu\/","name":"VargaKertM\u00f3r","description":"Kert\u00e9szet \u00e9s Kert \u00e9s Park\u00e9p\u00edt\u00e9s","publisher":{"@id":"https:\/\/sylvangardens.hu\/#\/schema\/person\/1fb5e92265f56336b510365bfdcff060"},"alternateName":"VKM","potentialAction":[{"@type":"SearchAction","target":{"@type":"EntryPoint","urlTemplate":"https:\/\/sylvangardens.hu\/?s={search_term_string}"},"query-input":{"@type":"PropertyValueSpecification","valueRequired":true,"valueName":"search_term_string"}}],"inLanguage":"hu"},{"@type":["Person","Organization"],"@id":"https:\/\/sylvangardens.hu\/#\/schema\/person\/1fb5e92265f56336b510365bfdcff060","name":"Varga Rich\u00e1rd","image":{"@type":"ImageObject","inLanguage":"hu","@id":"https:\/\/sylvangardens.hu\/wp-content\/uploads\/2024\/01\/cropped-Logo-hands-on1600x800.png","url":"https:\/\/sylvangardens.hu\/wp-content\/uploads\/2024\/01\/cropped-Logo-hands-on1600x800.png","contentUrl":"https:\/\/sylvangardens.hu\/wp-content\/uploads\/2024\/01\/cropped-Logo-hands-on1600x800.png","width":240,"height":148,"caption":"Varga Rich\u00e1rd"},"logo":{"@id":"https:\/\/sylvangardens.hu\/wp-content\/uploads\/2024\/01\/cropped-Logo-hands-on1600x800.png"},"sameAs":["https:\/\/sylvangardens.hu","https:\/\/www.facebook.com\/VargaKertMor"]}]}},"_links":{"self":[{"href":"https:\/\/sylvangardens.hu\/index.php?rest_route=\/wp\/v2\/product\/480","targetHints":{"allow":["GET"]}}],"collection":[{"href":"https:\/\/sylvangardens.hu\/index.php?rest_route=\/wp\/v2\/product"}],"about":[{"href":"https:\/\/sylvangardens.hu\/index.php?rest_route=\/wp\/v2\/types\/product"}],"replies":[{"embeddable":true,"href":"https:\/\/sylvangardens.hu\/index.php?rest_route=%2Fwp%2Fv2%2Fcomments&post=480"}],"wp:featuredmedia":[{"embeddable":true,"href":"https:\/\/sylvangardens.hu\/index.php?rest_route=\/wp\/v2\/media\/483"}],"wp:attachment":[{"href":"https:\/\/sylvangardens.hu\/index.php?rest_route=%2Fwp%2Fv2%2Fmedia&parent=480"}],"wp:term":[{"taxonomy":"product_brand","embeddable":true,"href":"https:\/\/sylvangardens.hu\/index.php?rest_route=%2Fwp%2Fv2%2Fproduct_brand&post=480"},{"taxonomy":"product_cat","embeddable":true,"href":"https:\/\/sylvangardens.hu\/index.php?rest_route=%2Fwp%2Fv2%2Fproduct_cat&post=480"},{"taxonomy":"product_tag","embeddable":true,"href":"https:\/\/sylvangardens.hu\/index.php?rest_route=%2Fwp%2Fv2%2Fproduct_tag&post=480"}],"curies":[{"name":"wp","href":"https:\/\/api.w.org\/{rel}","templated":true}]}}