{"id":447,"date":"2024-02-01T09:48:54","date_gmt":"2024-02-01T08:48:54","guid":{"rendered":"https:\/\/sylvangardens.hu\/?post_type=product&#038;p=447"},"modified":"2024-02-03T13:44:55","modified_gmt":"2024-02-03T12:44:55","slug":"ararny-leylandii-x-cupressocyparis-leylandii-castlewellan-gold","status":"publish","type":"product","link":"https:\/\/sylvangardens.hu\/?product=ararny-leylandii-x-cupressocyparis-leylandii-castlewellan-gold","title":{"rendered":"Ararny Leylandii &#8211; x Cupressocyparis leylandii &#8216;Castlewellan Gold&#8217;"},"content":{"rendered":"","protected":false},"excerpt":{"rendered":"<p>Az Arany Leylandi Ciprus (x Cupressocyparis leylandii &#8216;Castlewellan Gold&#8217;) egy gyors n\u00f6veked\u00e9s\u0171 \u00f6r\u00f6kz\u00f6ld ciprusf\u00e9le, mely kaphat\u00f3 a VargaKertM\u00f3r kert\u00e9szeti web\u00e1ruh\u00e1zban. Az al\u00e1bbiakban megtal\u00e1lhat\u00f3k a n\u00f6v\u00e9ny f\u0151bb jellemz\u0151i:<br \/><strong>T\u00e9l\u00e1ll\u00f3s\u00e1gi Z\u00f3na:<\/strong> 6-10 t\u00e9l\u00e1ll\u00f3s\u00e1gi z\u00f3na k\u00f6z\u00f6tt ide\u00e1lis, teh\u00e1t enyh\u00e9bb \u00e9s m\u00e9rs\u00e9kelt \u00e9ghajlaton j\u00f3l prosper\u00e1l.<br \/><strong>Vir\u00e1gz\u00e1s Ideje:<\/strong> Az Arany Leylandi Ciprus nem vir\u00e1gzik, a d\u00edszes arany-z\u00f6ld lombja az \u00e9v b\u00e1rmely szakasz\u00e1ban k\u00fcl\u00f6nlegess\u00e9 teszi.<br \/><strong>Vir\u00e1g Sz\u00edne:<\/strong> Nincs vir\u00e1gz\u00e1sa, de a lombozat aranys\u00e1rga sz\u00edn\u00e9vel rendk\u00edv\u00fcl dekorat\u00edv.<br \/><strong>\u00c9retts\u00e9gi Magass\u00e1g:<\/strong> \u00c1ltal\u00e1ban 4-6 m\u00e9ter magasra n\u0151, \u00edgy ide\u00e1lis v\u00e1laszt\u00e1s lehet szolitern\u00f6v\u00e9nyk\u00e9nt vagy s\u00f6v\u00e9nyk\u00e9nt.<br \/><strong>Sz\u00e9less\u00e9g:<\/strong> Terjedelmes n\u00f6veked\u00e9se miatt k\u00f6r\u00fclbel\u00fcl 2-3 m\u00e9ter sz\u00e9les teret fog elfoglalni.<br \/><strong>Napf\u00e9ny Expoz\u00edci\u00f3:<\/strong> Az Arany Leylandi Ciprus teljes napf\u00e9nyt kedvel, de j\u00f3l t\u0171ri a r\u00e9szleges \u00e1rny\u00e9kot is.<br \/><strong>\u00c1pol\u00e1s \u00e9s Metsz\u00e9s:<\/strong> A n\u00f6v\u00e9ny rendszeres metsz\u00e9st ig\u00e9nyel a k\u00edv\u00e1nt form\u00e1j\u00e1nak \u00e9s s\u0171r\u0171s\u00e9g\u00e9nek meg\u0151rz\u00e9se \u00e9rdek\u00e9ben. A fiatal hajt\u00e1sok v\u00e1g\u00e1sa seg\u00edti az \u00e1gak el\u00e1gaz\u00e1s\u00e1t.<br \/><strong>Talaj:<\/strong> J\u00f3l alkalmazkodik a k\u00fcl\u00f6nb\u00f6z\u0151 talajokhoz, de a j\u00f3 v\u00edzelvezet\u00e9s\u0171 \u00e9s enyh\u00e9n savas vagy semleges talajokat r\u00e9szes\u00edti el\u0151nyben.<br \/><strong>\u00d6nt\u00f6z\u00e9s:<\/strong> Az Arany Leylandi Ciprus m\u00e9rs\u00e9kelt v\u00edzig\u00e9ny\u0171, de rendszeres \u00f6nt\u00f6z\u00e9s sz\u00fcks\u00e9ges, k\u00fcl\u00f6n\u00f6sen az \u00fcltet\u00e9st k\u00f6vet\u0151 els\u0151 \u00e9vekben.<br \/><strong>Betegs\u00e9gek \u00e9s K\u00e1rtev\u0151k:<\/strong> \u00c1ltal\u00e1ban ellen\u00e1ll\u00f3 a betegs\u00e9gekkel \u00e9s k\u00e1rtev\u0151kkel szemben, de \u00e9rdemes figyelni a t\u00falzott nedvess\u00e9get, mely gomb\u00e1s megbeteged\u00e9seket okozhat.<br \/><strong>\u00dcltet\u00e9si T\u00e1vols\u00e1g:<\/strong> Aj\u00e1nlott \u00fcltet\u00e9si t\u00e1vols\u00e1g s\u00f6v\u00e9nyk\u00e9nt val\u00f3 telep\u00edt\u00e9s eset\u00e9n 40-60 cm k\u00f6z\u00f6tt legyen.<br \/>Az Arany Leylandi Ciprus egy gyorsan n\u00f6v\u0151, d\u00edszes ciprus, mely fokozza kertje sz\u00e9ps\u00e9g\u00e9t. Rendelje meg most a VargaKertM\u00f3r kert\u00e9szeti web\u00e1ruh\u00e1z\u00e1b\u00f3l, \u00e9s hozza el otthon\u00e1ba a &#8216;Castlewellan Gold&#8217; kert\u00e9szeti eleganci\u00e1j\u00e1t!<\/p>\n","protected":false},"featured_media":450,"comment_status":"open","ping_status":"closed","template":"","meta":[],"product_brand":[],"product_cat":[131,114,116,21],"product_tag":[40,27,26],"class_list":{"0":"post-447","1":"product","2":"type-product","3":"status-publish","4":"has-post-thumbnail","6":"product_cat-ciprus","7":"product_cat-diszfak","8":"product_cat-diszfak-es-cserjek","9":"product_cat-osszes","10":"product_tag-ellenallo","11":"product_tag-orokzold","12":"product_tag-soveny","13":"product_shipping_class-gls-l-csomag","15":"first","16":"instock","17":"purchasable","18":"product-type-variable","19":"has-default-attributes"},"yoast_head":"<!-- This site is optimized with the Yoast SEO plugin v27.4 - https:\/\/yoast.com\/product\/yoast-seo-wordpress\/ -->\n<title>Ararny Leylandii - x Cupressocyparis leylandii &#039;Castlewellan Gold&#039; - VargaKertM\u00f3r<\/title>\n<meta name=\"robots\" content=\"index, follow, max-snippet:-1, max-image-preview:large, max-video-preview:-1\" \/>\n<link rel=\"canonical\" href=\"https:\/\/sylvangardens.hu\/?product=ararny-leylandii-x-cupressocyparis-leylandii-castlewellan-gold\" \/>\n<meta property=\"og:locale\" content=\"hu_HU\" \/>\n<meta property=\"og:type\" content=\"article\" \/>\n<meta property=\"og:title\" content=\"Ararny Leylandii - x Cupressocyparis leylandii &#039;Castlewellan Gold&#039; - VargaKertM\u00f3r\" \/>\n<meta property=\"og:description\" content=\"Az Arany Leylandi Ciprus (x Cupressocyparis leylandii &#039;Castlewellan Gold&#039;) egy gyors n\u00f6veked\u00e9s\u0171 \u00f6r\u00f6kz\u00f6ld ciprusf\u00e9le, mely kaphat\u00f3 a VargaKertM\u00f3r kert\u00e9szeti web\u00e1ruh\u00e1zban. Az al\u00e1bbiakban megtal\u00e1lhat\u00f3k a n\u00f6v\u00e9ny f\u0151bb jellemz\u0151i:T\u00e9l\u00e1ll\u00f3s\u00e1gi Z\u00f3na: 6-10 t\u00e9l\u00e1ll\u00f3s\u00e1gi z\u00f3na k\u00f6z\u00f6tt ide\u00e1lis, teh\u00e1t enyh\u00e9bb \u00e9s m\u00e9rs\u00e9kelt \u00e9ghajlaton j\u00f3l prosper\u00e1l.Vir\u00e1gz\u00e1s Ideje: Az Arany Leylandi Ciprus nem vir\u00e1gzik, a d\u00edszes arany-z\u00f6ld lombja az \u00e9v b\u00e1rmely szakasz\u00e1ban k\u00fcl\u00f6nlegess\u00e9 teszi.Vir\u00e1g Sz\u00edne: Nincs vir\u00e1gz\u00e1sa, de a lombozat aranys\u00e1rga sz\u00edn\u00e9vel rendk\u00edv\u00fcl dekorat\u00edv.\u00c9retts\u00e9gi Magass\u00e1g: \u00c1ltal\u00e1ban 4-6 m\u00e9ter magasra n\u0151, \u00edgy ide\u00e1lis v\u00e1laszt\u00e1s lehet szolitern\u00f6v\u00e9nyk\u00e9nt vagy s\u00f6v\u00e9nyk\u00e9nt.Sz\u00e9less\u00e9g: Terjedelmes n\u00f6veked\u00e9se miatt k\u00f6r\u00fclbel\u00fcl 2-3 m\u00e9ter sz\u00e9les teret fog elfoglalni.Napf\u00e9ny Expoz\u00edci\u00f3: Az Arany Leylandi Ciprus teljes napf\u00e9nyt kedvel, de j\u00f3l t\u0171ri a r\u00e9szleges \u00e1rny\u00e9kot is.\u00c1pol\u00e1s \u00e9s Metsz\u00e9s: A n\u00f6v\u00e9ny rendszeres metsz\u00e9st ig\u00e9nyel a k\u00edv\u00e1nt form\u00e1j\u00e1nak \u00e9s s\u0171r\u0171s\u00e9g\u00e9nek meg\u0151rz\u00e9se \u00e9rdek\u00e9ben. A fiatal hajt\u00e1sok v\u00e1g\u00e1sa seg\u00edti az \u00e1gak el\u00e1gaz\u00e1s\u00e1t.Talaj: J\u00f3l alkalmazkodik a k\u00fcl\u00f6nb\u00f6z\u0151 talajokhoz, de a j\u00f3 v\u00edzelvezet\u00e9s\u0171 \u00e9s enyh\u00e9n savas vagy semleges talajokat r\u00e9szes\u00edti el\u0151nyben.\u00d6nt\u00f6z\u00e9s: Az Arany Leylandi Ciprus m\u00e9rs\u00e9kelt v\u00edzig\u00e9ny\u0171, de rendszeres \u00f6nt\u00f6z\u00e9s sz\u00fcks\u00e9ges, k\u00fcl\u00f6n\u00f6sen az \u00fcltet\u00e9st k\u00f6vet\u0151 els\u0151 \u00e9vekben.Betegs\u00e9gek \u00e9s K\u00e1rtev\u0151k: \u00c1ltal\u00e1ban ellen\u00e1ll\u00f3 a betegs\u00e9gekkel \u00e9s k\u00e1rtev\u0151kkel szemben, de \u00e9rdemes figyelni a t\u00falzott nedvess\u00e9get, mely gomb\u00e1s megbeteged\u00e9seket okozhat.\u00dcltet\u00e9si T\u00e1vols\u00e1g: Aj\u00e1nlott \u00fcltet\u00e9si t\u00e1vols\u00e1g s\u00f6v\u00e9nyk\u00e9nt val\u00f3 telep\u00edt\u00e9s eset\u00e9n 40-60 cm k\u00f6z\u00f6tt legyen.Az Arany Leylandi Ciprus egy gyorsan n\u00f6v\u0151, d\u00edszes ciprus, mely fokozza kertje sz\u00e9ps\u00e9g\u00e9t. Rendelje meg most a VargaKertM\u00f3r kert\u00e9szeti web\u00e1ruh\u00e1z\u00e1b\u00f3l, \u00e9s hozza el otthon\u00e1ba a &#039;Castlewellan Gold&#039; kert\u00e9szeti eleganci\u00e1j\u00e1t!\" \/>\n<meta property=\"og:url\" content=\"https:\/\/sylvangardens.hu\/?product=ararny-leylandii-x-cupressocyparis-leylandii-castlewellan-gold\" \/>\n<meta property=\"og:site_name\" content=\"VargaKertM\u00f3r\" \/>\n<meta property=\"article:publisher\" content=\"https:\/\/www.facebook.com\/VargaKertMor\" \/>\n<meta property=\"article:modified_time\" content=\"2024-02-03T12:44:55+00:00\" \/>\n<meta property=\"og:image\" content=\"https:\/\/sylvangardens.hu\/wp-content\/uploads\/2024\/02\/cupressocyparis-leylandii-castewellan-gold.jpg\" \/>\n\t<meta property=\"og:image:width\" content=\"800\" \/>\n\t<meta property=\"og:image:height\" content=\"800\" \/>\n\t<meta property=\"og:image:type\" content=\"image\/jpeg\" \/>\n<meta name=\"twitter:card\" content=\"summary_large_image\" \/>\n<script type=\"application\/ld+json\" class=\"yoast-schema-graph\">{\"@context\":\"https:\\\/\\\/schema.org\",\"@graph\":[{\"@type\":\"WebPage\",\"@id\":\"https:\\\/\\\/sylvangardens.hu\\\/?product=ararny-leylandii-x-cupressocyparis-leylandii-castlewellan-gold\",\"url\":\"https:\\\/\\\/sylvangardens.hu\\\/?product=ararny-leylandii-x-cupressocyparis-leylandii-castlewellan-gold\",\"name\":\"Ararny Leylandii - x Cupressocyparis leylandii 'Castlewellan Gold' - VargaKertM\u00f3r\",\"isPartOf\":{\"@id\":\"https:\\\/\\\/sylvangardens.hu\\\/#website\"},\"primaryImageOfPage\":{\"@id\":\"https:\\\/\\\/sylvangardens.hu\\\/?product=ararny-leylandii-x-cupressocyparis-leylandii-castlewellan-gold#primaryimage\"},\"image\":{\"@id\":\"https:\\\/\\\/sylvangardens.hu\\\/?product=ararny-leylandii-x-cupressocyparis-leylandii-castlewellan-gold#primaryimage\"},\"thumbnailUrl\":\"https:\\\/\\\/sylvangardens.hu\\\/wp-content\\\/uploads\\\/2024\\\/02\\\/cupressocyparis-leylandii-castewellan-gold.jpg\",\"datePublished\":\"2024-02-01T08:48:54+00:00\",\"dateModified\":\"2024-02-03T12:44:55+00:00\",\"breadcrumb\":{\"@id\":\"https:\\\/\\\/sylvangardens.hu\\\/?product=ararny-leylandii-x-cupressocyparis-leylandii-castlewellan-gold#breadcrumb\"},\"inLanguage\":\"hu\",\"potentialAction\":[{\"@type\":\"ReadAction\",\"target\":[\"https:\\\/\\\/sylvangardens.hu\\\/?product=ararny-leylandii-x-cupressocyparis-leylandii-castlewellan-gold\"]}]},{\"@type\":\"ImageObject\",\"inLanguage\":\"hu\",\"@id\":\"https:\\\/\\\/sylvangardens.hu\\\/?product=ararny-leylandii-x-cupressocyparis-leylandii-castlewellan-gold#primaryimage\",\"url\":\"https:\\\/\\\/sylvangardens.hu\\\/wp-content\\\/uploads\\\/2024\\\/02\\\/cupressocyparis-leylandii-castewellan-gold.jpg\",\"contentUrl\":\"https:\\\/\\\/sylvangardens.hu\\\/wp-content\\\/uploads\\\/2024\\\/02\\\/cupressocyparis-leylandii-castewellan-gold.jpg\",\"width\":800,\"height\":800},{\"@type\":\"BreadcrumbList\",\"@id\":\"https:\\\/\\\/sylvangardens.hu\\\/?product=ararny-leylandii-x-cupressocyparis-leylandii-castlewellan-gold#breadcrumb\",\"itemListElement\":[{\"@type\":\"ListItem\",\"position\":1,\"name\":\"Kezd\u0151lap\",\"item\":\"https:\\\/\\\/sylvangardens.hu\\\/\"},{\"@type\":\"ListItem\",\"position\":2,\"name\":\"Ararny Leylandii &#8211; x Cupressocyparis leylandii &#8216;Castlewellan Gold&#8217;\"}]},{\"@type\":\"WebSite\",\"@id\":\"https:\\\/\\\/sylvangardens.hu\\\/#website\",\"url\":\"https:\\\/\\\/sylvangardens.hu\\\/\",\"name\":\"VargaKertM\u00f3r\",\"description\":\"Kert\u00e9szet \u00e9s Kert \u00e9s Park\u00e9p\u00edt\u00e9s\",\"publisher\":{\"@id\":\"https:\\\/\\\/sylvangardens.hu\\\/#\\\/schema\\\/person\\\/1fb5e92265f56336b510365bfdcff060\"},\"alternateName\":\"VKM\",\"potentialAction\":[{\"@type\":\"SearchAction\",\"target\":{\"@type\":\"EntryPoint\",\"urlTemplate\":\"https:\\\/\\\/sylvangardens.hu\\\/?s={search_term_string}\"},\"query-input\":{\"@type\":\"PropertyValueSpecification\",\"valueRequired\":true,\"valueName\":\"search_term_string\"}}],\"inLanguage\":\"hu\"},{\"@type\":[\"Person\",\"Organization\"],\"@id\":\"https:\\\/\\\/sylvangardens.hu\\\/#\\\/schema\\\/person\\\/1fb5e92265f56336b510365bfdcff060\",\"name\":\"Varga Rich\u00e1rd\",\"image\":{\"@type\":\"ImageObject\",\"inLanguage\":\"hu\",\"@id\":\"https:\\\/\\\/sylvangardens.hu\\\/wp-content\\\/uploads\\\/2024\\\/01\\\/cropped-Logo-hands-on1600x800.png\",\"url\":\"https:\\\/\\\/sylvangardens.hu\\\/wp-content\\\/uploads\\\/2024\\\/01\\\/cropped-Logo-hands-on1600x800.png\",\"contentUrl\":\"https:\\\/\\\/sylvangardens.hu\\\/wp-content\\\/uploads\\\/2024\\\/01\\\/cropped-Logo-hands-on1600x800.png\",\"width\":240,\"height\":148,\"caption\":\"Varga Rich\u00e1rd\"},\"logo\":{\"@id\":\"https:\\\/\\\/sylvangardens.hu\\\/wp-content\\\/uploads\\\/2024\\\/01\\\/cropped-Logo-hands-on1600x800.png\"},\"sameAs\":[\"https:\\\/\\\/sylvangardens.hu\",\"https:\\\/\\\/www.facebook.com\\\/VargaKertMor\"]}]}<\/script>\n<!-- \/ Yoast SEO plugin. -->","yoast_head_json":{"title":"Ararny Leylandii - x Cupressocyparis leylandii 'Castlewellan Gold' - VargaKertM\u00f3r","robots":{"index":"index","follow":"follow","max-snippet":"max-snippet:-1","max-image-preview":"max-image-preview:large","max-video-preview":"max-video-preview:-1"},"canonical":"https:\/\/sylvangardens.hu\/?product=ararny-leylandii-x-cupressocyparis-leylandii-castlewellan-gold","og_locale":"hu_HU","og_type":"article","og_title":"Ararny Leylandii - x Cupressocyparis leylandii 'Castlewellan Gold' - VargaKertM\u00f3r","og_description":"Az Arany Leylandi Ciprus (x Cupressocyparis leylandii 'Castlewellan Gold') egy gyors n\u00f6veked\u00e9s\u0171 \u00f6r\u00f6kz\u00f6ld ciprusf\u00e9le, mely kaphat\u00f3 a VargaKertM\u00f3r kert\u00e9szeti web\u00e1ruh\u00e1zban. Az al\u00e1bbiakban megtal\u00e1lhat\u00f3k a n\u00f6v\u00e9ny f\u0151bb jellemz\u0151i:T\u00e9l\u00e1ll\u00f3s\u00e1gi Z\u00f3na: 6-10 t\u00e9l\u00e1ll\u00f3s\u00e1gi z\u00f3na k\u00f6z\u00f6tt ide\u00e1lis, teh\u00e1t enyh\u00e9bb \u00e9s m\u00e9rs\u00e9kelt \u00e9ghajlaton j\u00f3l prosper\u00e1l.Vir\u00e1gz\u00e1s Ideje: Az Arany Leylandi Ciprus nem vir\u00e1gzik, a d\u00edszes arany-z\u00f6ld lombja az \u00e9v b\u00e1rmely szakasz\u00e1ban k\u00fcl\u00f6nlegess\u00e9 teszi.Vir\u00e1g Sz\u00edne: Nincs vir\u00e1gz\u00e1sa, de a lombozat aranys\u00e1rga sz\u00edn\u00e9vel rendk\u00edv\u00fcl dekorat\u00edv.\u00c9retts\u00e9gi Magass\u00e1g: \u00c1ltal\u00e1ban 4-6 m\u00e9ter magasra n\u0151, \u00edgy ide\u00e1lis v\u00e1laszt\u00e1s lehet szolitern\u00f6v\u00e9nyk\u00e9nt vagy s\u00f6v\u00e9nyk\u00e9nt.Sz\u00e9less\u00e9g: Terjedelmes n\u00f6veked\u00e9se miatt k\u00f6r\u00fclbel\u00fcl 2-3 m\u00e9ter sz\u00e9les teret fog elfoglalni.Napf\u00e9ny Expoz\u00edci\u00f3: Az Arany Leylandi Ciprus teljes napf\u00e9nyt kedvel, de j\u00f3l t\u0171ri a r\u00e9szleges \u00e1rny\u00e9kot is.\u00c1pol\u00e1s \u00e9s Metsz\u00e9s: A n\u00f6v\u00e9ny rendszeres metsz\u00e9st ig\u00e9nyel a k\u00edv\u00e1nt form\u00e1j\u00e1nak \u00e9s s\u0171r\u0171s\u00e9g\u00e9nek meg\u0151rz\u00e9se \u00e9rdek\u00e9ben. A fiatal hajt\u00e1sok v\u00e1g\u00e1sa seg\u00edti az \u00e1gak el\u00e1gaz\u00e1s\u00e1t.Talaj: J\u00f3l alkalmazkodik a k\u00fcl\u00f6nb\u00f6z\u0151 talajokhoz, de a j\u00f3 v\u00edzelvezet\u00e9s\u0171 \u00e9s enyh\u00e9n savas vagy semleges talajokat r\u00e9szes\u00edti el\u0151nyben.\u00d6nt\u00f6z\u00e9s: Az Arany Leylandi Ciprus m\u00e9rs\u00e9kelt v\u00edzig\u00e9ny\u0171, de rendszeres \u00f6nt\u00f6z\u00e9s sz\u00fcks\u00e9ges, k\u00fcl\u00f6n\u00f6sen az \u00fcltet\u00e9st k\u00f6vet\u0151 els\u0151 \u00e9vekben.Betegs\u00e9gek \u00e9s K\u00e1rtev\u0151k: \u00c1ltal\u00e1ban ellen\u00e1ll\u00f3 a betegs\u00e9gekkel \u00e9s k\u00e1rtev\u0151kkel szemben, de \u00e9rdemes figyelni a t\u00falzott nedvess\u00e9get, mely gomb\u00e1s megbeteged\u00e9seket okozhat.\u00dcltet\u00e9si T\u00e1vols\u00e1g: Aj\u00e1nlott \u00fcltet\u00e9si t\u00e1vols\u00e1g s\u00f6v\u00e9nyk\u00e9nt val\u00f3 telep\u00edt\u00e9s eset\u00e9n 40-60 cm k\u00f6z\u00f6tt legyen.Az Arany Leylandi Ciprus egy gyorsan n\u00f6v\u0151, d\u00edszes ciprus, mely fokozza kertje sz\u00e9ps\u00e9g\u00e9t. Rendelje meg most a VargaKertM\u00f3r kert\u00e9szeti web\u00e1ruh\u00e1z\u00e1b\u00f3l, \u00e9s hozza el otthon\u00e1ba a 'Castlewellan Gold' kert\u00e9szeti eleganci\u00e1j\u00e1t!","og_url":"https:\/\/sylvangardens.hu\/?product=ararny-leylandii-x-cupressocyparis-leylandii-castlewellan-gold","og_site_name":"VargaKertM\u00f3r","article_publisher":"https:\/\/www.facebook.com\/VargaKertMor","article_modified_time":"2024-02-03T12:44:55+00:00","og_image":[{"width":800,"height":800,"url":"https:\/\/sylvangardens.hu\/wp-content\/uploads\/2024\/02\/cupressocyparis-leylandii-castewellan-gold.jpg","type":"image\/jpeg"}],"twitter_card":"summary_large_image","schema":{"@context":"https:\/\/schema.org","@graph":[{"@type":"WebPage","@id":"https:\/\/sylvangardens.hu\/?product=ararny-leylandii-x-cupressocyparis-leylandii-castlewellan-gold","url":"https:\/\/sylvangardens.hu\/?product=ararny-leylandii-x-cupressocyparis-leylandii-castlewellan-gold","name":"Ararny Leylandii - x Cupressocyparis leylandii 'Castlewellan Gold' - VargaKertM\u00f3r","isPartOf":{"@id":"https:\/\/sylvangardens.hu\/#website"},"primaryImageOfPage":{"@id":"https:\/\/sylvangardens.hu\/?product=ararny-leylandii-x-cupressocyparis-leylandii-castlewellan-gold#primaryimage"},"image":{"@id":"https:\/\/sylvangardens.hu\/?product=ararny-leylandii-x-cupressocyparis-leylandii-castlewellan-gold#primaryimage"},"thumbnailUrl":"https:\/\/sylvangardens.hu\/wp-content\/uploads\/2024\/02\/cupressocyparis-leylandii-castewellan-gold.jpg","datePublished":"2024-02-01T08:48:54+00:00","dateModified":"2024-02-03T12:44:55+00:00","breadcrumb":{"@id":"https:\/\/sylvangardens.hu\/?product=ararny-leylandii-x-cupressocyparis-leylandii-castlewellan-gold#breadcrumb"},"inLanguage":"hu","potentialAction":[{"@type":"ReadAction","target":["https:\/\/sylvangardens.hu\/?product=ararny-leylandii-x-cupressocyparis-leylandii-castlewellan-gold"]}]},{"@type":"ImageObject","inLanguage":"hu","@id":"https:\/\/sylvangardens.hu\/?product=ararny-leylandii-x-cupressocyparis-leylandii-castlewellan-gold#primaryimage","url":"https:\/\/sylvangardens.hu\/wp-content\/uploads\/2024\/02\/cupressocyparis-leylandii-castewellan-gold.jpg","contentUrl":"https:\/\/sylvangardens.hu\/wp-content\/uploads\/2024\/02\/cupressocyparis-leylandii-castewellan-gold.jpg","width":800,"height":800},{"@type":"BreadcrumbList","@id":"https:\/\/sylvangardens.hu\/?product=ararny-leylandii-x-cupressocyparis-leylandii-castlewellan-gold#breadcrumb","itemListElement":[{"@type":"ListItem","position":1,"name":"Kezd\u0151lap","item":"https:\/\/sylvangardens.hu\/"},{"@type":"ListItem","position":2,"name":"Ararny Leylandii &#8211; x Cupressocyparis leylandii &#8216;Castlewellan Gold&#8217;"}]},{"@type":"WebSite","@id":"https:\/\/sylvangardens.hu\/#website","url":"https:\/\/sylvangardens.hu\/","name":"VargaKertM\u00f3r","description":"Kert\u00e9szet \u00e9s Kert \u00e9s Park\u00e9p\u00edt\u00e9s","publisher":{"@id":"https:\/\/sylvangardens.hu\/#\/schema\/person\/1fb5e92265f56336b510365bfdcff060"},"alternateName":"VKM","potentialAction":[{"@type":"SearchAction","target":{"@type":"EntryPoint","urlTemplate":"https:\/\/sylvangardens.hu\/?s={search_term_string}"},"query-input":{"@type":"PropertyValueSpecification","valueRequired":true,"valueName":"search_term_string"}}],"inLanguage":"hu"},{"@type":["Person","Organization"],"@id":"https:\/\/sylvangardens.hu\/#\/schema\/person\/1fb5e92265f56336b510365bfdcff060","name":"Varga Rich\u00e1rd","image":{"@type":"ImageObject","inLanguage":"hu","@id":"https:\/\/sylvangardens.hu\/wp-content\/uploads\/2024\/01\/cropped-Logo-hands-on1600x800.png","url":"https:\/\/sylvangardens.hu\/wp-content\/uploads\/2024\/01\/cropped-Logo-hands-on1600x800.png","contentUrl":"https:\/\/sylvangardens.hu\/wp-content\/uploads\/2024\/01\/cropped-Logo-hands-on1600x800.png","width":240,"height":148,"caption":"Varga Rich\u00e1rd"},"logo":{"@id":"https:\/\/sylvangardens.hu\/wp-content\/uploads\/2024\/01\/cropped-Logo-hands-on1600x800.png"},"sameAs":["https:\/\/sylvangardens.hu","https:\/\/www.facebook.com\/VargaKertMor"]}]}},"_links":{"self":[{"href":"https:\/\/sylvangardens.hu\/index.php?rest_route=\/wp\/v2\/product\/447","targetHints":{"allow":["GET"]}}],"collection":[{"href":"https:\/\/sylvangardens.hu\/index.php?rest_route=\/wp\/v2\/product"}],"about":[{"href":"https:\/\/sylvangardens.hu\/index.php?rest_route=\/wp\/v2\/types\/product"}],"replies":[{"embeddable":true,"href":"https:\/\/sylvangardens.hu\/index.php?rest_route=%2Fwp%2Fv2%2Fcomments&post=447"}],"wp:featuredmedia":[{"embeddable":true,"href":"https:\/\/sylvangardens.hu\/index.php?rest_route=\/wp\/v2\/media\/450"}],"wp:attachment":[{"href":"https:\/\/sylvangardens.hu\/index.php?rest_route=%2Fwp%2Fv2%2Fmedia&parent=447"}],"wp:term":[{"taxonomy":"product_brand","embeddable":true,"href":"https:\/\/sylvangardens.hu\/index.php?rest_route=%2Fwp%2Fv2%2Fproduct_brand&post=447"},{"taxonomy":"product_cat","embeddable":true,"href":"https:\/\/sylvangardens.hu\/index.php?rest_route=%2Fwp%2Fv2%2Fproduct_cat&post=447"},{"taxonomy":"product_tag","embeddable":true,"href":"https:\/\/sylvangardens.hu\/index.php?rest_route=%2Fwp%2Fv2%2Fproduct_tag&post=447"}],"curies":[{"name":"wp","href":"https:\/\/api.w.org\/{rel}","templated":true}]}}