{"id":425,"date":"2024-01-31T14:06:30","date_gmt":"2024-01-31T13:06:30","guid":{"rendered":"https:\/\/sylvangardens.hu\/?post_type=product&#038;p=425"},"modified":"2024-02-03T13:45:25","modified_gmt":"2024-02-03T12:45:25","slug":"teli-bangita-viburnum-tinus-gwenlian","status":"publish","type":"product","link":"https:\/\/sylvangardens.hu\/?product=teli-bangita-viburnum-tinus-gwenlian","title":{"rendered":"T\u00e9li Bangita &#8211; Viburnum tinus &#8216;Gwenlian&#8217;"},"content":{"rendered":"<p>A Gwenlian \u00a0T\u00e9li Bangita \u00a0(Viburnum tinus &#8216;Gwenlian&#8217;) egy lombhullat\u00f3 \u00f6r\u00f6kz\u00f6ld cserje, mely kaphat\u00f3 a VargaKertM\u00f3r kert\u00e9szeti web\u00e1ruh\u00e1zban. Az al\u00e1bbiakban megtal\u00e1lhat\u00f3k a n\u00f6v\u00e9ny f\u0151bb jellemz\u0151i:<br \/><strong>T\u00e9l\u00e1ll\u00f3s\u00e1gi Z\u00f3na:<\/strong> 7-11 t\u00e9l\u00e1ll\u00f3s\u00e1gi z\u00f3na k\u00f6z\u00f6tt ide\u00e1lis, teh\u00e1t melegebb \u00e9ghajlati viszonyok k\u00f6z\u00f6tt j\u00f3l prosper\u00e1l.<br \/><strong>Vir\u00e1gz\u00e1s Ideje:<\/strong> A Gwenlian \u00a0T\u00e9li Bangita \u00a0t\u00e9len \u00e9s tavasszal is vir\u00e1gzik, \u00e1ltal\u00e1ban december \u00e9s \u00e1prilis k\u00f6z\u00f6tt. A vir\u00e1gok kis, r\u00f3zsasz\u00edn vagy feh\u00e9r sz\u00edn\u0171ek, ami k\u00fcl\u00f6nleges l\u00e1tv\u00e1nyt ny\u00fajt.<br \/><strong>Vir\u00e1g Sz\u00edne:<\/strong> R\u00f3zsasz\u00edn vagy feh\u00e9r, a t\u00e9li h\u00f3napokban, amikor kev\u00e9s vir\u00e1gz\u00f3 n\u00f6v\u00e9ny van.<br \/><strong>\u00c9retts\u00e9gi Magass\u00e1g:<\/strong> \u00c1ltal\u00e1ban 2-3 m\u00e9ter magasra n\u0151, \u00edgy ide\u00e1lis v\u00e1laszt\u00e1s lehet s\u00f6v\u00e9nyk\u00e9nt vagy szolitern\u00f6v\u00e9nyk\u00e9nt.<br \/><strong>Sz\u00e9less\u00e9g:<\/strong> Terjedelmes n\u00f6veked\u00e9se miatt k\u00f6r\u00fclbel\u00fcl 2-3 m\u00e9ter sz\u00e9les teret fog elfoglalni.<br \/><strong>Napf\u00e9ny Expoz\u00edci\u00f3:<\/strong> A Gwenlian \u00a0T\u00e9li Bangita \u00a0r\u00e9szleges \u00e1rny\u00e9kot vagy teljes napf\u00e9nyt kedvel, \u00edgy v\u00e1ltozatos k\u00f6rnyezetben is j\u00f3l \u00e9rzi mag\u00e1t.<br \/><strong>\u00c1pol\u00e1s \u00e9s Metsz\u00e9s:<\/strong> A n\u00f6v\u00e9ny k\u00f6nnyen kezelhet\u0151, \u00e9s rendszeres metsz\u00e9ssel form\u00e1j\u00e1t k\u00f6nnyen karbantarthatjuk. Tavasszal c\u00e9lszer\u0171 az elhalv\u00e1nyodott vagy s\u00e9r\u00fclt \u00e1gak elt\u00e1vol\u00edt\u00e1sa.<br \/><strong>Talaj:<\/strong> J\u00f3l alkalmazkodik a k\u00fcl\u00f6nb\u00f6z\u0151 talajokhoz, de a j\u00f3 v\u00edzelvezet\u00e9s\u0171 \u00e9s t\u00e1panyagban gazdag talajokat kedveli.<br \/><strong>\u00d6nt\u00f6z\u00e9s:<\/strong> M\u00e9rs\u00e9kelt v\u00edzig\u00e9ny\u0171, de k\u00fcl\u00f6n\u00f6sen a sz\u00e1razabb id\u0151szakokban fontos a rendszeres \u00f6nt\u00f6z\u00e9s, hogy a n\u00f6v\u00e9ny eg\u00e9szs\u00e9ges \u00e9s l\u00e1tv\u00e1nyos maradjon.<br \/><strong>Betegs\u00e9gek \u00e9s K\u00e1rtev\u0151k:<\/strong> A Gwenlian \u00a0T\u00e9li Bangita \u00a0\u00e1ltal\u00e1ban ellen\u00e1ll\u00f3 a betegs\u00e9gekkel \u00e9s k\u00e1rtev\u0151kkel szemben, de rendszeres ellen\u0151rz\u00e9s aj\u00e1nlott, k\u00fcl\u00f6n\u00f6sen nedves id\u0151j\u00e1r\u00e1si k\u00f6r\u00fclm\u00e9nyek k\u00f6z\u00f6tt.<br \/><strong>\u00dcltet\u00e9si T\u00e1vols\u00e1g:<\/strong> \u00dcltessen 50-80 cm t\u00e1vols\u00e1gra a n\u00f6v\u00e9nyek k\u00f6z\u00f6tt a k\u00edv\u00e1nt s\u00f6v\u00e9nyk\u00e9pz\u00e9s \u00e9rdek\u00e9ben.<br \/>A Gwenlian \u00a0T\u00e9li Bangita \u00a0egy eleg\u00e1ns \u00e9s l\u00e1tv\u00e1nyos v\u00e1laszt\u00e1s lehet kertje sz\u00e1m\u00e1ra, k\u00fcl\u00f6n\u00f6sen t\u00e9len, amikor kev\u00e9s vir\u00e1gzik. Rendelje meg most a VargaKertM\u00f3r kert\u00e9szeti web\u00e1ruh\u00e1z\u00e1b\u00f3l, \u00e9s hozza el otthon\u00e1ba a Gwenlian \u00a0T\u00e9li Bangita \u00a0kert\u00e9szeti var\u00e1zs\u00e1t!<\/p>\n","protected":false},"excerpt":{"rendered":"<p>A Gwenlian \u00a0T\u00e9li Bangita \u00a0(Viburnum tinus &#8216;Gwenlian&#8217;) egy lombhullat\u00f3 \u00f6r\u00f6kz\u00f6ld cserje, mely kaphat\u00f3 a VargaKertM\u00f3r kert\u00e9szeti web\u00e1ruh\u00e1zban. Az al\u00e1bbiakban megtal\u00e1lhat\u00f3k a n\u00f6v\u00e9ny f\u0151bb jellemz\u0151i:T\u00e9l\u00e1ll\u00f3s\u00e1gi Z\u00f3na: 7-11 t\u00e9l\u00e1ll\u00f3s\u00e1gi z\u00f3na k\u00f6z\u00f6tt ide\u00e1lis, teh\u00e1t melegebb \u00e9ghajlati viszonyok k\u00f6z\u00f6tt j\u00f3l prosper\u00e1l.Vir\u00e1gz\u00e1s Ideje: A Gwenlian \u00a0T\u00e9li Bangita \u00a0t\u00e9len \u00e9s tavasszal is vir\u00e1gzik, \u00e1ltal\u00e1ban december \u00e9s \u00e1prilis k\u00f6z\u00f6tt. A vir\u00e1gok kis, [&hellip;]<\/p>\n","protected":false},"featured_media":427,"comment_status":"open","ping_status":"closed","template":"","meta":[],"product_brand":[],"product_cat":[130,80,116],"product_tag":[40,27,84],"class_list":{"0":"post-425","1":"product","2":"type-product","3":"status-publish","4":"has-post-thumbnail","6":"product_cat-bangita","7":"product_cat-cserje","8":"product_cat-diszfak-es-cserjek","9":"product_tag-ellenallo","10":"product_tag-orokzold","11":"product_tag-telen-viragzo","12":"product_shipping_class-gls-l-csomag","14":"first","15":"instock","16":"purchasable","17":"product-type-variable","18":"has-default-attributes"},"yoast_head":"<!-- This site is optimized with the Yoast SEO plugin v27.4 - https:\/\/yoast.com\/product\/yoast-seo-wordpress\/ -->\n<title>T\u00e9li Bangita - Viburnum tinus &#039;Gwenlian&#039; - VargaKertM\u00f3r<\/title>\n<meta name=\"robots\" content=\"index, follow, max-snippet:-1, max-image-preview:large, max-video-preview:-1\" \/>\n<link rel=\"canonical\" href=\"https:\/\/sylvangardens.hu\/?product=teli-bangita-viburnum-tinus-gwenlian\" \/>\n<meta property=\"og:locale\" content=\"hu_HU\" \/>\n<meta property=\"og:type\" content=\"article\" \/>\n<meta property=\"og:title\" content=\"T\u00e9li Bangita - Viburnum tinus &#039;Gwenlian&#039; - VargaKertM\u00f3r\" \/>\n<meta property=\"og:description\" content=\"A Gwenlian \u00a0T\u00e9li Bangita \u00a0(Viburnum tinus &#8216;Gwenlian&#8217;) egy lombhullat\u00f3 \u00f6r\u00f6kz\u00f6ld cserje, mely kaphat\u00f3 a VargaKertM\u00f3r kert\u00e9szeti web\u00e1ruh\u00e1zban. Az al\u00e1bbiakban megtal\u00e1lhat\u00f3k a n\u00f6v\u00e9ny f\u0151bb jellemz\u0151i:T\u00e9l\u00e1ll\u00f3s\u00e1gi Z\u00f3na: 7-11 t\u00e9l\u00e1ll\u00f3s\u00e1gi z\u00f3na k\u00f6z\u00f6tt ide\u00e1lis, teh\u00e1t melegebb \u00e9ghajlati viszonyok k\u00f6z\u00f6tt j\u00f3l prosper\u00e1l.Vir\u00e1gz\u00e1s Ideje: A Gwenlian \u00a0T\u00e9li Bangita \u00a0t\u00e9len \u00e9s tavasszal is vir\u00e1gzik, \u00e1ltal\u00e1ban december \u00e9s \u00e1prilis k\u00f6z\u00f6tt. A vir\u00e1gok kis, [&hellip;]\" \/>\n<meta property=\"og:url\" content=\"https:\/\/sylvangardens.hu\/?product=teli-bangita-viburnum-tinus-gwenlian\" \/>\n<meta property=\"og:site_name\" content=\"VargaKertM\u00f3r\" \/>\n<meta property=\"article:publisher\" content=\"https:\/\/www.facebook.com\/VargaKertMor\" \/>\n<meta property=\"article:modified_time\" content=\"2024-02-03T12:45:25+00:00\" \/>\n<meta property=\"og:image\" content=\"https:\/\/sylvangardens.hu\/wp-content\/uploads\/2024\/01\/viburnum_tinus_gwenllian_sneeuwbal.jpg\" \/>\n\t<meta property=\"og:image:width\" content=\"388\" \/>\n\t<meta property=\"og:image:height\" content=\"517\" \/>\n\t<meta property=\"og:image:type\" content=\"image\/jpeg\" \/>\n<meta name=\"twitter:card\" content=\"summary_large_image\" \/>\n<meta name=\"twitter:label1\" content=\"Becs\u00fclt olvas\u00e1si id\u0151\" \/>\n\t<meta name=\"twitter:data1\" content=\"2 perc\" \/>\n<script type=\"application\/ld+json\" class=\"yoast-schema-graph\">{\"@context\":\"https:\\\/\\\/schema.org\",\"@graph\":[{\"@type\":\"WebPage\",\"@id\":\"https:\\\/\\\/sylvangardens.hu\\\/?product=teli-bangita-viburnum-tinus-gwenlian\",\"url\":\"https:\\\/\\\/sylvangardens.hu\\\/?product=teli-bangita-viburnum-tinus-gwenlian\",\"name\":\"T\u00e9li Bangita - Viburnum tinus 'Gwenlian' - VargaKertM\u00f3r\",\"isPartOf\":{\"@id\":\"https:\\\/\\\/sylvangardens.hu\\\/#website\"},\"primaryImageOfPage\":{\"@id\":\"https:\\\/\\\/sylvangardens.hu\\\/?product=teli-bangita-viburnum-tinus-gwenlian#primaryimage\"},\"image\":{\"@id\":\"https:\\\/\\\/sylvangardens.hu\\\/?product=teli-bangita-viburnum-tinus-gwenlian#primaryimage\"},\"thumbnailUrl\":\"https:\\\/\\\/sylvangardens.hu\\\/wp-content\\\/uploads\\\/2024\\\/01\\\/viburnum_tinus_gwenllian_sneeuwbal.jpg\",\"datePublished\":\"2024-01-31T13:06:30+00:00\",\"dateModified\":\"2024-02-03T12:45:25+00:00\",\"breadcrumb\":{\"@id\":\"https:\\\/\\\/sylvangardens.hu\\\/?product=teli-bangita-viburnum-tinus-gwenlian#breadcrumb\"},\"inLanguage\":\"hu\",\"potentialAction\":[{\"@type\":\"ReadAction\",\"target\":[\"https:\\\/\\\/sylvangardens.hu\\\/?product=teli-bangita-viburnum-tinus-gwenlian\"]}]},{\"@type\":\"ImageObject\",\"inLanguage\":\"hu\",\"@id\":\"https:\\\/\\\/sylvangardens.hu\\\/?product=teli-bangita-viburnum-tinus-gwenlian#primaryimage\",\"url\":\"https:\\\/\\\/sylvangardens.hu\\\/wp-content\\\/uploads\\\/2024\\\/01\\\/viburnum_tinus_gwenllian_sneeuwbal.jpg\",\"contentUrl\":\"https:\\\/\\\/sylvangardens.hu\\\/wp-content\\\/uploads\\\/2024\\\/01\\\/viburnum_tinus_gwenllian_sneeuwbal.jpg\",\"width\":388,\"height\":517},{\"@type\":\"BreadcrumbList\",\"@id\":\"https:\\\/\\\/sylvangardens.hu\\\/?product=teli-bangita-viburnum-tinus-gwenlian#breadcrumb\",\"itemListElement\":[{\"@type\":\"ListItem\",\"position\":1,\"name\":\"Kezd\u0151lap\",\"item\":\"https:\\\/\\\/sylvangardens.hu\\\/\"},{\"@type\":\"ListItem\",\"position\":2,\"name\":\"T\u00e9li Bangita &#8211; Viburnum tinus &#8216;Gwenlian&#8217;\"}]},{\"@type\":\"WebSite\",\"@id\":\"https:\\\/\\\/sylvangardens.hu\\\/#website\",\"url\":\"https:\\\/\\\/sylvangardens.hu\\\/\",\"name\":\"VargaKertM\u00f3r\",\"description\":\"Kert\u00e9szet \u00e9s Kert \u00e9s Park\u00e9p\u00edt\u00e9s\",\"publisher\":{\"@id\":\"https:\\\/\\\/sylvangardens.hu\\\/#\\\/schema\\\/person\\\/1fb5e92265f56336b510365bfdcff060\"},\"alternateName\":\"VKM\",\"potentialAction\":[{\"@type\":\"SearchAction\",\"target\":{\"@type\":\"EntryPoint\",\"urlTemplate\":\"https:\\\/\\\/sylvangardens.hu\\\/?s={search_term_string}\"},\"query-input\":{\"@type\":\"PropertyValueSpecification\",\"valueRequired\":true,\"valueName\":\"search_term_string\"}}],\"inLanguage\":\"hu\"},{\"@type\":[\"Person\",\"Organization\"],\"@id\":\"https:\\\/\\\/sylvangardens.hu\\\/#\\\/schema\\\/person\\\/1fb5e92265f56336b510365bfdcff060\",\"name\":\"Varga Rich\u00e1rd\",\"image\":{\"@type\":\"ImageObject\",\"inLanguage\":\"hu\",\"@id\":\"https:\\\/\\\/sylvangardens.hu\\\/wp-content\\\/uploads\\\/2024\\\/01\\\/cropped-Logo-hands-on1600x800.png\",\"url\":\"https:\\\/\\\/sylvangardens.hu\\\/wp-content\\\/uploads\\\/2024\\\/01\\\/cropped-Logo-hands-on1600x800.png\",\"contentUrl\":\"https:\\\/\\\/sylvangardens.hu\\\/wp-content\\\/uploads\\\/2024\\\/01\\\/cropped-Logo-hands-on1600x800.png\",\"width\":240,\"height\":148,\"caption\":\"Varga Rich\u00e1rd\"},\"logo\":{\"@id\":\"https:\\\/\\\/sylvangardens.hu\\\/wp-content\\\/uploads\\\/2024\\\/01\\\/cropped-Logo-hands-on1600x800.png\"},\"sameAs\":[\"https:\\\/\\\/sylvangardens.hu\",\"https:\\\/\\\/www.facebook.com\\\/VargaKertMor\"]}]}<\/script>\n<!-- \/ Yoast SEO plugin. -->","yoast_head_json":{"title":"T\u00e9li Bangita - Viburnum tinus 'Gwenlian' - VargaKertM\u00f3r","robots":{"index":"index","follow":"follow","max-snippet":"max-snippet:-1","max-image-preview":"max-image-preview:large","max-video-preview":"max-video-preview:-1"},"canonical":"https:\/\/sylvangardens.hu\/?product=teli-bangita-viburnum-tinus-gwenlian","og_locale":"hu_HU","og_type":"article","og_title":"T\u00e9li Bangita - Viburnum tinus 'Gwenlian' - VargaKertM\u00f3r","og_description":"A Gwenlian \u00a0T\u00e9li Bangita \u00a0(Viburnum tinus &#8216;Gwenlian&#8217;) egy lombhullat\u00f3 \u00f6r\u00f6kz\u00f6ld cserje, mely kaphat\u00f3 a VargaKertM\u00f3r kert\u00e9szeti web\u00e1ruh\u00e1zban. Az al\u00e1bbiakban megtal\u00e1lhat\u00f3k a n\u00f6v\u00e9ny f\u0151bb jellemz\u0151i:T\u00e9l\u00e1ll\u00f3s\u00e1gi Z\u00f3na: 7-11 t\u00e9l\u00e1ll\u00f3s\u00e1gi z\u00f3na k\u00f6z\u00f6tt ide\u00e1lis, teh\u00e1t melegebb \u00e9ghajlati viszonyok k\u00f6z\u00f6tt j\u00f3l prosper\u00e1l.Vir\u00e1gz\u00e1s Ideje: A Gwenlian \u00a0T\u00e9li Bangita \u00a0t\u00e9len \u00e9s tavasszal is vir\u00e1gzik, \u00e1ltal\u00e1ban december \u00e9s \u00e1prilis k\u00f6z\u00f6tt. A vir\u00e1gok kis, [&hellip;]","og_url":"https:\/\/sylvangardens.hu\/?product=teli-bangita-viburnum-tinus-gwenlian","og_site_name":"VargaKertM\u00f3r","article_publisher":"https:\/\/www.facebook.com\/VargaKertMor","article_modified_time":"2024-02-03T12:45:25+00:00","og_image":[{"width":388,"height":517,"url":"https:\/\/sylvangardens.hu\/wp-content\/uploads\/2024\/01\/viburnum_tinus_gwenllian_sneeuwbal.jpg","type":"image\/jpeg"}],"twitter_card":"summary_large_image","twitter_misc":{"Becs\u00fclt olvas\u00e1si id\u0151":"2 perc"},"schema":{"@context":"https:\/\/schema.org","@graph":[{"@type":"WebPage","@id":"https:\/\/sylvangardens.hu\/?product=teli-bangita-viburnum-tinus-gwenlian","url":"https:\/\/sylvangardens.hu\/?product=teli-bangita-viburnum-tinus-gwenlian","name":"T\u00e9li Bangita - Viburnum tinus 'Gwenlian' - VargaKertM\u00f3r","isPartOf":{"@id":"https:\/\/sylvangardens.hu\/#website"},"primaryImageOfPage":{"@id":"https:\/\/sylvangardens.hu\/?product=teli-bangita-viburnum-tinus-gwenlian#primaryimage"},"image":{"@id":"https:\/\/sylvangardens.hu\/?product=teli-bangita-viburnum-tinus-gwenlian#primaryimage"},"thumbnailUrl":"https:\/\/sylvangardens.hu\/wp-content\/uploads\/2024\/01\/viburnum_tinus_gwenllian_sneeuwbal.jpg","datePublished":"2024-01-31T13:06:30+00:00","dateModified":"2024-02-03T12:45:25+00:00","breadcrumb":{"@id":"https:\/\/sylvangardens.hu\/?product=teli-bangita-viburnum-tinus-gwenlian#breadcrumb"},"inLanguage":"hu","potentialAction":[{"@type":"ReadAction","target":["https:\/\/sylvangardens.hu\/?product=teli-bangita-viburnum-tinus-gwenlian"]}]},{"@type":"ImageObject","inLanguage":"hu","@id":"https:\/\/sylvangardens.hu\/?product=teli-bangita-viburnum-tinus-gwenlian#primaryimage","url":"https:\/\/sylvangardens.hu\/wp-content\/uploads\/2024\/01\/viburnum_tinus_gwenllian_sneeuwbal.jpg","contentUrl":"https:\/\/sylvangardens.hu\/wp-content\/uploads\/2024\/01\/viburnum_tinus_gwenllian_sneeuwbal.jpg","width":388,"height":517},{"@type":"BreadcrumbList","@id":"https:\/\/sylvangardens.hu\/?product=teli-bangita-viburnum-tinus-gwenlian#breadcrumb","itemListElement":[{"@type":"ListItem","position":1,"name":"Kezd\u0151lap","item":"https:\/\/sylvangardens.hu\/"},{"@type":"ListItem","position":2,"name":"T\u00e9li Bangita &#8211; Viburnum tinus &#8216;Gwenlian&#8217;"}]},{"@type":"WebSite","@id":"https:\/\/sylvangardens.hu\/#website","url":"https:\/\/sylvangardens.hu\/","name":"VargaKertM\u00f3r","description":"Kert\u00e9szet \u00e9s Kert \u00e9s Park\u00e9p\u00edt\u00e9s","publisher":{"@id":"https:\/\/sylvangardens.hu\/#\/schema\/person\/1fb5e92265f56336b510365bfdcff060"},"alternateName":"VKM","potentialAction":[{"@type":"SearchAction","target":{"@type":"EntryPoint","urlTemplate":"https:\/\/sylvangardens.hu\/?s={search_term_string}"},"query-input":{"@type":"PropertyValueSpecification","valueRequired":true,"valueName":"search_term_string"}}],"inLanguage":"hu"},{"@type":["Person","Organization"],"@id":"https:\/\/sylvangardens.hu\/#\/schema\/person\/1fb5e92265f56336b510365bfdcff060","name":"Varga Rich\u00e1rd","image":{"@type":"ImageObject","inLanguage":"hu","@id":"https:\/\/sylvangardens.hu\/wp-content\/uploads\/2024\/01\/cropped-Logo-hands-on1600x800.png","url":"https:\/\/sylvangardens.hu\/wp-content\/uploads\/2024\/01\/cropped-Logo-hands-on1600x800.png","contentUrl":"https:\/\/sylvangardens.hu\/wp-content\/uploads\/2024\/01\/cropped-Logo-hands-on1600x800.png","width":240,"height":148,"caption":"Varga Rich\u00e1rd"},"logo":{"@id":"https:\/\/sylvangardens.hu\/wp-content\/uploads\/2024\/01\/cropped-Logo-hands-on1600x800.png"},"sameAs":["https:\/\/sylvangardens.hu","https:\/\/www.facebook.com\/VargaKertMor"]}]}},"_links":{"self":[{"href":"https:\/\/sylvangardens.hu\/index.php?rest_route=\/wp\/v2\/product\/425","targetHints":{"allow":["GET"]}}],"collection":[{"href":"https:\/\/sylvangardens.hu\/index.php?rest_route=\/wp\/v2\/product"}],"about":[{"href":"https:\/\/sylvangardens.hu\/index.php?rest_route=\/wp\/v2\/types\/product"}],"replies":[{"embeddable":true,"href":"https:\/\/sylvangardens.hu\/index.php?rest_route=%2Fwp%2Fv2%2Fcomments&post=425"}],"wp:featuredmedia":[{"embeddable":true,"href":"https:\/\/sylvangardens.hu\/index.php?rest_route=\/wp\/v2\/media\/427"}],"wp:attachment":[{"href":"https:\/\/sylvangardens.hu\/index.php?rest_route=%2Fwp%2Fv2%2Fmedia&parent=425"}],"wp:term":[{"taxonomy":"product_brand","embeddable":true,"href":"https:\/\/sylvangardens.hu\/index.php?rest_route=%2Fwp%2Fv2%2Fproduct_brand&post=425"},{"taxonomy":"product_cat","embeddable":true,"href":"https:\/\/sylvangardens.hu\/index.php?rest_route=%2Fwp%2Fv2%2Fproduct_cat&post=425"},{"taxonomy":"product_tag","embeddable":true,"href":"https:\/\/sylvangardens.hu\/index.php?rest_route=%2Fwp%2Fv2%2Fproduct_tag&post=425"}],"curies":[{"name":"wp","href":"https:\/\/api.w.org\/{rel}","templated":true}]}}