{"id":392,"date":"2024-01-31T11:35:51","date_gmt":"2024-01-31T10:35:51","guid":{"rendered":"https:\/\/sylvangardens.hu\/?post_type=product&#038;p=392"},"modified":"2024-02-03T13:46:31","modified_gmt":"2024-02-03T12:46:31","slug":"redos-bangita-viburnum-plicatum-tomentosum","status":"publish","type":"product","link":"https:\/\/sylvangardens.hu\/?product=redos-bangita-viburnum-plicatum-tomentosum","title":{"rendered":"Red\u0151s Bangita &#8211; Viburnum plicatum &#8216;Tomentosum&#8217;"},"content":{"rendered":"<p>Az al\u00e1bbiakban megtal\u00e1lhat\u00f3k a n\u00f6v\u00e9ny f\u0151bb jellemz\u0151i:<br \/><strong>T\u00e9l\u00e1ll\u00f3s\u00e1gi Z\u00f3na:<\/strong> 5-8 t\u00e9l\u00e1ll\u00f3s\u00e1gi z\u00f3na k\u00f6z\u00f6tt ide\u00e1lis, teh\u00e1t m\u00e9rs\u00e9kelt \u00e9ghajlati viszonyok k\u00f6z\u00f6tt j\u00f3l prosper\u00e1l.<br \/><strong>Vir\u00e1gz\u00e1s Ideje:<\/strong> A red\u0151s bangita &#8216;Tomentosum&#8217;\u00ae tavasszal \u00e9s ny\u00e1ron is vir\u00e1gzik, \u00e1ltal\u00e1ban \u00e1prilist\u00f3l j\u00faniusig. A vir\u00e1gok feh\u00e9rek \u00e9s jellegzetes h\u00f3pehely alakzatban helyezkednek el.<br \/><strong>Vir\u00e1g Sz\u00edne:<\/strong> Feh\u00e9r, de a k\u00fcl\u00f6nleges h\u00f3pehely alakzat miatt rendk\u00edv\u00fcl dekorat\u00edv.<br \/><strong>\u00c9retts\u00e9gi Magass\u00e1g:<\/strong> \u00c1ltal\u00e1ban 2-3 m\u00e9ter magasra n\u0151, \u00edgy alkalmas lehet szolitern\u00f6v\u00e9nyk\u00e9nt vagy csoportosan \u00fcltetve.<br \/><strong>Sz\u00e9less\u00e9g:<\/strong> Tereb\u00e9lyes n\u00f6veked\u00e9se miatt k\u00f6r\u00fclbel\u00fcl 2-3 m\u00e9ter sz\u00e9les teret fog elfoglalni.<br \/><strong>Napf\u00e9ny Expoz\u00edci\u00f3:<\/strong> A red\u0151s bangita &#8216;Tomentosum&#8217;\u00ae r\u00e9szleges \u00e1rny\u00e9kot vagy teljes napf\u00e9nyt kedvel, \u00edgy v\u00e1ltozatos k\u00f6rnyezetben is j\u00f3l \u00e9rzi mag\u00e1t.<br \/><strong>\u00c1pol\u00e1s \u00e9s Metsz\u00e9s:<\/strong> A n\u00f6v\u00e9ny rendszeres metsz\u00e9st ig\u00e9nyel a megfelel\u0151 form\u00e1j\u00e1nak \u00e9s s\u0171r\u0171s\u00e9g\u00e9nek megtart\u00e1sa \u00e9rdek\u00e9ben. A tavaszi metsz\u00e9s seg\u00edthet megel\u0151zni a t\u00falzott n\u00f6veked\u00e9st \u00e9s form\u00e1zni a n\u00f6v\u00e9nyt.<br \/><strong>Talaj:<\/strong> J\u00f3l alkalmazkodik a k\u00fcl\u00f6nb\u00f6z\u0151 talajokhoz, de a j\u00f3 v\u00edzelvezet\u00e9s\u0171 \u00e9s t\u00e1panyagban gazdag talajokat kedveli.<br \/><strong>\u00d6nt\u00f6z\u00e9s:<\/strong> M\u00e9rs\u00e9kelt v\u00edzig\u00e9ny\u0171, de k\u00fcl\u00f6n\u00f6sen a sz\u00e1razabb id\u0151szakokban fontos a rendszeres \u00f6nt\u00f6z\u00e9s a n\u00f6v\u00e9ny optim\u00e1lis \u00e1llapot\u00e1nak fenntart\u00e1sa \u00e9rdek\u00e9ben.<br \/><strong>Betegs\u00e9gek \u00e9s K\u00e1rtev\u0151k:<\/strong> A red\u0151s bangita &#8216;Tomentosum&#8217;\u00ae \u00e1ltal\u00e1ban ellen\u00e1ll\u00f3 a betegs\u00e9gekkel \u00e9s k\u00e1rtev\u0151kkel szemben. Azonban rendszeres ellen\u0151rz\u00e9s aj\u00e1nlott az esetleges probl\u00e9m\u00e1k korai \u00e9szlel\u00e9se \u00e9rdek\u00e9ben.<\/p>\n","protected":false},"excerpt":{"rendered":"<p>Az al\u00e1bbiakban megtal\u00e1lhat\u00f3k a n\u00f6v\u00e9ny f\u0151bb jellemz\u0151i:T\u00e9l\u00e1ll\u00f3s\u00e1gi Z\u00f3na: 5-8 t\u00e9l\u00e1ll\u00f3s\u00e1gi z\u00f3na k\u00f6z\u00f6tt ide\u00e1lis, teh\u00e1t m\u00e9rs\u00e9kelt \u00e9ghajlati viszonyok k\u00f6z\u00f6tt j\u00f3l prosper\u00e1l.Vir\u00e1gz\u00e1s Ideje: A red\u0151s bangita &#8216;Tomentosum&#8217;\u00ae tavasszal \u00e9s ny\u00e1ron is vir\u00e1gzik, \u00e1ltal\u00e1ban \u00e1prilist\u00f3l j\u00faniusig. A vir\u00e1gok feh\u00e9rek \u00e9s jellegzetes h\u00f3pehely alakzatban helyezkednek el.Vir\u00e1g Sz\u00edne: Feh\u00e9r, de a k\u00fcl\u00f6nleges h\u00f3pehely alakzat miatt rendk\u00edv\u00fcl dekorat\u00edv.\u00c9retts\u00e9gi Magass\u00e1g: \u00c1ltal\u00e1ban 2-3 [&hellip;]<\/p>\n","protected":false},"featured_media":397,"comment_status":"open","ping_status":"closed","template":"","meta":[],"product_brand":[],"product_cat":[130,80,116],"product_tag":[40,82],"class_list":{"0":"post-392","1":"product","2":"type-product","3":"status-publish","4":"has-post-thumbnail","6":"product_cat-bangita","7":"product_cat-cserje","8":"product_cat-diszfak-es-cserjek","9":"product_tag-ellenallo","10":"product_tag-lombhullato","11":"product_shipping_class-gls-l-csomag","13":"first","14":"instock","15":"purchasable","16":"product-type-variable","17":"has-default-attributes"},"yoast_head":"<!-- This site is optimized with the Yoast SEO plugin v27.4 - https:\/\/yoast.com\/product\/yoast-seo-wordpress\/ -->\n<title>Red\u0151s Bangita - Viburnum plicatum &#039;Tomentosum&#039; - VargaKertM\u00f3r<\/title>\n<meta name=\"robots\" content=\"index, follow, max-snippet:-1, max-image-preview:large, max-video-preview:-1\" \/>\n<link rel=\"canonical\" href=\"https:\/\/sylvangardens.hu\/?product=redos-bangita-viburnum-plicatum-tomentosum\" \/>\n<meta property=\"og:locale\" content=\"hu_HU\" \/>\n<meta property=\"og:type\" content=\"article\" \/>\n<meta property=\"og:title\" content=\"Red\u0151s Bangita - Viburnum plicatum &#039;Tomentosum&#039; - VargaKertM\u00f3r\" \/>\n<meta property=\"og:description\" content=\"Az al\u00e1bbiakban megtal\u00e1lhat\u00f3k a n\u00f6v\u00e9ny f\u0151bb jellemz\u0151i:T\u00e9l\u00e1ll\u00f3s\u00e1gi Z\u00f3na: 5-8 t\u00e9l\u00e1ll\u00f3s\u00e1gi z\u00f3na k\u00f6z\u00f6tt ide\u00e1lis, teh\u00e1t m\u00e9rs\u00e9kelt \u00e9ghajlati viszonyok k\u00f6z\u00f6tt j\u00f3l prosper\u00e1l.Vir\u00e1gz\u00e1s Ideje: A red\u0151s bangita &#8216;Tomentosum&#8217;\u00ae tavasszal \u00e9s ny\u00e1ron is vir\u00e1gzik, \u00e1ltal\u00e1ban \u00e1prilist\u00f3l j\u00faniusig. A vir\u00e1gok feh\u00e9rek \u00e9s jellegzetes h\u00f3pehely alakzatban helyezkednek el.Vir\u00e1g Sz\u00edne: Feh\u00e9r, de a k\u00fcl\u00f6nleges h\u00f3pehely alakzat miatt rendk\u00edv\u00fcl dekorat\u00edv.\u00c9retts\u00e9gi Magass\u00e1g: \u00c1ltal\u00e1ban 2-3 [&hellip;]\" \/>\n<meta property=\"og:url\" content=\"https:\/\/sylvangardens.hu\/?product=redos-bangita-viburnum-plicatum-tomentosum\" \/>\n<meta property=\"og:site_name\" content=\"VargaKertM\u00f3r\" \/>\n<meta property=\"article:publisher\" content=\"https:\/\/www.facebook.com\/VargaKertMor\" \/>\n<meta property=\"article:modified_time\" content=\"2024-02-03T12:46:31+00:00\" \/>\n<meta property=\"og:image\" content=\"https:\/\/sylvangardens.hu\/wp-content\/uploads\/2024\/01\/VIBURNUMtoment.webp\" \/>\n\t<meta property=\"og:image:width\" content=\"486\" \/>\n\t<meta property=\"og:image:height\" content=\"600\" \/>\n\t<meta property=\"og:image:type\" content=\"image\/webp\" \/>\n<meta name=\"twitter:card\" content=\"summary_large_image\" \/>\n<meta name=\"twitter:label1\" content=\"Becs\u00fclt olvas\u00e1si id\u0151\" \/>\n\t<meta name=\"twitter:data1\" content=\"2 perc\" \/>\n<script type=\"application\/ld+json\" class=\"yoast-schema-graph\">{\"@context\":\"https:\\\/\\\/schema.org\",\"@graph\":[{\"@type\":\"WebPage\",\"@id\":\"https:\\\/\\\/sylvangardens.hu\\\/?product=redos-bangita-viburnum-plicatum-tomentosum\",\"url\":\"https:\\\/\\\/sylvangardens.hu\\\/?product=redos-bangita-viburnum-plicatum-tomentosum\",\"name\":\"Red\u0151s Bangita - Viburnum plicatum 'Tomentosum' - VargaKertM\u00f3r\",\"isPartOf\":{\"@id\":\"https:\\\/\\\/sylvangardens.hu\\\/#website\"},\"primaryImageOfPage\":{\"@id\":\"https:\\\/\\\/sylvangardens.hu\\\/?product=redos-bangita-viburnum-plicatum-tomentosum#primaryimage\"},\"image\":{\"@id\":\"https:\\\/\\\/sylvangardens.hu\\\/?product=redos-bangita-viburnum-plicatum-tomentosum#primaryimage\"},\"thumbnailUrl\":\"https:\\\/\\\/sylvangardens.hu\\\/wp-content\\\/uploads\\\/2024\\\/01\\\/VIBURNUMtoment.webp\",\"datePublished\":\"2024-01-31T10:35:51+00:00\",\"dateModified\":\"2024-02-03T12:46:31+00:00\",\"breadcrumb\":{\"@id\":\"https:\\\/\\\/sylvangardens.hu\\\/?product=redos-bangita-viburnum-plicatum-tomentosum#breadcrumb\"},\"inLanguage\":\"hu\",\"potentialAction\":[{\"@type\":\"ReadAction\",\"target\":[\"https:\\\/\\\/sylvangardens.hu\\\/?product=redos-bangita-viburnum-plicatum-tomentosum\"]}]},{\"@type\":\"ImageObject\",\"inLanguage\":\"hu\",\"@id\":\"https:\\\/\\\/sylvangardens.hu\\\/?product=redos-bangita-viburnum-plicatum-tomentosum#primaryimage\",\"url\":\"https:\\\/\\\/sylvangardens.hu\\\/wp-content\\\/uploads\\\/2024\\\/01\\\/VIBURNUMtoment.webp\",\"contentUrl\":\"https:\\\/\\\/sylvangardens.hu\\\/wp-content\\\/uploads\\\/2024\\\/01\\\/VIBURNUMtoment.webp\",\"width\":486,\"height\":600},{\"@type\":\"BreadcrumbList\",\"@id\":\"https:\\\/\\\/sylvangardens.hu\\\/?product=redos-bangita-viburnum-plicatum-tomentosum#breadcrumb\",\"itemListElement\":[{\"@type\":\"ListItem\",\"position\":1,\"name\":\"Kezd\u0151lap\",\"item\":\"https:\\\/\\\/sylvangardens.hu\\\/\"},{\"@type\":\"ListItem\",\"position\":2,\"name\":\"Red\u0151s Bangita &#8211; Viburnum plicatum &#8216;Tomentosum&#8217;\"}]},{\"@type\":\"WebSite\",\"@id\":\"https:\\\/\\\/sylvangardens.hu\\\/#website\",\"url\":\"https:\\\/\\\/sylvangardens.hu\\\/\",\"name\":\"VargaKertM\u00f3r\",\"description\":\"Kert\u00e9szet \u00e9s Kert \u00e9s Park\u00e9p\u00edt\u00e9s\",\"publisher\":{\"@id\":\"https:\\\/\\\/sylvangardens.hu\\\/#\\\/schema\\\/person\\\/1fb5e92265f56336b510365bfdcff060\"},\"alternateName\":\"VKM\",\"potentialAction\":[{\"@type\":\"SearchAction\",\"target\":{\"@type\":\"EntryPoint\",\"urlTemplate\":\"https:\\\/\\\/sylvangardens.hu\\\/?s={search_term_string}\"},\"query-input\":{\"@type\":\"PropertyValueSpecification\",\"valueRequired\":true,\"valueName\":\"search_term_string\"}}],\"inLanguage\":\"hu\"},{\"@type\":[\"Person\",\"Organization\"],\"@id\":\"https:\\\/\\\/sylvangardens.hu\\\/#\\\/schema\\\/person\\\/1fb5e92265f56336b510365bfdcff060\",\"name\":\"Varga Rich\u00e1rd\",\"image\":{\"@type\":\"ImageObject\",\"inLanguage\":\"hu\",\"@id\":\"https:\\\/\\\/sylvangardens.hu\\\/wp-content\\\/uploads\\\/2024\\\/01\\\/cropped-Logo-hands-on1600x800.png\",\"url\":\"https:\\\/\\\/sylvangardens.hu\\\/wp-content\\\/uploads\\\/2024\\\/01\\\/cropped-Logo-hands-on1600x800.png\",\"contentUrl\":\"https:\\\/\\\/sylvangardens.hu\\\/wp-content\\\/uploads\\\/2024\\\/01\\\/cropped-Logo-hands-on1600x800.png\",\"width\":240,\"height\":148,\"caption\":\"Varga Rich\u00e1rd\"},\"logo\":{\"@id\":\"https:\\\/\\\/sylvangardens.hu\\\/wp-content\\\/uploads\\\/2024\\\/01\\\/cropped-Logo-hands-on1600x800.png\"},\"sameAs\":[\"https:\\\/\\\/sylvangardens.hu\",\"https:\\\/\\\/www.facebook.com\\\/VargaKertMor\"]}]}<\/script>\n<!-- \/ Yoast SEO plugin. -->","yoast_head_json":{"title":"Red\u0151s Bangita - Viburnum plicatum 'Tomentosum' - VargaKertM\u00f3r","robots":{"index":"index","follow":"follow","max-snippet":"max-snippet:-1","max-image-preview":"max-image-preview:large","max-video-preview":"max-video-preview:-1"},"canonical":"https:\/\/sylvangardens.hu\/?product=redos-bangita-viburnum-plicatum-tomentosum","og_locale":"hu_HU","og_type":"article","og_title":"Red\u0151s Bangita - Viburnum plicatum 'Tomentosum' - VargaKertM\u00f3r","og_description":"Az al\u00e1bbiakban megtal\u00e1lhat\u00f3k a n\u00f6v\u00e9ny f\u0151bb jellemz\u0151i:T\u00e9l\u00e1ll\u00f3s\u00e1gi Z\u00f3na: 5-8 t\u00e9l\u00e1ll\u00f3s\u00e1gi z\u00f3na k\u00f6z\u00f6tt ide\u00e1lis, teh\u00e1t m\u00e9rs\u00e9kelt \u00e9ghajlati viszonyok k\u00f6z\u00f6tt j\u00f3l prosper\u00e1l.Vir\u00e1gz\u00e1s Ideje: A red\u0151s bangita &#8216;Tomentosum&#8217;\u00ae tavasszal \u00e9s ny\u00e1ron is vir\u00e1gzik, \u00e1ltal\u00e1ban \u00e1prilist\u00f3l j\u00faniusig. A vir\u00e1gok feh\u00e9rek \u00e9s jellegzetes h\u00f3pehely alakzatban helyezkednek el.Vir\u00e1g Sz\u00edne: Feh\u00e9r, de a k\u00fcl\u00f6nleges h\u00f3pehely alakzat miatt rendk\u00edv\u00fcl dekorat\u00edv.\u00c9retts\u00e9gi Magass\u00e1g: \u00c1ltal\u00e1ban 2-3 [&hellip;]","og_url":"https:\/\/sylvangardens.hu\/?product=redos-bangita-viburnum-plicatum-tomentosum","og_site_name":"VargaKertM\u00f3r","article_publisher":"https:\/\/www.facebook.com\/VargaKertMor","article_modified_time":"2024-02-03T12:46:31+00:00","og_image":[{"width":486,"height":600,"url":"https:\/\/sylvangardens.hu\/wp-content\/uploads\/2024\/01\/VIBURNUMtoment.webp","type":"image\/webp"}],"twitter_card":"summary_large_image","twitter_misc":{"Becs\u00fclt olvas\u00e1si id\u0151":"2 perc"},"schema":{"@context":"https:\/\/schema.org","@graph":[{"@type":"WebPage","@id":"https:\/\/sylvangardens.hu\/?product=redos-bangita-viburnum-plicatum-tomentosum","url":"https:\/\/sylvangardens.hu\/?product=redos-bangita-viburnum-plicatum-tomentosum","name":"Red\u0151s Bangita - Viburnum plicatum 'Tomentosum' - VargaKertM\u00f3r","isPartOf":{"@id":"https:\/\/sylvangardens.hu\/#website"},"primaryImageOfPage":{"@id":"https:\/\/sylvangardens.hu\/?product=redos-bangita-viburnum-plicatum-tomentosum#primaryimage"},"image":{"@id":"https:\/\/sylvangardens.hu\/?product=redos-bangita-viburnum-plicatum-tomentosum#primaryimage"},"thumbnailUrl":"https:\/\/sylvangardens.hu\/wp-content\/uploads\/2024\/01\/VIBURNUMtoment.webp","datePublished":"2024-01-31T10:35:51+00:00","dateModified":"2024-02-03T12:46:31+00:00","breadcrumb":{"@id":"https:\/\/sylvangardens.hu\/?product=redos-bangita-viburnum-plicatum-tomentosum#breadcrumb"},"inLanguage":"hu","potentialAction":[{"@type":"ReadAction","target":["https:\/\/sylvangardens.hu\/?product=redos-bangita-viburnum-plicatum-tomentosum"]}]},{"@type":"ImageObject","inLanguage":"hu","@id":"https:\/\/sylvangardens.hu\/?product=redos-bangita-viburnum-plicatum-tomentosum#primaryimage","url":"https:\/\/sylvangardens.hu\/wp-content\/uploads\/2024\/01\/VIBURNUMtoment.webp","contentUrl":"https:\/\/sylvangardens.hu\/wp-content\/uploads\/2024\/01\/VIBURNUMtoment.webp","width":486,"height":600},{"@type":"BreadcrumbList","@id":"https:\/\/sylvangardens.hu\/?product=redos-bangita-viburnum-plicatum-tomentosum#breadcrumb","itemListElement":[{"@type":"ListItem","position":1,"name":"Kezd\u0151lap","item":"https:\/\/sylvangardens.hu\/"},{"@type":"ListItem","position":2,"name":"Red\u0151s Bangita &#8211; Viburnum plicatum &#8216;Tomentosum&#8217;"}]},{"@type":"WebSite","@id":"https:\/\/sylvangardens.hu\/#website","url":"https:\/\/sylvangardens.hu\/","name":"VargaKertM\u00f3r","description":"Kert\u00e9szet \u00e9s Kert \u00e9s Park\u00e9p\u00edt\u00e9s","publisher":{"@id":"https:\/\/sylvangardens.hu\/#\/schema\/person\/1fb5e92265f56336b510365bfdcff060"},"alternateName":"VKM","potentialAction":[{"@type":"SearchAction","target":{"@type":"EntryPoint","urlTemplate":"https:\/\/sylvangardens.hu\/?s={search_term_string}"},"query-input":{"@type":"PropertyValueSpecification","valueRequired":true,"valueName":"search_term_string"}}],"inLanguage":"hu"},{"@type":["Person","Organization"],"@id":"https:\/\/sylvangardens.hu\/#\/schema\/person\/1fb5e92265f56336b510365bfdcff060","name":"Varga Rich\u00e1rd","image":{"@type":"ImageObject","inLanguage":"hu","@id":"https:\/\/sylvangardens.hu\/wp-content\/uploads\/2024\/01\/cropped-Logo-hands-on1600x800.png","url":"https:\/\/sylvangardens.hu\/wp-content\/uploads\/2024\/01\/cropped-Logo-hands-on1600x800.png","contentUrl":"https:\/\/sylvangardens.hu\/wp-content\/uploads\/2024\/01\/cropped-Logo-hands-on1600x800.png","width":240,"height":148,"caption":"Varga Rich\u00e1rd"},"logo":{"@id":"https:\/\/sylvangardens.hu\/wp-content\/uploads\/2024\/01\/cropped-Logo-hands-on1600x800.png"},"sameAs":["https:\/\/sylvangardens.hu","https:\/\/www.facebook.com\/VargaKertMor"]}]}},"_links":{"self":[{"href":"https:\/\/sylvangardens.hu\/index.php?rest_route=\/wp\/v2\/product\/392","targetHints":{"allow":["GET"]}}],"collection":[{"href":"https:\/\/sylvangardens.hu\/index.php?rest_route=\/wp\/v2\/product"}],"about":[{"href":"https:\/\/sylvangardens.hu\/index.php?rest_route=\/wp\/v2\/types\/product"}],"replies":[{"embeddable":true,"href":"https:\/\/sylvangardens.hu\/index.php?rest_route=%2Fwp%2Fv2%2Fcomments&post=392"}],"wp:featuredmedia":[{"embeddable":true,"href":"https:\/\/sylvangardens.hu\/index.php?rest_route=\/wp\/v2\/media\/397"}],"wp:attachment":[{"href":"https:\/\/sylvangardens.hu\/index.php?rest_route=%2Fwp%2Fv2%2Fmedia&parent=392"}],"wp:term":[{"taxonomy":"product_brand","embeddable":true,"href":"https:\/\/sylvangardens.hu\/index.php?rest_route=%2Fwp%2Fv2%2Fproduct_brand&post=392"},{"taxonomy":"product_cat","embeddable":true,"href":"https:\/\/sylvangardens.hu\/index.php?rest_route=%2Fwp%2Fv2%2Fproduct_cat&post=392"},{"taxonomy":"product_tag","embeddable":true,"href":"https:\/\/sylvangardens.hu\/index.php?rest_route=%2Fwp%2Fv2%2Fproduct_tag&post=392"}],"curies":[{"name":"wp","href":"https:\/\/api.w.org\/{rel}","templated":true}]}}