{"id":255,"date":"2024-01-29T14:31:10","date_gmt":"2024-01-29T13:31:10","guid":{"rendered":"https:\/\/sylvangardens.hu\/?post_type=product&#038;p=255"},"modified":"2024-02-03T13:50:22","modified_gmt":"2024-02-03T12:50:22","slug":"babermeggy-prunus-laurocerasus-mano","status":"publish","type":"product","link":"https:\/\/sylvangardens.hu\/?product=babermeggy-prunus-laurocerasus-mano","title":{"rendered":"Bab\u00e9rmeggy &#8211; Prunus laurocerasus &#8216;Mano&#8217;"},"content":{"rendered":"<p>Az al\u00e1bbiakban megtal\u00e1lhat\u00f3k a n\u00f6v\u00e9ny f\u0151bb jellemz\u0151i:<br \/><strong>T\u00e9l\u00e1ll\u00f3s\u00e1gi Z\u00f3na:<\/strong> 6-9 t\u00e9l\u00e1ll\u00f3s\u00e1gi z\u00f3na k\u00f6z\u00f6tt ide\u00e1lis, teh\u00e1t v\u00e1ltozatos \u00e9ghajlati viszonyok k\u00f6z\u00f6tt is j\u00f3l prosper\u00e1l.<br \/><strong>\u00c9retts\u00e9gi Magass\u00e1g:<\/strong> A &#8216;Mano&#8217; v\u00e1ltozat \u00e1ltal\u00e1ban 1,5-2 m\u00e9ter magasra n\u0151, \u00edgy t\u00f6k\u00e9letes v\u00e1laszt\u00e1s lehet kisebb kertekbe vagy szeg\u00e9lyn\u00f6v\u00e9nyk\u00e9nt.<br \/><strong>Sz\u00e9less\u00e9g:<\/strong> Kerekded, bokros n\u00f6veked\u00e9se miatt k\u00f6r\u00fclbel\u00fcl 1-1,5 m\u00e9ter sz\u00e9les teret fog elfoglalni.<br \/><strong>Napf\u00e9ny Expoz\u00edci\u00f3:<\/strong> A teljes napf\u00e9nyt\u0151l az enyh\u00e9bb \u00e1rny\u00e9kokig j\u00f3l alkalmazkodik.<br \/><strong>\u00c1pol\u00e1s \u00e9s Metsz\u00e9s:<\/strong> A &#8216;Mano&#8217; k\u00f6nnyen kezelhet\u0151, \u00e9s ritka metsz\u00e9ssel vagy form\u00e1z\u00e1ssal karbantarthatjuk. A rendszeres ellen\u0151rz\u00e9s \u00e9s az elhalv\u00e1nyodott vagy s\u00e9r\u00fclt \u00e1gak elt\u00e1vol\u00edt\u00e1sa seg\u00edti a n\u00f6v\u00e9ny eg\u00e9szs\u00e9g\u00e9t.<br \/><strong>Talaj:<\/strong> J\u00f3l t\u0171ri a k\u00fcl\u00f6nb\u00f6z\u0151 talajokat, de a j\u00f3 v\u00edzelvezet\u00e9s\u0171 \u00e9s t\u00e1panyagban gazdag talajokat r\u00e9szes\u00edti el\u0151nyben.<br \/><strong>\u00d6nt\u00f6z\u00e9s:<\/strong> M\u00e9rs\u00e9kelt v\u00edzig\u00e9ny\u0171, \u00e9s rendszeres \u00f6nt\u00f6z\u00e9s mellett eg\u00e9szs\u00e9gesen \u00e9s l\u00e1tv\u00e1nyosan fejl\u0151dik. K\u00fcl\u00f6n\u00f6sen a sz\u00e1razabb id\u0151szakokban fontos a megfelel\u0151 \u00f6nt\u00f6z\u00e9s biztos\u00edt\u00e1sa.<br \/>A &#8216;Mano&#8217; Bab\u00e9r eleg\u00e1ns megjelen\u00e9s\u00e9vel \u00e9s kompakt habitus\u00e1val ide\u00e1lis v\u00e1laszt\u00e1s lehet minden kerttulajdonos sz\u00e1m\u00e1ra.<\/p>\n","protected":false},"excerpt":{"rendered":"<p>Az al\u00e1bbiakban megtal\u00e1lhat\u00f3k a n\u00f6v\u00e9ny f\u0151bb jellemz\u0151i:T\u00e9l\u00e1ll\u00f3s\u00e1gi Z\u00f3na: 6-9 t\u00e9l\u00e1ll\u00f3s\u00e1gi z\u00f3na k\u00f6z\u00f6tt ide\u00e1lis, teh\u00e1t v\u00e1ltozatos \u00e9ghajlati viszonyok k\u00f6z\u00f6tt is j\u00f3l prosper\u00e1l.\u00c9retts\u00e9gi Magass\u00e1g: A &#8216;Mano&#8217; v\u00e1ltozat \u00e1ltal\u00e1ban 1,5-2 m\u00e9ter magasra n\u0151, \u00edgy t\u00f6k\u00e9letes v\u00e1laszt\u00e1s lehet kisebb kertekbe vagy szeg\u00e9lyn\u00f6v\u00e9nyk\u00e9nt.Sz\u00e9less\u00e9g: Kerekded, bokros n\u00f6veked\u00e9se miatt k\u00f6r\u00fclbel\u00fcl 1-1,5 m\u00e9ter sz\u00e9les teret fog elfoglalni.Napf\u00e9ny Expoz\u00edci\u00f3: A teljes napf\u00e9nyt\u0151l az enyh\u00e9bb [&hellip;]<\/p>\n","protected":false},"featured_media":256,"comment_status":"open","ping_status":"closed","template":"","meta":[],"product_brand":[],"product_cat":[128,80,116,21],"product_tag":[40,74,27,26],"class_list":{"0":"post-255","1":"product","2":"type-product","3":"status-publish","4":"has-post-thumbnail","6":"product_cat-babermeggy","7":"product_cat-cserje","8":"product_cat-diszfak-es-cserjek","9":"product_cat-osszes","10":"product_tag-ellenallo","11":"product_tag-kompakt","12":"product_tag-orokzold","13":"product_tag-soveny","14":"product_shipping_class-gls-l-csomag","16":"first","17":"instock","18":"purchasable","19":"product-type-variable","20":"has-default-attributes"},"yoast_head":"<!-- This site is optimized with the Yoast SEO plugin v27.4 - https:\/\/yoast.com\/product\/yoast-seo-wordpress\/ -->\n<title>Bab\u00e9rmeggy - Prunus laurocerasus &#039;Mano&#039; - VargaKertM\u00f3r<\/title>\n<meta name=\"robots\" content=\"index, follow, max-snippet:-1, max-image-preview:large, max-video-preview:-1\" \/>\n<link rel=\"canonical\" href=\"https:\/\/sylvangardens.hu\/?product=babermeggy-prunus-laurocerasus-mano\" \/>\n<meta property=\"og:locale\" content=\"hu_HU\" \/>\n<meta property=\"og:type\" content=\"article\" \/>\n<meta property=\"og:title\" content=\"Bab\u00e9rmeggy - Prunus laurocerasus &#039;Mano&#039; - VargaKertM\u00f3r\" \/>\n<meta property=\"og:description\" content=\"Az al\u00e1bbiakban megtal\u00e1lhat\u00f3k a n\u00f6v\u00e9ny f\u0151bb jellemz\u0151i:T\u00e9l\u00e1ll\u00f3s\u00e1gi Z\u00f3na: 6-9 t\u00e9l\u00e1ll\u00f3s\u00e1gi z\u00f3na k\u00f6z\u00f6tt ide\u00e1lis, teh\u00e1t v\u00e1ltozatos \u00e9ghajlati viszonyok k\u00f6z\u00f6tt is j\u00f3l prosper\u00e1l.\u00c9retts\u00e9gi Magass\u00e1g: A &#8216;Mano&#8217; v\u00e1ltozat \u00e1ltal\u00e1ban 1,5-2 m\u00e9ter magasra n\u0151, \u00edgy t\u00f6k\u00e9letes v\u00e1laszt\u00e1s lehet kisebb kertekbe vagy szeg\u00e9lyn\u00f6v\u00e9nyk\u00e9nt.Sz\u00e9less\u00e9g: Kerekded, bokros n\u00f6veked\u00e9se miatt k\u00f6r\u00fclbel\u00fcl 1-1,5 m\u00e9ter sz\u00e9les teret fog elfoglalni.Napf\u00e9ny Expoz\u00edci\u00f3: A teljes napf\u00e9nyt\u0151l az enyh\u00e9bb [&hellip;]\" \/>\n<meta property=\"og:url\" content=\"https:\/\/sylvangardens.hu\/?product=babermeggy-prunus-laurocerasus-mano\" \/>\n<meta property=\"og:site_name\" content=\"VargaKertM\u00f3r\" \/>\n<meta property=\"article:publisher\" content=\"https:\/\/www.facebook.com\/VargaKertMor\" \/>\n<meta property=\"article:modified_time\" content=\"2024-02-03T12:50:22+00:00\" \/>\n<meta property=\"og:image\" content=\"https:\/\/sylvangardens.hu\/wp-content\/uploads\/2024\/01\/mano.webp\" \/>\n\t<meta property=\"og:image:width\" content=\"900\" \/>\n\t<meta property=\"og:image:height\" content=\"900\" \/>\n\t<meta property=\"og:image:type\" content=\"image\/webp\" \/>\n<meta name=\"twitter:card\" content=\"summary_large_image\" \/>\n<meta name=\"twitter:label1\" content=\"Becs\u00fclt olvas\u00e1si id\u0151\" \/>\n\t<meta name=\"twitter:data1\" content=\"1 perc\" \/>\n<script type=\"application\/ld+json\" class=\"yoast-schema-graph\">{\"@context\":\"https:\\\/\\\/schema.org\",\"@graph\":[{\"@type\":\"WebPage\",\"@id\":\"https:\\\/\\\/sylvangardens.hu\\\/?product=babermeggy-prunus-laurocerasus-mano\",\"url\":\"https:\\\/\\\/sylvangardens.hu\\\/?product=babermeggy-prunus-laurocerasus-mano\",\"name\":\"Bab\u00e9rmeggy - Prunus laurocerasus 'Mano' - VargaKertM\u00f3r\",\"isPartOf\":{\"@id\":\"https:\\\/\\\/sylvangardens.hu\\\/#website\"},\"primaryImageOfPage\":{\"@id\":\"https:\\\/\\\/sylvangardens.hu\\\/?product=babermeggy-prunus-laurocerasus-mano#primaryimage\"},\"image\":{\"@id\":\"https:\\\/\\\/sylvangardens.hu\\\/?product=babermeggy-prunus-laurocerasus-mano#primaryimage\"},\"thumbnailUrl\":\"https:\\\/\\\/sylvangardens.hu\\\/wp-content\\\/uploads\\\/2024\\\/01\\\/mano.webp\",\"datePublished\":\"2024-01-29T13:31:10+00:00\",\"dateModified\":\"2024-02-03T12:50:22+00:00\",\"breadcrumb\":{\"@id\":\"https:\\\/\\\/sylvangardens.hu\\\/?product=babermeggy-prunus-laurocerasus-mano#breadcrumb\"},\"inLanguage\":\"hu\",\"potentialAction\":[{\"@type\":\"ReadAction\",\"target\":[\"https:\\\/\\\/sylvangardens.hu\\\/?product=babermeggy-prunus-laurocerasus-mano\"]}]},{\"@type\":\"ImageObject\",\"inLanguage\":\"hu\",\"@id\":\"https:\\\/\\\/sylvangardens.hu\\\/?product=babermeggy-prunus-laurocerasus-mano#primaryimage\",\"url\":\"https:\\\/\\\/sylvangardens.hu\\\/wp-content\\\/uploads\\\/2024\\\/01\\\/mano.webp\",\"contentUrl\":\"https:\\\/\\\/sylvangardens.hu\\\/wp-content\\\/uploads\\\/2024\\\/01\\\/mano.webp\",\"width\":900,\"height\":900},{\"@type\":\"BreadcrumbList\",\"@id\":\"https:\\\/\\\/sylvangardens.hu\\\/?product=babermeggy-prunus-laurocerasus-mano#breadcrumb\",\"itemListElement\":[{\"@type\":\"ListItem\",\"position\":1,\"name\":\"Kezd\u0151lap\",\"item\":\"https:\\\/\\\/sylvangardens.hu\\\/\"},{\"@type\":\"ListItem\",\"position\":2,\"name\":\"Bab\u00e9rmeggy &#8211; Prunus laurocerasus &#8216;Mano&#8217;\"}]},{\"@type\":\"WebSite\",\"@id\":\"https:\\\/\\\/sylvangardens.hu\\\/#website\",\"url\":\"https:\\\/\\\/sylvangardens.hu\\\/\",\"name\":\"VargaKertM\u00f3r\",\"description\":\"Kert\u00e9szet \u00e9s Kert \u00e9s Park\u00e9p\u00edt\u00e9s\",\"publisher\":{\"@id\":\"https:\\\/\\\/sylvangardens.hu\\\/#\\\/schema\\\/person\\\/1fb5e92265f56336b510365bfdcff060\"},\"alternateName\":\"VKM\",\"potentialAction\":[{\"@type\":\"SearchAction\",\"target\":{\"@type\":\"EntryPoint\",\"urlTemplate\":\"https:\\\/\\\/sylvangardens.hu\\\/?s={search_term_string}\"},\"query-input\":{\"@type\":\"PropertyValueSpecification\",\"valueRequired\":true,\"valueName\":\"search_term_string\"}}],\"inLanguage\":\"hu\"},{\"@type\":[\"Person\",\"Organization\"],\"@id\":\"https:\\\/\\\/sylvangardens.hu\\\/#\\\/schema\\\/person\\\/1fb5e92265f56336b510365bfdcff060\",\"name\":\"Varga Rich\u00e1rd\",\"image\":{\"@type\":\"ImageObject\",\"inLanguage\":\"hu\",\"@id\":\"https:\\\/\\\/sylvangardens.hu\\\/wp-content\\\/uploads\\\/2024\\\/01\\\/cropped-Logo-hands-on1600x800.png\",\"url\":\"https:\\\/\\\/sylvangardens.hu\\\/wp-content\\\/uploads\\\/2024\\\/01\\\/cropped-Logo-hands-on1600x800.png\",\"contentUrl\":\"https:\\\/\\\/sylvangardens.hu\\\/wp-content\\\/uploads\\\/2024\\\/01\\\/cropped-Logo-hands-on1600x800.png\",\"width\":240,\"height\":148,\"caption\":\"Varga Rich\u00e1rd\"},\"logo\":{\"@id\":\"https:\\\/\\\/sylvangardens.hu\\\/wp-content\\\/uploads\\\/2024\\\/01\\\/cropped-Logo-hands-on1600x800.png\"},\"sameAs\":[\"https:\\\/\\\/sylvangardens.hu\",\"https:\\\/\\\/www.facebook.com\\\/VargaKertMor\"]}]}<\/script>\n<!-- \/ Yoast SEO plugin. -->","yoast_head_json":{"title":"Bab\u00e9rmeggy - Prunus laurocerasus 'Mano' - VargaKertM\u00f3r","robots":{"index":"index","follow":"follow","max-snippet":"max-snippet:-1","max-image-preview":"max-image-preview:large","max-video-preview":"max-video-preview:-1"},"canonical":"https:\/\/sylvangardens.hu\/?product=babermeggy-prunus-laurocerasus-mano","og_locale":"hu_HU","og_type":"article","og_title":"Bab\u00e9rmeggy - Prunus laurocerasus 'Mano' - VargaKertM\u00f3r","og_description":"Az al\u00e1bbiakban megtal\u00e1lhat\u00f3k a n\u00f6v\u00e9ny f\u0151bb jellemz\u0151i:T\u00e9l\u00e1ll\u00f3s\u00e1gi Z\u00f3na: 6-9 t\u00e9l\u00e1ll\u00f3s\u00e1gi z\u00f3na k\u00f6z\u00f6tt ide\u00e1lis, teh\u00e1t v\u00e1ltozatos \u00e9ghajlati viszonyok k\u00f6z\u00f6tt is j\u00f3l prosper\u00e1l.\u00c9retts\u00e9gi Magass\u00e1g: A &#8216;Mano&#8217; v\u00e1ltozat \u00e1ltal\u00e1ban 1,5-2 m\u00e9ter magasra n\u0151, \u00edgy t\u00f6k\u00e9letes v\u00e1laszt\u00e1s lehet kisebb kertekbe vagy szeg\u00e9lyn\u00f6v\u00e9nyk\u00e9nt.Sz\u00e9less\u00e9g: Kerekded, bokros n\u00f6veked\u00e9se miatt k\u00f6r\u00fclbel\u00fcl 1-1,5 m\u00e9ter sz\u00e9les teret fog elfoglalni.Napf\u00e9ny Expoz\u00edci\u00f3: A teljes napf\u00e9nyt\u0151l az enyh\u00e9bb [&hellip;]","og_url":"https:\/\/sylvangardens.hu\/?product=babermeggy-prunus-laurocerasus-mano","og_site_name":"VargaKertM\u00f3r","article_publisher":"https:\/\/www.facebook.com\/VargaKertMor","article_modified_time":"2024-02-03T12:50:22+00:00","og_image":[{"width":900,"height":900,"url":"https:\/\/sylvangardens.hu\/wp-content\/uploads\/2024\/01\/mano.webp","type":"image\/webp"}],"twitter_card":"summary_large_image","twitter_misc":{"Becs\u00fclt olvas\u00e1si id\u0151":"1 perc"},"schema":{"@context":"https:\/\/schema.org","@graph":[{"@type":"WebPage","@id":"https:\/\/sylvangardens.hu\/?product=babermeggy-prunus-laurocerasus-mano","url":"https:\/\/sylvangardens.hu\/?product=babermeggy-prunus-laurocerasus-mano","name":"Bab\u00e9rmeggy - Prunus laurocerasus 'Mano' - VargaKertM\u00f3r","isPartOf":{"@id":"https:\/\/sylvangardens.hu\/#website"},"primaryImageOfPage":{"@id":"https:\/\/sylvangardens.hu\/?product=babermeggy-prunus-laurocerasus-mano#primaryimage"},"image":{"@id":"https:\/\/sylvangardens.hu\/?product=babermeggy-prunus-laurocerasus-mano#primaryimage"},"thumbnailUrl":"https:\/\/sylvangardens.hu\/wp-content\/uploads\/2024\/01\/mano.webp","datePublished":"2024-01-29T13:31:10+00:00","dateModified":"2024-02-03T12:50:22+00:00","breadcrumb":{"@id":"https:\/\/sylvangardens.hu\/?product=babermeggy-prunus-laurocerasus-mano#breadcrumb"},"inLanguage":"hu","potentialAction":[{"@type":"ReadAction","target":["https:\/\/sylvangardens.hu\/?product=babermeggy-prunus-laurocerasus-mano"]}]},{"@type":"ImageObject","inLanguage":"hu","@id":"https:\/\/sylvangardens.hu\/?product=babermeggy-prunus-laurocerasus-mano#primaryimage","url":"https:\/\/sylvangardens.hu\/wp-content\/uploads\/2024\/01\/mano.webp","contentUrl":"https:\/\/sylvangardens.hu\/wp-content\/uploads\/2024\/01\/mano.webp","width":900,"height":900},{"@type":"BreadcrumbList","@id":"https:\/\/sylvangardens.hu\/?product=babermeggy-prunus-laurocerasus-mano#breadcrumb","itemListElement":[{"@type":"ListItem","position":1,"name":"Kezd\u0151lap","item":"https:\/\/sylvangardens.hu\/"},{"@type":"ListItem","position":2,"name":"Bab\u00e9rmeggy &#8211; Prunus laurocerasus &#8216;Mano&#8217;"}]},{"@type":"WebSite","@id":"https:\/\/sylvangardens.hu\/#website","url":"https:\/\/sylvangardens.hu\/","name":"VargaKertM\u00f3r","description":"Kert\u00e9szet \u00e9s Kert \u00e9s Park\u00e9p\u00edt\u00e9s","publisher":{"@id":"https:\/\/sylvangardens.hu\/#\/schema\/person\/1fb5e92265f56336b510365bfdcff060"},"alternateName":"VKM","potentialAction":[{"@type":"SearchAction","target":{"@type":"EntryPoint","urlTemplate":"https:\/\/sylvangardens.hu\/?s={search_term_string}"},"query-input":{"@type":"PropertyValueSpecification","valueRequired":true,"valueName":"search_term_string"}}],"inLanguage":"hu"},{"@type":["Person","Organization"],"@id":"https:\/\/sylvangardens.hu\/#\/schema\/person\/1fb5e92265f56336b510365bfdcff060","name":"Varga Rich\u00e1rd","image":{"@type":"ImageObject","inLanguage":"hu","@id":"https:\/\/sylvangardens.hu\/wp-content\/uploads\/2024\/01\/cropped-Logo-hands-on1600x800.png","url":"https:\/\/sylvangardens.hu\/wp-content\/uploads\/2024\/01\/cropped-Logo-hands-on1600x800.png","contentUrl":"https:\/\/sylvangardens.hu\/wp-content\/uploads\/2024\/01\/cropped-Logo-hands-on1600x800.png","width":240,"height":148,"caption":"Varga Rich\u00e1rd"},"logo":{"@id":"https:\/\/sylvangardens.hu\/wp-content\/uploads\/2024\/01\/cropped-Logo-hands-on1600x800.png"},"sameAs":["https:\/\/sylvangardens.hu","https:\/\/www.facebook.com\/VargaKertMor"]}]}},"_links":{"self":[{"href":"https:\/\/sylvangardens.hu\/index.php?rest_route=\/wp\/v2\/product\/255","targetHints":{"allow":["GET"]}}],"collection":[{"href":"https:\/\/sylvangardens.hu\/index.php?rest_route=\/wp\/v2\/product"}],"about":[{"href":"https:\/\/sylvangardens.hu\/index.php?rest_route=\/wp\/v2\/types\/product"}],"replies":[{"embeddable":true,"href":"https:\/\/sylvangardens.hu\/index.php?rest_route=%2Fwp%2Fv2%2Fcomments&post=255"}],"wp:featuredmedia":[{"embeddable":true,"href":"https:\/\/sylvangardens.hu\/index.php?rest_route=\/wp\/v2\/media\/256"}],"wp:attachment":[{"href":"https:\/\/sylvangardens.hu\/index.php?rest_route=%2Fwp%2Fv2%2Fmedia&parent=255"}],"wp:term":[{"taxonomy":"product_brand","embeddable":true,"href":"https:\/\/sylvangardens.hu\/index.php?rest_route=%2Fwp%2Fv2%2Fproduct_brand&post=255"},{"taxonomy":"product_cat","embeddable":true,"href":"https:\/\/sylvangardens.hu\/index.php?rest_route=%2Fwp%2Fv2%2Fproduct_cat&post=255"},{"taxonomy":"product_tag","embeddable":true,"href":"https:\/\/sylvangardens.hu\/index.php?rest_route=%2Fwp%2Fv2%2Fproduct_tag&post=255"}],"curies":[{"name":"wp","href":"https:\/\/api.w.org\/{rel}","templated":true}]}}