{"id":241,"date":"2024-01-29T13:53:39","date_gmt":"2024-01-29T12:53:39","guid":{"rendered":"https:\/\/sylvangardens.hu\/?post_type=product&#038;p=241"},"modified":"2024-02-03T13:50:42","modified_gmt":"2024-02-03T12:50:42","slug":"babermeggy-prunus-laurocerasus-etna","status":"publish","type":"product","link":"https:\/\/sylvangardens.hu\/?product=babermeggy-prunus-laurocerasus-etna","title":{"rendered":"Bab\u00e9rmeggy &#8211; Prunus laurocerasus &#8216;Etna&#8217;\u00ae"},"content":{"rendered":"<p>A n\u00f6v\u00e9ny f\u0151bb jellemz\u0151i:<br \/><strong>T\u00e9l\u00e1ll\u00f3s\u00e1gi Z\u00f3na:<\/strong> 5-8 t\u00e9l\u00e1ll\u00f3s\u00e1gi z\u00f3na k\u00f6z\u00f6tt ide\u00e1lis, teh\u00e1t viszonylag hideg teleken is j\u00f3l teljes\u00edt.<br \/><strong>\u00c9retts\u00e9gi Magass\u00e1g:<\/strong> Az &#8216;Etna&#8217; v\u00e1ltozat \u00e1ltal\u00e1ban 2-3 m\u00e9ter magasra n\u0151, \u00edgy kiv\u00e1l\u00f3 v\u00e1laszt\u00e1s lehet s\u00f6v\u00e9nyk\u00e9nt vagy szolitern\u00f6v\u00e9nyk\u00e9nt.<br \/><strong>Sz\u00e9less\u00e9g:<\/strong> Bokros n\u00f6veked\u00e9se miatt k\u00f6r\u00fclbel\u00fcl 1,5-2 m\u00e9ter sz\u00e9les teret fog elfoglalni.<br \/><strong>Napf\u00e9ny Expoz\u00edci\u00f3:<\/strong> Teljes napf\u00e9nyt\u0151l r\u00e9szes\u00edti el\u0151nyben, de j\u00f3l t\u0171ri az enyh\u00e9bb \u00e1rny\u00e9kokat is.<br \/><strong>V\u00edzig\u00e9ny:<\/strong> M\u00e9rs\u00e9kelt v\u00edzig\u00e9ny\u0171, \u00e9s j\u00f3l alkalmazkodik a k\u00fcl\u00f6nb\u00f6z\u0151 talajviszonyokhoz.<br \/><strong>Talaj:<\/strong> J\u00f3l t\u0171ri a k\u00fcl\u00f6nb\u00f6z\u0151 talajokat, de a j\u00f3 v\u00edzelvezet\u00e9s\u0171 \u00e9s t\u00e1panyagban gazdag talajokat r\u00e9szes\u00edti el\u0151nyben.<br \/>Az &#8216;Etna&#8217; Bab\u00e9r kiv\u00e1l\u00f3an alkalmas v\u00e1rosi kertekbe, parkokba vagy kerttervez\u00e9shez. Az \u00e9l\u00e9nkz\u00f6ld levelek \u00e9s tereb\u00e9lyes habitus eleg\u00e1ns k\u00f6rnyezetet teremtenek.<\/p>\n","protected":false},"excerpt":{"rendered":"<p>A n\u00f6v\u00e9ny f\u0151bb jellemz\u0151i:T\u00e9l\u00e1ll\u00f3s\u00e1gi Z\u00f3na: 5-8 t\u00e9l\u00e1ll\u00f3s\u00e1gi z\u00f3na k\u00f6z\u00f6tt ide\u00e1lis, teh\u00e1t viszonylag hideg teleken is j\u00f3l teljes\u00edt.\u00c9retts\u00e9gi Magass\u00e1g: Az &#8216;Etna&#8217; v\u00e1ltozat \u00e1ltal\u00e1ban 2-3 m\u00e9ter magasra n\u0151, \u00edgy kiv\u00e1l\u00f3 v\u00e1laszt\u00e1s lehet s\u00f6v\u00e9nyk\u00e9nt vagy szolitern\u00f6v\u00e9nyk\u00e9nt.Sz\u00e9less\u00e9g: Bokros n\u00f6veked\u00e9se miatt k\u00f6r\u00fclbel\u00fcl 1,5-2 m\u00e9ter sz\u00e9les teret fog elfoglalni.Napf\u00e9ny Expoz\u00edci\u00f3: Teljes napf\u00e9nyt\u0151l r\u00e9szes\u00edti el\u0151nyben, de j\u00f3l t\u0171ri az enyh\u00e9bb \u00e1rny\u00e9kokat is.V\u00edzig\u00e9ny: [&hellip;]<\/p>\n","protected":false},"featured_media":242,"comment_status":"open","ping_status":"closed","template":"","meta":[],"product_brand":[],"product_cat":[128,80,116,21],"product_tag":[40,27,26],"class_list":{"0":"post-241","1":"product","2":"type-product","3":"status-publish","4":"has-post-thumbnail","6":"product_cat-babermeggy","7":"product_cat-cserje","8":"product_cat-diszfak-es-cserjek","9":"product_cat-osszes","10":"product_tag-ellenallo","11":"product_tag-orokzold","12":"product_tag-soveny","13":"product_shipping_class-gls-l-csomag","15":"first","16":"instock","17":"purchasable","18":"product-type-simple"},"yoast_head":"<!-- This site is optimized with the Yoast SEO plugin v27.4 - https:\/\/yoast.com\/product\/yoast-seo-wordpress\/ -->\n<title>Bab\u00e9rmeggy - Prunus laurocerasus &#039;Etna&#039;\u00ae - VargaKertM\u00f3r<\/title>\n<meta name=\"robots\" content=\"index, follow, max-snippet:-1, max-image-preview:large, max-video-preview:-1\" \/>\n<link rel=\"canonical\" href=\"https:\/\/sylvangardens.hu\/?product=babermeggy-prunus-laurocerasus-etna\" \/>\n<meta property=\"og:locale\" content=\"hu_HU\" \/>\n<meta property=\"og:type\" content=\"article\" \/>\n<meta property=\"og:title\" content=\"Bab\u00e9rmeggy - Prunus laurocerasus &#039;Etna&#039;\u00ae - VargaKertM\u00f3r\" \/>\n<meta property=\"og:description\" content=\"A n\u00f6v\u00e9ny f\u0151bb jellemz\u0151i:T\u00e9l\u00e1ll\u00f3s\u00e1gi Z\u00f3na: 5-8 t\u00e9l\u00e1ll\u00f3s\u00e1gi z\u00f3na k\u00f6z\u00f6tt ide\u00e1lis, teh\u00e1t viszonylag hideg teleken is j\u00f3l teljes\u00edt.\u00c9retts\u00e9gi Magass\u00e1g: Az &#8216;Etna&#8217; v\u00e1ltozat \u00e1ltal\u00e1ban 2-3 m\u00e9ter magasra n\u0151, \u00edgy kiv\u00e1l\u00f3 v\u00e1laszt\u00e1s lehet s\u00f6v\u00e9nyk\u00e9nt vagy szolitern\u00f6v\u00e9nyk\u00e9nt.Sz\u00e9less\u00e9g: Bokros n\u00f6veked\u00e9se miatt k\u00f6r\u00fclbel\u00fcl 1,5-2 m\u00e9ter sz\u00e9les teret fog elfoglalni.Napf\u00e9ny Expoz\u00edci\u00f3: Teljes napf\u00e9nyt\u0151l r\u00e9szes\u00edti el\u0151nyben, de j\u00f3l t\u0171ri az enyh\u00e9bb \u00e1rny\u00e9kokat is.V\u00edzig\u00e9ny: [&hellip;]\" \/>\n<meta property=\"og:url\" content=\"https:\/\/sylvangardens.hu\/?product=babermeggy-prunus-laurocerasus-etna\" \/>\n<meta property=\"og:site_name\" content=\"VargaKertM\u00f3r\" \/>\n<meta property=\"article:publisher\" content=\"https:\/\/www.facebook.com\/VargaKertMor\" \/>\n<meta property=\"article:modified_time\" content=\"2024-02-03T12:50:42+00:00\" \/>\n<meta property=\"og:image\" content=\"https:\/\/sylvangardens.hu\/wp-content\/uploads\/2024\/01\/etna.jpg\" \/>\n\t<meta property=\"og:image:width\" content=\"1080\" \/>\n\t<meta property=\"og:image:height\" content=\"951\" \/>\n\t<meta property=\"og:image:type\" content=\"image\/jpeg\" \/>\n<meta name=\"twitter:card\" content=\"summary_large_image\" \/>\n<meta name=\"twitter:label1\" content=\"Becs\u00fclt olvas\u00e1si id\u0151\" \/>\n\t<meta name=\"twitter:data1\" content=\"1 perc\" \/>\n<script type=\"application\/ld+json\" class=\"yoast-schema-graph\">{\"@context\":\"https:\\\/\\\/schema.org\",\"@graph\":[{\"@type\":\"WebPage\",\"@id\":\"https:\\\/\\\/sylvangardens.hu\\\/?product=babermeggy-prunus-laurocerasus-etna\",\"url\":\"https:\\\/\\\/sylvangardens.hu\\\/?product=babermeggy-prunus-laurocerasus-etna\",\"name\":\"Bab\u00e9rmeggy - Prunus laurocerasus 'Etna'\u00ae - VargaKertM\u00f3r\",\"isPartOf\":{\"@id\":\"https:\\\/\\\/sylvangardens.hu\\\/#website\"},\"primaryImageOfPage\":{\"@id\":\"https:\\\/\\\/sylvangardens.hu\\\/?product=babermeggy-prunus-laurocerasus-etna#primaryimage\"},\"image\":{\"@id\":\"https:\\\/\\\/sylvangardens.hu\\\/?product=babermeggy-prunus-laurocerasus-etna#primaryimage\"},\"thumbnailUrl\":\"https:\\\/\\\/sylvangardens.hu\\\/wp-content\\\/uploads\\\/2024\\\/01\\\/etna.jpg\",\"datePublished\":\"2024-01-29T12:53:39+00:00\",\"dateModified\":\"2024-02-03T12:50:42+00:00\",\"breadcrumb\":{\"@id\":\"https:\\\/\\\/sylvangardens.hu\\\/?product=babermeggy-prunus-laurocerasus-etna#breadcrumb\"},\"inLanguage\":\"hu\",\"potentialAction\":[{\"@type\":\"ReadAction\",\"target\":[\"https:\\\/\\\/sylvangardens.hu\\\/?product=babermeggy-prunus-laurocerasus-etna\"]}]},{\"@type\":\"ImageObject\",\"inLanguage\":\"hu\",\"@id\":\"https:\\\/\\\/sylvangardens.hu\\\/?product=babermeggy-prunus-laurocerasus-etna#primaryimage\",\"url\":\"https:\\\/\\\/sylvangardens.hu\\\/wp-content\\\/uploads\\\/2024\\\/01\\\/etna.jpg\",\"contentUrl\":\"https:\\\/\\\/sylvangardens.hu\\\/wp-content\\\/uploads\\\/2024\\\/01\\\/etna.jpg\",\"width\":1080,\"height\":951},{\"@type\":\"BreadcrumbList\",\"@id\":\"https:\\\/\\\/sylvangardens.hu\\\/?product=babermeggy-prunus-laurocerasus-etna#breadcrumb\",\"itemListElement\":[{\"@type\":\"ListItem\",\"position\":1,\"name\":\"Kezd\u0151lap\",\"item\":\"https:\\\/\\\/sylvangardens.hu\\\/\"},{\"@type\":\"ListItem\",\"position\":2,\"name\":\"Bab\u00e9rmeggy &#8211; Prunus laurocerasus &#8216;Etna&#8217;\u00ae\"}]},{\"@type\":\"WebSite\",\"@id\":\"https:\\\/\\\/sylvangardens.hu\\\/#website\",\"url\":\"https:\\\/\\\/sylvangardens.hu\\\/\",\"name\":\"VargaKertM\u00f3r\",\"description\":\"Kert\u00e9szet \u00e9s Kert \u00e9s Park\u00e9p\u00edt\u00e9s\",\"publisher\":{\"@id\":\"https:\\\/\\\/sylvangardens.hu\\\/#\\\/schema\\\/person\\\/1fb5e92265f56336b510365bfdcff060\"},\"alternateName\":\"VKM\",\"potentialAction\":[{\"@type\":\"SearchAction\",\"target\":{\"@type\":\"EntryPoint\",\"urlTemplate\":\"https:\\\/\\\/sylvangardens.hu\\\/?s={search_term_string}\"},\"query-input\":{\"@type\":\"PropertyValueSpecification\",\"valueRequired\":true,\"valueName\":\"search_term_string\"}}],\"inLanguage\":\"hu\"},{\"@type\":[\"Person\",\"Organization\"],\"@id\":\"https:\\\/\\\/sylvangardens.hu\\\/#\\\/schema\\\/person\\\/1fb5e92265f56336b510365bfdcff060\",\"name\":\"Varga Rich\u00e1rd\",\"image\":{\"@type\":\"ImageObject\",\"inLanguage\":\"hu\",\"@id\":\"https:\\\/\\\/sylvangardens.hu\\\/wp-content\\\/uploads\\\/2024\\\/01\\\/cropped-Logo-hands-on1600x800.png\",\"url\":\"https:\\\/\\\/sylvangardens.hu\\\/wp-content\\\/uploads\\\/2024\\\/01\\\/cropped-Logo-hands-on1600x800.png\",\"contentUrl\":\"https:\\\/\\\/sylvangardens.hu\\\/wp-content\\\/uploads\\\/2024\\\/01\\\/cropped-Logo-hands-on1600x800.png\",\"width\":240,\"height\":148,\"caption\":\"Varga Rich\u00e1rd\"},\"logo\":{\"@id\":\"https:\\\/\\\/sylvangardens.hu\\\/wp-content\\\/uploads\\\/2024\\\/01\\\/cropped-Logo-hands-on1600x800.png\"},\"sameAs\":[\"https:\\\/\\\/sylvangardens.hu\",\"https:\\\/\\\/www.facebook.com\\\/VargaKertMor\"]}]}<\/script>\n<!-- \/ Yoast SEO plugin. -->","yoast_head_json":{"title":"Bab\u00e9rmeggy - Prunus laurocerasus 'Etna'\u00ae - VargaKertM\u00f3r","robots":{"index":"index","follow":"follow","max-snippet":"max-snippet:-1","max-image-preview":"max-image-preview:large","max-video-preview":"max-video-preview:-1"},"canonical":"https:\/\/sylvangardens.hu\/?product=babermeggy-prunus-laurocerasus-etna","og_locale":"hu_HU","og_type":"article","og_title":"Bab\u00e9rmeggy - Prunus laurocerasus 'Etna'\u00ae - VargaKertM\u00f3r","og_description":"A n\u00f6v\u00e9ny f\u0151bb jellemz\u0151i:T\u00e9l\u00e1ll\u00f3s\u00e1gi Z\u00f3na: 5-8 t\u00e9l\u00e1ll\u00f3s\u00e1gi z\u00f3na k\u00f6z\u00f6tt ide\u00e1lis, teh\u00e1t viszonylag hideg teleken is j\u00f3l teljes\u00edt.\u00c9retts\u00e9gi Magass\u00e1g: Az &#8216;Etna&#8217; v\u00e1ltozat \u00e1ltal\u00e1ban 2-3 m\u00e9ter magasra n\u0151, \u00edgy kiv\u00e1l\u00f3 v\u00e1laszt\u00e1s lehet s\u00f6v\u00e9nyk\u00e9nt vagy szolitern\u00f6v\u00e9nyk\u00e9nt.Sz\u00e9less\u00e9g: Bokros n\u00f6veked\u00e9se miatt k\u00f6r\u00fclbel\u00fcl 1,5-2 m\u00e9ter sz\u00e9les teret fog elfoglalni.Napf\u00e9ny Expoz\u00edci\u00f3: Teljes napf\u00e9nyt\u0151l r\u00e9szes\u00edti el\u0151nyben, de j\u00f3l t\u0171ri az enyh\u00e9bb \u00e1rny\u00e9kokat is.V\u00edzig\u00e9ny: [&hellip;]","og_url":"https:\/\/sylvangardens.hu\/?product=babermeggy-prunus-laurocerasus-etna","og_site_name":"VargaKertM\u00f3r","article_publisher":"https:\/\/www.facebook.com\/VargaKertMor","article_modified_time":"2024-02-03T12:50:42+00:00","og_image":[{"width":1080,"height":951,"url":"https:\/\/sylvangardens.hu\/wp-content\/uploads\/2024\/01\/etna.jpg","type":"image\/jpeg"}],"twitter_card":"summary_large_image","twitter_misc":{"Becs\u00fclt olvas\u00e1si id\u0151":"1 perc"},"schema":{"@context":"https:\/\/schema.org","@graph":[{"@type":"WebPage","@id":"https:\/\/sylvangardens.hu\/?product=babermeggy-prunus-laurocerasus-etna","url":"https:\/\/sylvangardens.hu\/?product=babermeggy-prunus-laurocerasus-etna","name":"Bab\u00e9rmeggy - Prunus laurocerasus 'Etna'\u00ae - VargaKertM\u00f3r","isPartOf":{"@id":"https:\/\/sylvangardens.hu\/#website"},"primaryImageOfPage":{"@id":"https:\/\/sylvangardens.hu\/?product=babermeggy-prunus-laurocerasus-etna#primaryimage"},"image":{"@id":"https:\/\/sylvangardens.hu\/?product=babermeggy-prunus-laurocerasus-etna#primaryimage"},"thumbnailUrl":"https:\/\/sylvangardens.hu\/wp-content\/uploads\/2024\/01\/etna.jpg","datePublished":"2024-01-29T12:53:39+00:00","dateModified":"2024-02-03T12:50:42+00:00","breadcrumb":{"@id":"https:\/\/sylvangardens.hu\/?product=babermeggy-prunus-laurocerasus-etna#breadcrumb"},"inLanguage":"hu","potentialAction":[{"@type":"ReadAction","target":["https:\/\/sylvangardens.hu\/?product=babermeggy-prunus-laurocerasus-etna"]}]},{"@type":"ImageObject","inLanguage":"hu","@id":"https:\/\/sylvangardens.hu\/?product=babermeggy-prunus-laurocerasus-etna#primaryimage","url":"https:\/\/sylvangardens.hu\/wp-content\/uploads\/2024\/01\/etna.jpg","contentUrl":"https:\/\/sylvangardens.hu\/wp-content\/uploads\/2024\/01\/etna.jpg","width":1080,"height":951},{"@type":"BreadcrumbList","@id":"https:\/\/sylvangardens.hu\/?product=babermeggy-prunus-laurocerasus-etna#breadcrumb","itemListElement":[{"@type":"ListItem","position":1,"name":"Kezd\u0151lap","item":"https:\/\/sylvangardens.hu\/"},{"@type":"ListItem","position":2,"name":"Bab\u00e9rmeggy &#8211; Prunus laurocerasus &#8216;Etna&#8217;\u00ae"}]},{"@type":"WebSite","@id":"https:\/\/sylvangardens.hu\/#website","url":"https:\/\/sylvangardens.hu\/","name":"VargaKertM\u00f3r","description":"Kert\u00e9szet \u00e9s Kert \u00e9s Park\u00e9p\u00edt\u00e9s","publisher":{"@id":"https:\/\/sylvangardens.hu\/#\/schema\/person\/1fb5e92265f56336b510365bfdcff060"},"alternateName":"VKM","potentialAction":[{"@type":"SearchAction","target":{"@type":"EntryPoint","urlTemplate":"https:\/\/sylvangardens.hu\/?s={search_term_string}"},"query-input":{"@type":"PropertyValueSpecification","valueRequired":true,"valueName":"search_term_string"}}],"inLanguage":"hu"},{"@type":["Person","Organization"],"@id":"https:\/\/sylvangardens.hu\/#\/schema\/person\/1fb5e92265f56336b510365bfdcff060","name":"Varga Rich\u00e1rd","image":{"@type":"ImageObject","inLanguage":"hu","@id":"https:\/\/sylvangardens.hu\/wp-content\/uploads\/2024\/01\/cropped-Logo-hands-on1600x800.png","url":"https:\/\/sylvangardens.hu\/wp-content\/uploads\/2024\/01\/cropped-Logo-hands-on1600x800.png","contentUrl":"https:\/\/sylvangardens.hu\/wp-content\/uploads\/2024\/01\/cropped-Logo-hands-on1600x800.png","width":240,"height":148,"caption":"Varga Rich\u00e1rd"},"logo":{"@id":"https:\/\/sylvangardens.hu\/wp-content\/uploads\/2024\/01\/cropped-Logo-hands-on1600x800.png"},"sameAs":["https:\/\/sylvangardens.hu","https:\/\/www.facebook.com\/VargaKertMor"]}]}},"_links":{"self":[{"href":"https:\/\/sylvangardens.hu\/index.php?rest_route=\/wp\/v2\/product\/241","targetHints":{"allow":["GET"]}}],"collection":[{"href":"https:\/\/sylvangardens.hu\/index.php?rest_route=\/wp\/v2\/product"}],"about":[{"href":"https:\/\/sylvangardens.hu\/index.php?rest_route=\/wp\/v2\/types\/product"}],"replies":[{"embeddable":true,"href":"https:\/\/sylvangardens.hu\/index.php?rest_route=%2Fwp%2Fv2%2Fcomments&post=241"}],"wp:featuredmedia":[{"embeddable":true,"href":"https:\/\/sylvangardens.hu\/index.php?rest_route=\/wp\/v2\/media\/242"}],"wp:attachment":[{"href":"https:\/\/sylvangardens.hu\/index.php?rest_route=%2Fwp%2Fv2%2Fmedia&parent=241"}],"wp:term":[{"taxonomy":"product_brand","embeddable":true,"href":"https:\/\/sylvangardens.hu\/index.php?rest_route=%2Fwp%2Fv2%2Fproduct_brand&post=241"},{"taxonomy":"product_cat","embeddable":true,"href":"https:\/\/sylvangardens.hu\/index.php?rest_route=%2Fwp%2Fv2%2Fproduct_cat&post=241"},{"taxonomy":"product_tag","embeddable":true,"href":"https:\/\/sylvangardens.hu\/index.php?rest_route=%2Fwp%2Fv2%2Fproduct_tag&post=241"}],"curies":[{"name":"wp","href":"https:\/\/api.w.org\/{rel}","templated":true}]}}