{"id":219,"date":"2024-01-29T10:57:18","date_gmt":"2024-01-29T09:57:18","guid":{"rendered":"https:\/\/sylvangardens.hu\/?post_type=product&#038;p=219"},"modified":"2024-02-03T13:53:32","modified_gmt":"2024-02-03T12:53:32","slug":"photinia-x-fraseri-magical-volcano","status":"publish","type":"product","link":"https:\/\/sylvangardens.hu\/?product=photinia-x-fraseri-magical-volcano","title":{"rendered":"Photinia x fraseri &#8216;Magical Volcano&#8217;\u00ae"},"content":{"rendered":"<p>A n\u00f6v\u00e9ny f\u0151bb jellemz\u0151i:<br \/><strong>T\u00e9l\u00e1ll\u00f3s\u00e1gi Z\u00f3na:<\/strong> 6-9 t\u00e9l\u00e1ll\u00f3s\u00e1gi z\u00f3na k\u00f6z\u00f6tt ide\u00e1lis, \u00edgy v\u00e1ltozatos \u00e9ghajlati viszonyok k\u00f6z\u00f6tt is j\u00f3l prosper\u00e1l.<br \/><strong>\u00c9retts\u00e9gi Magass\u00e1g:<\/strong> A &#8216;Magical Volcano&#8217; v\u00e1ltozat \u00e1ltal\u00e1ban 1,5-2 m\u00e9ter magasra n\u0151, \u00edgy ide\u00e1lis v\u00e1laszt\u00e1s lehet kisebb kertekbe vagy s\u00f6v\u00e9nyk\u00e9nt.<br \/><strong>Sz\u00e9less\u00e9g:<\/strong> Kerekded, bokros n\u00f6veked\u00e9se miatt k\u00f6r\u00fclbel\u00fcl 1-1,5 m\u00e9ter sz\u00e9les teret fog elfoglalni.<br \/><strong>Napf\u00e9ny Expoz\u00edci\u00f3:<\/strong> Teljes napf\u00e9nyt\u0151l r\u00e9szes\u00edti el\u0151nyben, de j\u00f3l t\u0171ri az enyh\u00e9bb \u00e1rny\u00e9kokat is.<br \/><strong>V\u00edzig\u00e9ny:<\/strong> M\u00e9rs\u00e9kelt v\u00edzig\u00e9ny\u0171, amely lehet\u0151v\u00e9 teszi a sz\u00e1razabb k\u00f6r\u00fclm\u00e9nyek k\u00f6z\u00f6tt val\u00f3 boldogul\u00e1st.<br \/><strong>Talaj:<\/strong> J\u00f3l t\u0171ri a k\u00fcl\u00f6nb\u00f6z\u0151 talajokat, de a j\u00f3 v\u00edzelvezet\u00e9s\u0171 \u00e9s t\u00e1panyagban gazdag talajokat r\u00e9szes\u00edti el\u0151nyben.<br \/>A &#8216;Magical Volcano&#8217; var\u00e1zslatosan \u00e9l\u00e9nk v\u00f6r\u00f6s hajt\u00e1sokkal rendelkezik, melyek k\u00fcl\u00f6nleges l\u00e1tv\u00e1nyt ny\u00fajtanak a kertben. Kiv\u00e1l\u00f3 v\u00e1laszt\u00e1s kerttervez\u0151k \u00e9s kertbar\u00e1tok sz\u00e1m\u00e1ra egyar\u00e1nt.<\/p>\n","protected":false},"excerpt":{"rendered":"<p>A n\u00f6v\u00e9ny f\u0151bb jellemz\u0151i:T\u00e9l\u00e1ll\u00f3s\u00e1gi Z\u00f3na: 6-9 t\u00e9l\u00e1ll\u00f3s\u00e1gi z\u00f3na k\u00f6z\u00f6tt ide\u00e1lis, \u00edgy v\u00e1ltozatos \u00e9ghajlati viszonyok k\u00f6z\u00f6tt is j\u00f3l prosper\u00e1l.\u00c9retts\u00e9gi Magass\u00e1g: A &#8216;Magical Volcano&#8217; v\u00e1ltozat \u00e1ltal\u00e1ban 1,5-2 m\u00e9ter magasra n\u0151, \u00edgy ide\u00e1lis v\u00e1laszt\u00e1s lehet kisebb kertekbe vagy s\u00f6v\u00e9nyk\u00e9nt.Sz\u00e9less\u00e9g: Kerekded, bokros n\u00f6veked\u00e9se miatt k\u00f6r\u00fclbel\u00fcl 1-1,5 m\u00e9ter sz\u00e9les teret fog elfoglalni.Napf\u00e9ny Expoz\u00edci\u00f3: Teljes napf\u00e9nyt\u0151l r\u00e9szes\u00edti el\u0151nyben, de j\u00f3l t\u0171ri [&hellip;]<\/p>\n","protected":false},"featured_media":220,"comment_status":"open","ping_status":"closed","template":"","meta":[],"product_brand":[],"product_cat":[80,116,129,21],"product_tag":[40,27,26],"class_list":{"0":"post-219","1":"product","2":"type-product","3":"status-publish","4":"has-post-thumbnail","6":"product_cat-cserje","7":"product_cat-diszfak-es-cserjek","8":"product_cat-korallberkenye","9":"product_cat-osszes","10":"product_tag-ellenallo","11":"product_tag-orokzold","12":"product_tag-soveny","13":"product_shipping_class-gls-l-csomag","15":"first","16":"instock","17":"taxable","18":"shipping-taxable","19":"purchasable","20":"product-type-simple"},"yoast_head":"<!-- This site is optimized with the Yoast SEO plugin v27.4 - https:\/\/yoast.com\/product\/yoast-seo-wordpress\/ -->\n<title>Photinia x fraseri &#039;Magical Volcano&#039;\u00ae - VargaKertM\u00f3r<\/title>\n<meta name=\"robots\" content=\"index, follow, max-snippet:-1, max-image-preview:large, max-video-preview:-1\" \/>\n<link rel=\"canonical\" href=\"https:\/\/sylvangardens.hu\/?product=photinia-x-fraseri-magical-volcano\" \/>\n<meta property=\"og:locale\" content=\"hu_HU\" \/>\n<meta property=\"og:type\" content=\"article\" \/>\n<meta property=\"og:title\" content=\"Photinia x fraseri &#039;Magical Volcano&#039;\u00ae - VargaKertM\u00f3r\" \/>\n<meta property=\"og:description\" content=\"A n\u00f6v\u00e9ny f\u0151bb jellemz\u0151i:T\u00e9l\u00e1ll\u00f3s\u00e1gi Z\u00f3na: 6-9 t\u00e9l\u00e1ll\u00f3s\u00e1gi z\u00f3na k\u00f6z\u00f6tt ide\u00e1lis, \u00edgy v\u00e1ltozatos \u00e9ghajlati viszonyok k\u00f6z\u00f6tt is j\u00f3l prosper\u00e1l.\u00c9retts\u00e9gi Magass\u00e1g: A &#8216;Magical Volcano&#8217; v\u00e1ltozat \u00e1ltal\u00e1ban 1,5-2 m\u00e9ter magasra n\u0151, \u00edgy ide\u00e1lis v\u00e1laszt\u00e1s lehet kisebb kertekbe vagy s\u00f6v\u00e9nyk\u00e9nt.Sz\u00e9less\u00e9g: Kerekded, bokros n\u00f6veked\u00e9se miatt k\u00f6r\u00fclbel\u00fcl 1-1,5 m\u00e9ter sz\u00e9les teret fog elfoglalni.Napf\u00e9ny Expoz\u00edci\u00f3: Teljes napf\u00e9nyt\u0151l r\u00e9szes\u00edti el\u0151nyben, de j\u00f3l t\u0171ri [&hellip;]\" \/>\n<meta property=\"og:url\" content=\"https:\/\/sylvangardens.hu\/?product=photinia-x-fraseri-magical-volcano\" \/>\n<meta property=\"og:site_name\" content=\"VargaKertM\u00f3r\" \/>\n<meta property=\"article:publisher\" content=\"https:\/\/www.facebook.com\/VargaKertMor\" \/>\n<meta property=\"article:modified_time\" content=\"2024-02-03T12:53:32+00:00\" \/>\n<meta property=\"og:image\" content=\"https:\/\/sylvangardens.hu\/wp-content\/uploads\/2024\/01\/photinia-fraseri-magical-volcano.jpg\" \/>\n\t<meta property=\"og:image:width\" content=\"491\" \/>\n\t<meta property=\"og:image:height\" content=\"500\" \/>\n\t<meta property=\"og:image:type\" content=\"image\/jpeg\" \/>\n<meta name=\"twitter:card\" content=\"summary_large_image\" \/>\n<meta name=\"twitter:label1\" content=\"Becs\u00fclt olvas\u00e1si id\u0151\" \/>\n\t<meta name=\"twitter:data1\" content=\"1 perc\" \/>\n<script type=\"application\/ld+json\" class=\"yoast-schema-graph\">{\"@context\":\"https:\\\/\\\/schema.org\",\"@graph\":[{\"@type\":\"WebPage\",\"@id\":\"https:\\\/\\\/sylvangardens.hu\\\/?product=photinia-x-fraseri-magical-volcano\",\"url\":\"https:\\\/\\\/sylvangardens.hu\\\/?product=photinia-x-fraseri-magical-volcano\",\"name\":\"Photinia x fraseri 'Magical Volcano'\u00ae - VargaKertM\u00f3r\",\"isPartOf\":{\"@id\":\"https:\\\/\\\/sylvangardens.hu\\\/#website\"},\"primaryImageOfPage\":{\"@id\":\"https:\\\/\\\/sylvangardens.hu\\\/?product=photinia-x-fraseri-magical-volcano#primaryimage\"},\"image\":{\"@id\":\"https:\\\/\\\/sylvangardens.hu\\\/?product=photinia-x-fraseri-magical-volcano#primaryimage\"},\"thumbnailUrl\":\"https:\\\/\\\/sylvangardens.hu\\\/wp-content\\\/uploads\\\/2024\\\/01\\\/photinia-fraseri-magical-volcano.jpg\",\"datePublished\":\"2024-01-29T09:57:18+00:00\",\"dateModified\":\"2024-02-03T12:53:32+00:00\",\"breadcrumb\":{\"@id\":\"https:\\\/\\\/sylvangardens.hu\\\/?product=photinia-x-fraseri-magical-volcano#breadcrumb\"},\"inLanguage\":\"hu\",\"potentialAction\":[{\"@type\":\"ReadAction\",\"target\":[\"https:\\\/\\\/sylvangardens.hu\\\/?product=photinia-x-fraseri-magical-volcano\"]}]},{\"@type\":\"ImageObject\",\"inLanguage\":\"hu\",\"@id\":\"https:\\\/\\\/sylvangardens.hu\\\/?product=photinia-x-fraseri-magical-volcano#primaryimage\",\"url\":\"https:\\\/\\\/sylvangardens.hu\\\/wp-content\\\/uploads\\\/2024\\\/01\\\/photinia-fraseri-magical-volcano.jpg\",\"contentUrl\":\"https:\\\/\\\/sylvangardens.hu\\\/wp-content\\\/uploads\\\/2024\\\/01\\\/photinia-fraseri-magical-volcano.jpg\",\"width\":491,\"height\":500},{\"@type\":\"BreadcrumbList\",\"@id\":\"https:\\\/\\\/sylvangardens.hu\\\/?product=photinia-x-fraseri-magical-volcano#breadcrumb\",\"itemListElement\":[{\"@type\":\"ListItem\",\"position\":1,\"name\":\"Kezd\u0151lap\",\"item\":\"https:\\\/\\\/sylvangardens.hu\\\/\"},{\"@type\":\"ListItem\",\"position\":2,\"name\":\"Photinia x fraseri &#8216;Magical Volcano&#8217;\u00ae\"}]},{\"@type\":\"WebSite\",\"@id\":\"https:\\\/\\\/sylvangardens.hu\\\/#website\",\"url\":\"https:\\\/\\\/sylvangardens.hu\\\/\",\"name\":\"VargaKertM\u00f3r\",\"description\":\"Kert\u00e9szet \u00e9s Kert \u00e9s Park\u00e9p\u00edt\u00e9s\",\"publisher\":{\"@id\":\"https:\\\/\\\/sylvangardens.hu\\\/#\\\/schema\\\/person\\\/1fb5e92265f56336b510365bfdcff060\"},\"alternateName\":\"VKM\",\"potentialAction\":[{\"@type\":\"SearchAction\",\"target\":{\"@type\":\"EntryPoint\",\"urlTemplate\":\"https:\\\/\\\/sylvangardens.hu\\\/?s={search_term_string}\"},\"query-input\":{\"@type\":\"PropertyValueSpecification\",\"valueRequired\":true,\"valueName\":\"search_term_string\"}}],\"inLanguage\":\"hu\"},{\"@type\":[\"Person\",\"Organization\"],\"@id\":\"https:\\\/\\\/sylvangardens.hu\\\/#\\\/schema\\\/person\\\/1fb5e92265f56336b510365bfdcff060\",\"name\":\"Varga Rich\u00e1rd\",\"image\":{\"@type\":\"ImageObject\",\"inLanguage\":\"hu\",\"@id\":\"https:\\\/\\\/sylvangardens.hu\\\/wp-content\\\/uploads\\\/2024\\\/01\\\/cropped-Logo-hands-on1600x800.png\",\"url\":\"https:\\\/\\\/sylvangardens.hu\\\/wp-content\\\/uploads\\\/2024\\\/01\\\/cropped-Logo-hands-on1600x800.png\",\"contentUrl\":\"https:\\\/\\\/sylvangardens.hu\\\/wp-content\\\/uploads\\\/2024\\\/01\\\/cropped-Logo-hands-on1600x800.png\",\"width\":240,\"height\":148,\"caption\":\"Varga Rich\u00e1rd\"},\"logo\":{\"@id\":\"https:\\\/\\\/sylvangardens.hu\\\/wp-content\\\/uploads\\\/2024\\\/01\\\/cropped-Logo-hands-on1600x800.png\"},\"sameAs\":[\"https:\\\/\\\/sylvangardens.hu\",\"https:\\\/\\\/www.facebook.com\\\/VargaKertMor\"]}]}<\/script>\n<!-- \/ Yoast SEO plugin. -->","yoast_head_json":{"title":"Photinia x fraseri 'Magical Volcano'\u00ae - VargaKertM\u00f3r","robots":{"index":"index","follow":"follow","max-snippet":"max-snippet:-1","max-image-preview":"max-image-preview:large","max-video-preview":"max-video-preview:-1"},"canonical":"https:\/\/sylvangardens.hu\/?product=photinia-x-fraseri-magical-volcano","og_locale":"hu_HU","og_type":"article","og_title":"Photinia x fraseri 'Magical Volcano'\u00ae - VargaKertM\u00f3r","og_description":"A n\u00f6v\u00e9ny f\u0151bb jellemz\u0151i:T\u00e9l\u00e1ll\u00f3s\u00e1gi Z\u00f3na: 6-9 t\u00e9l\u00e1ll\u00f3s\u00e1gi z\u00f3na k\u00f6z\u00f6tt ide\u00e1lis, \u00edgy v\u00e1ltozatos \u00e9ghajlati viszonyok k\u00f6z\u00f6tt is j\u00f3l prosper\u00e1l.\u00c9retts\u00e9gi Magass\u00e1g: A &#8216;Magical Volcano&#8217; v\u00e1ltozat \u00e1ltal\u00e1ban 1,5-2 m\u00e9ter magasra n\u0151, \u00edgy ide\u00e1lis v\u00e1laszt\u00e1s lehet kisebb kertekbe vagy s\u00f6v\u00e9nyk\u00e9nt.Sz\u00e9less\u00e9g: Kerekded, bokros n\u00f6veked\u00e9se miatt k\u00f6r\u00fclbel\u00fcl 1-1,5 m\u00e9ter sz\u00e9les teret fog elfoglalni.Napf\u00e9ny Expoz\u00edci\u00f3: Teljes napf\u00e9nyt\u0151l r\u00e9szes\u00edti el\u0151nyben, de j\u00f3l t\u0171ri [&hellip;]","og_url":"https:\/\/sylvangardens.hu\/?product=photinia-x-fraseri-magical-volcano","og_site_name":"VargaKertM\u00f3r","article_publisher":"https:\/\/www.facebook.com\/VargaKertMor","article_modified_time":"2024-02-03T12:53:32+00:00","og_image":[{"width":491,"height":500,"url":"https:\/\/sylvangardens.hu\/wp-content\/uploads\/2024\/01\/photinia-fraseri-magical-volcano.jpg","type":"image\/jpeg"}],"twitter_card":"summary_large_image","twitter_misc":{"Becs\u00fclt olvas\u00e1si id\u0151":"1 perc"},"schema":{"@context":"https:\/\/schema.org","@graph":[{"@type":"WebPage","@id":"https:\/\/sylvangardens.hu\/?product=photinia-x-fraseri-magical-volcano","url":"https:\/\/sylvangardens.hu\/?product=photinia-x-fraseri-magical-volcano","name":"Photinia x fraseri 'Magical Volcano'\u00ae - VargaKertM\u00f3r","isPartOf":{"@id":"https:\/\/sylvangardens.hu\/#website"},"primaryImageOfPage":{"@id":"https:\/\/sylvangardens.hu\/?product=photinia-x-fraseri-magical-volcano#primaryimage"},"image":{"@id":"https:\/\/sylvangardens.hu\/?product=photinia-x-fraseri-magical-volcano#primaryimage"},"thumbnailUrl":"https:\/\/sylvangardens.hu\/wp-content\/uploads\/2024\/01\/photinia-fraseri-magical-volcano.jpg","datePublished":"2024-01-29T09:57:18+00:00","dateModified":"2024-02-03T12:53:32+00:00","breadcrumb":{"@id":"https:\/\/sylvangardens.hu\/?product=photinia-x-fraseri-magical-volcano#breadcrumb"},"inLanguage":"hu","potentialAction":[{"@type":"ReadAction","target":["https:\/\/sylvangardens.hu\/?product=photinia-x-fraseri-magical-volcano"]}]},{"@type":"ImageObject","inLanguage":"hu","@id":"https:\/\/sylvangardens.hu\/?product=photinia-x-fraseri-magical-volcano#primaryimage","url":"https:\/\/sylvangardens.hu\/wp-content\/uploads\/2024\/01\/photinia-fraseri-magical-volcano.jpg","contentUrl":"https:\/\/sylvangardens.hu\/wp-content\/uploads\/2024\/01\/photinia-fraseri-magical-volcano.jpg","width":491,"height":500},{"@type":"BreadcrumbList","@id":"https:\/\/sylvangardens.hu\/?product=photinia-x-fraseri-magical-volcano#breadcrumb","itemListElement":[{"@type":"ListItem","position":1,"name":"Kezd\u0151lap","item":"https:\/\/sylvangardens.hu\/"},{"@type":"ListItem","position":2,"name":"Photinia x fraseri &#8216;Magical Volcano&#8217;\u00ae"}]},{"@type":"WebSite","@id":"https:\/\/sylvangardens.hu\/#website","url":"https:\/\/sylvangardens.hu\/","name":"VargaKertM\u00f3r","description":"Kert\u00e9szet \u00e9s Kert \u00e9s Park\u00e9p\u00edt\u00e9s","publisher":{"@id":"https:\/\/sylvangardens.hu\/#\/schema\/person\/1fb5e92265f56336b510365bfdcff060"},"alternateName":"VKM","potentialAction":[{"@type":"SearchAction","target":{"@type":"EntryPoint","urlTemplate":"https:\/\/sylvangardens.hu\/?s={search_term_string}"},"query-input":{"@type":"PropertyValueSpecification","valueRequired":true,"valueName":"search_term_string"}}],"inLanguage":"hu"},{"@type":["Person","Organization"],"@id":"https:\/\/sylvangardens.hu\/#\/schema\/person\/1fb5e92265f56336b510365bfdcff060","name":"Varga Rich\u00e1rd","image":{"@type":"ImageObject","inLanguage":"hu","@id":"https:\/\/sylvangardens.hu\/wp-content\/uploads\/2024\/01\/cropped-Logo-hands-on1600x800.png","url":"https:\/\/sylvangardens.hu\/wp-content\/uploads\/2024\/01\/cropped-Logo-hands-on1600x800.png","contentUrl":"https:\/\/sylvangardens.hu\/wp-content\/uploads\/2024\/01\/cropped-Logo-hands-on1600x800.png","width":240,"height":148,"caption":"Varga Rich\u00e1rd"},"logo":{"@id":"https:\/\/sylvangardens.hu\/wp-content\/uploads\/2024\/01\/cropped-Logo-hands-on1600x800.png"},"sameAs":["https:\/\/sylvangardens.hu","https:\/\/www.facebook.com\/VargaKertMor"]}]}},"_links":{"self":[{"href":"https:\/\/sylvangardens.hu\/index.php?rest_route=\/wp\/v2\/product\/219","targetHints":{"allow":["GET"]}}],"collection":[{"href":"https:\/\/sylvangardens.hu\/index.php?rest_route=\/wp\/v2\/product"}],"about":[{"href":"https:\/\/sylvangardens.hu\/index.php?rest_route=\/wp\/v2\/types\/product"}],"replies":[{"embeddable":true,"href":"https:\/\/sylvangardens.hu\/index.php?rest_route=%2Fwp%2Fv2%2Fcomments&post=219"}],"wp:featuredmedia":[{"embeddable":true,"href":"https:\/\/sylvangardens.hu\/index.php?rest_route=\/wp\/v2\/media\/220"}],"wp:attachment":[{"href":"https:\/\/sylvangardens.hu\/index.php?rest_route=%2Fwp%2Fv2%2Fmedia&parent=219"}],"wp:term":[{"taxonomy":"product_brand","embeddable":true,"href":"https:\/\/sylvangardens.hu\/index.php?rest_route=%2Fwp%2Fv2%2Fproduct_brand&post=219"},{"taxonomy":"product_cat","embeddable":true,"href":"https:\/\/sylvangardens.hu\/index.php?rest_route=%2Fwp%2Fv2%2Fproduct_cat&post=219"},{"taxonomy":"product_tag","embeddable":true,"href":"https:\/\/sylvangardens.hu\/index.php?rest_route=%2Fwp%2Fv2%2Fproduct_tag&post=219"}],"curies":[{"name":"wp","href":"https:\/\/api.w.org\/{rel}","templated":true}]}}