{"id":184,"date":"2024-01-28T17:43:49","date_gmt":"2024-01-28T16:43:49","guid":{"rendered":"https:\/\/sylvangardens.hu\/?post_type=product&#038;p=184"},"modified":"2024-02-03T13:54:08","modified_gmt":"2024-02-03T12:54:08","slug":"arany-oregoni-hamisciprus-chamaecyparis-lawsoniana-yvonne","status":"publish","type":"product","link":"https:\/\/sylvangardens.hu\/?product=arany-oregoni-hamisciprus-chamaecyparis-lawsoniana-yvonne","title":{"rendered":"Arany oregoni hamisciprus &#8211; Chamaecyparis lawsoniana \u2018Yvonne\u2019"},"content":{"rendered":"<p>Az al\u00e1bbiakban megtal\u00e1lhat\u00f3k a n\u00f6v\u00e9ny f\u0151bb jellemz\u0151i:<br \/>T\u00e9l\u00e1ll\u00f3s\u00e1gi Z\u00f3na: 5-7 t\u00e9l\u00e1ll\u00f3s\u00e1gi z\u00f3na k\u00f6z\u00f6tt ide\u00e1lis, teh\u00e1t m\u00e9rs\u00e9kelt \u00e9ghajlaton j\u00f3l prosper\u00e1l.<br \/>\u00c9retts\u00e9gi Magass\u00e1g: A &#8216;Yvonne&#8217; v\u00e1ltozat \u00e1ltal\u00e1ban 2-3 m\u00e9ter magasra n\u0151, \u00edgy kiv\u00e1l\u00f3 v\u00e1laszt\u00e1s lehet a kert szeg\u00e9ly\u00e9re vagy sz\u00f3liter n\u00f6v\u00e9nyk\u00e9nt.<br \/>Sz\u00e9less\u00e9g: Kerekded, sz\u00e9p form\u00e1ja miatt k\u00f6r\u00fclbel\u00fcl 1-2 m\u00e9ter sz\u00e9les teret fog elfoglalni.<br \/>Napf\u00e9ny Expoz\u00edci\u00f3: Teljes napf\u00e9nyt\u0151l r\u00e9szes\u00edti el\u0151nyben, de j\u00f3l t\u0171ri az enyh\u00e9bb \u00e1rny\u00e9kokat is.<br \/>V\u00edzig\u00e9ny: M\u00e9rs\u00e9kelt v\u00edzig\u00e9ny\u0171, amely lehet\u0151v\u00e9 teszi a sz\u00e1razabb k\u00f6r\u00fclm\u00e9nyek k\u00f6z\u00f6tt val\u00f3 boldogul\u00e1st.<br \/>Talaj: J\u00f3l t\u0171ri a k\u00fcl\u00f6nb\u00f6z\u0151 talajokat, de a j\u00f3 v\u00edzelvezet\u00e9s\u0171 \u00e9s laza talajokat r\u00e9szes\u00edti el\u0151nyben.<br \/>A Z\u00f6ld T\u00f6rpeciprus &#8216;Yvonne&#8217; egy eleg\u00e1ns v\u00e1laszt\u00e1s minden kert\u00e9szeti tervez\u0151 \u00e9s kertbar\u00e1t sz\u00e1m\u00e1ra. <\/p>\n","protected":false},"excerpt":{"rendered":"<p>A Chamaecyparis lawsoniana &#8216;Yvonne&#8217;, vagy ahogy ismert, a Z\u00f6ld T\u00f6rpeciprus &#8216;Yvonne&#8217;, gy\u00f6ny\u00f6r\u0171, l\u00e1tv\u00e1nyos t\u0171ivel \u00e9s karakteres form\u00e1j\u00e1val kit\u0171n\u0151 v\u00e1laszt\u00e1s minden kertbe.<\/p>\n","protected":false},"featured_media":185,"comment_status":"open","ping_status":"closed","template":"","meta":[],"product_brand":[],"product_cat":[131,114,116,21],"product_tag":[40,27,25,26],"class_list":{"0":"post-184","1":"product","2":"type-product","3":"status-publish","4":"has-post-thumbnail","6":"product_cat-ciprus","7":"product_cat-diszfak","8":"product_cat-diszfak-es-cserjek","9":"product_cat-osszes","10":"product_tag-ellenallo","11":"product_tag-orokzold","12":"product_tag-oszlopos","13":"product_tag-soveny","14":"product_shipping_class-egyedi-ajanlatot-adunk-a-szallitasra","16":"first","17":"instock","18":"taxable","19":"shipping-taxable","20":"purchasable","21":"product-type-simple"},"yoast_head":"<!-- This site is optimized with the Yoast SEO plugin v27.4 - https:\/\/yoast.com\/product\/yoast-seo-wordpress\/ -->\n<title>Arany oregoni hamisciprus - Chamaecyparis lawsoniana \u2018Yvonne\u2019 - VargaKertM\u00f3r<\/title>\n<meta name=\"robots\" content=\"index, follow, max-snippet:-1, max-image-preview:large, max-video-preview:-1\" \/>\n<link rel=\"canonical\" href=\"https:\/\/sylvangardens.hu\/?product=arany-oregoni-hamisciprus-chamaecyparis-lawsoniana-yvonne\" \/>\n<meta property=\"og:locale\" content=\"hu_HU\" \/>\n<meta property=\"og:type\" content=\"article\" \/>\n<meta property=\"og:title\" content=\"Arany oregoni hamisciprus - Chamaecyparis lawsoniana \u2018Yvonne\u2019 - VargaKertM\u00f3r\" \/>\n<meta property=\"og:description\" content=\"A Chamaecyparis lawsoniana &#039;Yvonne&#039;, vagy ahogy ismert, a Z\u00f6ld T\u00f6rpeciprus &#039;Yvonne&#039;, gy\u00f6ny\u00f6r\u0171, l\u00e1tv\u00e1nyos t\u0171ivel \u00e9s karakteres form\u00e1j\u00e1val kit\u0171n\u0151 v\u00e1laszt\u00e1s minden kertbe.\" \/>\n<meta property=\"og:url\" content=\"https:\/\/sylvangardens.hu\/?product=arany-oregoni-hamisciprus-chamaecyparis-lawsoniana-yvonne\" \/>\n<meta property=\"og:site_name\" content=\"VargaKertM\u00f3r\" \/>\n<meta property=\"article:publisher\" content=\"https:\/\/www.facebook.com\/VargaKertMor\" \/>\n<meta property=\"article:modified_time\" content=\"2024-02-03T12:54:08+00:00\" \/>\n<meta property=\"og:image\" content=\"https:\/\/sylvangardens.hu\/wp-content\/uploads\/2024\/01\/A-Chamaecyparis-f650ae4c-f450-48ef-a1f9-766fe2b3ed9b.png\" \/>\n\t<meta property=\"og:image:width\" content=\"1024\" \/>\n\t<meta property=\"og:image:height\" content=\"1024\" \/>\n\t<meta property=\"og:image:type\" content=\"image\/png\" \/>\n<meta name=\"twitter:card\" content=\"summary_large_image\" \/>\n<meta name=\"twitter:label1\" content=\"Becs\u00fclt olvas\u00e1si id\u0151\" \/>\n\t<meta name=\"twitter:data1\" content=\"1 perc\" \/>\n<script type=\"application\/ld+json\" class=\"yoast-schema-graph\">{\"@context\":\"https:\\\/\\\/schema.org\",\"@graph\":[{\"@type\":\"WebPage\",\"@id\":\"https:\\\/\\\/sylvangardens.hu\\\/?product=arany-oregoni-hamisciprus-chamaecyparis-lawsoniana-yvonne\",\"url\":\"https:\\\/\\\/sylvangardens.hu\\\/?product=arany-oregoni-hamisciprus-chamaecyparis-lawsoniana-yvonne\",\"name\":\"Arany oregoni hamisciprus - Chamaecyparis lawsoniana \u2018Yvonne\u2019 - VargaKertM\u00f3r\",\"isPartOf\":{\"@id\":\"https:\\\/\\\/sylvangardens.hu\\\/#website\"},\"primaryImageOfPage\":{\"@id\":\"https:\\\/\\\/sylvangardens.hu\\\/?product=arany-oregoni-hamisciprus-chamaecyparis-lawsoniana-yvonne#primaryimage\"},\"image\":{\"@id\":\"https:\\\/\\\/sylvangardens.hu\\\/?product=arany-oregoni-hamisciprus-chamaecyparis-lawsoniana-yvonne#primaryimage\"},\"thumbnailUrl\":\"https:\\\/\\\/sylvangardens.hu\\\/wp-content\\\/uploads\\\/2024\\\/01\\\/A-Chamaecyparis-f650ae4c-f450-48ef-a1f9-766fe2b3ed9b.png\",\"datePublished\":\"2024-01-28T16:43:49+00:00\",\"dateModified\":\"2024-02-03T12:54:08+00:00\",\"breadcrumb\":{\"@id\":\"https:\\\/\\\/sylvangardens.hu\\\/?product=arany-oregoni-hamisciprus-chamaecyparis-lawsoniana-yvonne#breadcrumb\"},\"inLanguage\":\"hu\",\"potentialAction\":[{\"@type\":\"ReadAction\",\"target\":[\"https:\\\/\\\/sylvangardens.hu\\\/?product=arany-oregoni-hamisciprus-chamaecyparis-lawsoniana-yvonne\"]}]},{\"@type\":\"ImageObject\",\"inLanguage\":\"hu\",\"@id\":\"https:\\\/\\\/sylvangardens.hu\\\/?product=arany-oregoni-hamisciprus-chamaecyparis-lawsoniana-yvonne#primaryimage\",\"url\":\"https:\\\/\\\/sylvangardens.hu\\\/wp-content\\\/uploads\\\/2024\\\/01\\\/A-Chamaecyparis-f650ae4c-f450-48ef-a1f9-766fe2b3ed9b.png\",\"contentUrl\":\"https:\\\/\\\/sylvangardens.hu\\\/wp-content\\\/uploads\\\/2024\\\/01\\\/A-Chamaecyparis-f650ae4c-f450-48ef-a1f9-766fe2b3ed9b.png\",\"width\":1024,\"height\":1024},{\"@type\":\"BreadcrumbList\",\"@id\":\"https:\\\/\\\/sylvangardens.hu\\\/?product=arany-oregoni-hamisciprus-chamaecyparis-lawsoniana-yvonne#breadcrumb\",\"itemListElement\":[{\"@type\":\"ListItem\",\"position\":1,\"name\":\"Kezd\u0151lap\",\"item\":\"https:\\\/\\\/sylvangardens.hu\\\/\"},{\"@type\":\"ListItem\",\"position\":2,\"name\":\"Arany oregoni hamisciprus &#8211; Chamaecyparis lawsoniana \u2018Yvonne\u2019\"}]},{\"@type\":\"WebSite\",\"@id\":\"https:\\\/\\\/sylvangardens.hu\\\/#website\",\"url\":\"https:\\\/\\\/sylvangardens.hu\\\/\",\"name\":\"VargaKertM\u00f3r\",\"description\":\"Kert\u00e9szet \u00e9s Kert \u00e9s Park\u00e9p\u00edt\u00e9s\",\"publisher\":{\"@id\":\"https:\\\/\\\/sylvangardens.hu\\\/#\\\/schema\\\/person\\\/1fb5e92265f56336b510365bfdcff060\"},\"alternateName\":\"VKM\",\"potentialAction\":[{\"@type\":\"SearchAction\",\"target\":{\"@type\":\"EntryPoint\",\"urlTemplate\":\"https:\\\/\\\/sylvangardens.hu\\\/?s={search_term_string}\"},\"query-input\":{\"@type\":\"PropertyValueSpecification\",\"valueRequired\":true,\"valueName\":\"search_term_string\"}}],\"inLanguage\":\"hu\"},{\"@type\":[\"Person\",\"Organization\"],\"@id\":\"https:\\\/\\\/sylvangardens.hu\\\/#\\\/schema\\\/person\\\/1fb5e92265f56336b510365bfdcff060\",\"name\":\"Varga Rich\u00e1rd\",\"image\":{\"@type\":\"ImageObject\",\"inLanguage\":\"hu\",\"@id\":\"https:\\\/\\\/sylvangardens.hu\\\/wp-content\\\/uploads\\\/2024\\\/01\\\/cropped-Logo-hands-on1600x800.png\",\"url\":\"https:\\\/\\\/sylvangardens.hu\\\/wp-content\\\/uploads\\\/2024\\\/01\\\/cropped-Logo-hands-on1600x800.png\",\"contentUrl\":\"https:\\\/\\\/sylvangardens.hu\\\/wp-content\\\/uploads\\\/2024\\\/01\\\/cropped-Logo-hands-on1600x800.png\",\"width\":240,\"height\":148,\"caption\":\"Varga Rich\u00e1rd\"},\"logo\":{\"@id\":\"https:\\\/\\\/sylvangardens.hu\\\/wp-content\\\/uploads\\\/2024\\\/01\\\/cropped-Logo-hands-on1600x800.png\"},\"sameAs\":[\"https:\\\/\\\/sylvangardens.hu\",\"https:\\\/\\\/www.facebook.com\\\/VargaKertMor\"]}]}<\/script>\n<!-- \/ Yoast SEO plugin. -->","yoast_head_json":{"title":"Arany oregoni hamisciprus - Chamaecyparis lawsoniana \u2018Yvonne\u2019 - VargaKertM\u00f3r","robots":{"index":"index","follow":"follow","max-snippet":"max-snippet:-1","max-image-preview":"max-image-preview:large","max-video-preview":"max-video-preview:-1"},"canonical":"https:\/\/sylvangardens.hu\/?product=arany-oregoni-hamisciprus-chamaecyparis-lawsoniana-yvonne","og_locale":"hu_HU","og_type":"article","og_title":"Arany oregoni hamisciprus - Chamaecyparis lawsoniana \u2018Yvonne\u2019 - VargaKertM\u00f3r","og_description":"A Chamaecyparis lawsoniana 'Yvonne', vagy ahogy ismert, a Z\u00f6ld T\u00f6rpeciprus 'Yvonne', gy\u00f6ny\u00f6r\u0171, l\u00e1tv\u00e1nyos t\u0171ivel \u00e9s karakteres form\u00e1j\u00e1val kit\u0171n\u0151 v\u00e1laszt\u00e1s minden kertbe.","og_url":"https:\/\/sylvangardens.hu\/?product=arany-oregoni-hamisciprus-chamaecyparis-lawsoniana-yvonne","og_site_name":"VargaKertM\u00f3r","article_publisher":"https:\/\/www.facebook.com\/VargaKertMor","article_modified_time":"2024-02-03T12:54:08+00:00","og_image":[{"url":"https:\/\/sylvangardens.hu\/wp-content\/uploads\/2024\/01\/A-Chamaecyparis-f650ae4c-f450-48ef-a1f9-766fe2b3ed9b.png","width":1024,"height":1024,"type":"image\/png"}],"twitter_card":"summary_large_image","twitter_misc":{"Becs\u00fclt olvas\u00e1si id\u0151":"1 perc"},"schema":{"@context":"https:\/\/schema.org","@graph":[{"@type":"WebPage","@id":"https:\/\/sylvangardens.hu\/?product=arany-oregoni-hamisciprus-chamaecyparis-lawsoniana-yvonne","url":"https:\/\/sylvangardens.hu\/?product=arany-oregoni-hamisciprus-chamaecyparis-lawsoniana-yvonne","name":"Arany oregoni hamisciprus - Chamaecyparis lawsoniana \u2018Yvonne\u2019 - VargaKertM\u00f3r","isPartOf":{"@id":"https:\/\/sylvangardens.hu\/#website"},"primaryImageOfPage":{"@id":"https:\/\/sylvangardens.hu\/?product=arany-oregoni-hamisciprus-chamaecyparis-lawsoniana-yvonne#primaryimage"},"image":{"@id":"https:\/\/sylvangardens.hu\/?product=arany-oregoni-hamisciprus-chamaecyparis-lawsoniana-yvonne#primaryimage"},"thumbnailUrl":"https:\/\/sylvangardens.hu\/wp-content\/uploads\/2024\/01\/A-Chamaecyparis-f650ae4c-f450-48ef-a1f9-766fe2b3ed9b.png","datePublished":"2024-01-28T16:43:49+00:00","dateModified":"2024-02-03T12:54:08+00:00","breadcrumb":{"@id":"https:\/\/sylvangardens.hu\/?product=arany-oregoni-hamisciprus-chamaecyparis-lawsoniana-yvonne#breadcrumb"},"inLanguage":"hu","potentialAction":[{"@type":"ReadAction","target":["https:\/\/sylvangardens.hu\/?product=arany-oregoni-hamisciprus-chamaecyparis-lawsoniana-yvonne"]}]},{"@type":"ImageObject","inLanguage":"hu","@id":"https:\/\/sylvangardens.hu\/?product=arany-oregoni-hamisciprus-chamaecyparis-lawsoniana-yvonne#primaryimage","url":"https:\/\/sylvangardens.hu\/wp-content\/uploads\/2024\/01\/A-Chamaecyparis-f650ae4c-f450-48ef-a1f9-766fe2b3ed9b.png","contentUrl":"https:\/\/sylvangardens.hu\/wp-content\/uploads\/2024\/01\/A-Chamaecyparis-f650ae4c-f450-48ef-a1f9-766fe2b3ed9b.png","width":1024,"height":1024},{"@type":"BreadcrumbList","@id":"https:\/\/sylvangardens.hu\/?product=arany-oregoni-hamisciprus-chamaecyparis-lawsoniana-yvonne#breadcrumb","itemListElement":[{"@type":"ListItem","position":1,"name":"Kezd\u0151lap","item":"https:\/\/sylvangardens.hu\/"},{"@type":"ListItem","position":2,"name":"Arany oregoni hamisciprus &#8211; Chamaecyparis lawsoniana \u2018Yvonne\u2019"}]},{"@type":"WebSite","@id":"https:\/\/sylvangardens.hu\/#website","url":"https:\/\/sylvangardens.hu\/","name":"VargaKertM\u00f3r","description":"Kert\u00e9szet \u00e9s Kert \u00e9s Park\u00e9p\u00edt\u00e9s","publisher":{"@id":"https:\/\/sylvangardens.hu\/#\/schema\/person\/1fb5e92265f56336b510365bfdcff060"},"alternateName":"VKM","potentialAction":[{"@type":"SearchAction","target":{"@type":"EntryPoint","urlTemplate":"https:\/\/sylvangardens.hu\/?s={search_term_string}"},"query-input":{"@type":"PropertyValueSpecification","valueRequired":true,"valueName":"search_term_string"}}],"inLanguage":"hu"},{"@type":["Person","Organization"],"@id":"https:\/\/sylvangardens.hu\/#\/schema\/person\/1fb5e92265f56336b510365bfdcff060","name":"Varga Rich\u00e1rd","image":{"@type":"ImageObject","inLanguage":"hu","@id":"https:\/\/sylvangardens.hu\/wp-content\/uploads\/2024\/01\/cropped-Logo-hands-on1600x800.png","url":"https:\/\/sylvangardens.hu\/wp-content\/uploads\/2024\/01\/cropped-Logo-hands-on1600x800.png","contentUrl":"https:\/\/sylvangardens.hu\/wp-content\/uploads\/2024\/01\/cropped-Logo-hands-on1600x800.png","width":240,"height":148,"caption":"Varga Rich\u00e1rd"},"logo":{"@id":"https:\/\/sylvangardens.hu\/wp-content\/uploads\/2024\/01\/cropped-Logo-hands-on1600x800.png"},"sameAs":["https:\/\/sylvangardens.hu","https:\/\/www.facebook.com\/VargaKertMor"]}]}},"_links":{"self":[{"href":"https:\/\/sylvangardens.hu\/index.php?rest_route=\/wp\/v2\/product\/184","targetHints":{"allow":["GET"]}}],"collection":[{"href":"https:\/\/sylvangardens.hu\/index.php?rest_route=\/wp\/v2\/product"}],"about":[{"href":"https:\/\/sylvangardens.hu\/index.php?rest_route=\/wp\/v2\/types\/product"}],"replies":[{"embeddable":true,"href":"https:\/\/sylvangardens.hu\/index.php?rest_route=%2Fwp%2Fv2%2Fcomments&post=184"}],"wp:featuredmedia":[{"embeddable":true,"href":"https:\/\/sylvangardens.hu\/index.php?rest_route=\/wp\/v2\/media\/185"}],"wp:attachment":[{"href":"https:\/\/sylvangardens.hu\/index.php?rest_route=%2Fwp%2Fv2%2Fmedia&parent=184"}],"wp:term":[{"taxonomy":"product_brand","embeddable":true,"href":"https:\/\/sylvangardens.hu\/index.php?rest_route=%2Fwp%2Fv2%2Fproduct_brand&post=184"},{"taxonomy":"product_cat","embeddable":true,"href":"https:\/\/sylvangardens.hu\/index.php?rest_route=%2Fwp%2Fv2%2Fproduct_cat&post=184"},{"taxonomy":"product_tag","embeddable":true,"href":"https:\/\/sylvangardens.hu\/index.php?rest_route=%2Fwp%2Fv2%2Fproduct_tag&post=184"}],"curies":[{"name":"wp","href":"https:\/\/api.w.org\/{rel}","templated":true}]}}