{"id":633,"date":"2024-02-17T22:37:30","date_gmt":"2024-02-17T21:37:30","guid":{"rendered":"https:\/\/sylvangardens.hu\/?page_id=633"},"modified":"2024-02-18T19:52:45","modified_gmt":"2024-02-18T18:52:45","slug":"employee-circle-grid","status":"publish","type":"page","link":"https:\/\/sylvangardens.hu\/?page_id=633","title":{"rendered":"A mi kis csapatunk"},"content":{"rendered":"\t\t\t\t<div id='employee_circle_panel_grid_1_emd_employee-cont' class='emd-container '>\n\t\t\t\t\t\t\t\t<div id='employee_circle_panel_grid_1_emd_employee-view' class='emd-view-results'>\n\t\t\t\t\t\t\t\t<input type='hidden' id='emd_entity' name='emd_entity' value='emd_employee'>\n\t\t\t\t<input type='hidden' id='emd_view' name='emd_view' value='employee_circle_panel_grid'>\n\t\t\t\t<input type='hidden' id='emd_view_count' name='emd_view_count' value='1'>\t\n\t\t\t\t<input type='hidden' id='emd_app' name='emd_app' value='employee_spotlight'>\n\t\t\t\t<div class=\"row\"><article style=\"height:350px;margin-bottom:5px\" class=\"col-md-3 col-sm-4 col-xs-6 person\">\n  <div class=\"person-thumb in\">\n     <a href=\"https:\/\/sylvangardens.hu\/?emd_employee=varga-junger-klaudia\" title=\"Varga-Junger Klaudia\">\n<div style=\"border-color:#4abaae\" class=\"person-img circle\"><img loading=\"lazy\" decoding=\"async\" class=\"emd-img thumb\" src=\"https:\/\/sylvangardens.hu\/wp-content\/uploads\/2024\/02\/125476453_3731418690203871_5799791083440761251_n-150x150.jpg\" width=\"150\" height=\"150\" alt=\"\"\/><\/div>\n<\/a>\n<div class=\"person-tag text-center\">\n<a href=\"https:\/\/sylvangardens.hu\/?emd_employee=varga-junger-klaudia\" class=\"person-name\">Varga-Junger Klaudia<\/a>\n<div class=\"person-jobtitle\"><small>Marketing, kapcsolattart\u00f3<\/small><\/div>\n<\/div>\n  <div class=\"person-link\">\n<a class=\"social-icon email animate\" href=\"mailto:info@vargakertmor.hu\"><i class=\"fa fa-envelope fa-fw\"><\/i><\/a>\n<span class=\"social\">\n<\/span>\n<a class=\"person-page animate\" title=\"Go to the personal page of Varga-Junger Klaudia\" href=\"https:\/\/sylvangardens.hu\/?emd_employee=varga-junger-klaudia\"><i class=\"fa fa-user fa-fw text-danger\"><\/i><\/a>\n  <\/div>\n<div id=\"empexcerpt\" class=\"panel-body\"><\/div>\n<\/article><article style=\"height:350px;margin-bottom:5px\" class=\"col-md-3 col-sm-4 col-xs-6 person\">\n  <div class=\"person-thumb in\">\n     <a href=\"https:\/\/sylvangardens.hu\/?emd_employee=fabian-alinka\" title=\"Tak\u00e1csn\u00e9 F\u00e1bi\u00e1n Alinka\">\n<div style=\"border-color:#4abaae\" class=\"person-img circle\"><img loading=\"lazy\" decoding=\"async\" class=\"emd-img thumb\" src=\"https:\/\/sylvangardens.hu\/wp-content\/uploads\/2024\/02\/kep-5c98ec64136fb-150x150.jpg\" width=\"150\" height=\"150\" alt=\"\"\/><\/div>\n<\/a>\n<div class=\"person-tag text-center\">\n<a href=\"https:\/\/sylvangardens.hu\/?emd_employee=fabian-alinka\" class=\"person-name\">Tak\u00e1csn\u00e9 F\u00e1bi\u00e1n Alinka<\/a>\n<div class=\"person-jobtitle\"><small>T\u00e1j\u00e9p\u00edt\u00e9sz m\u00e9rn\u00f6k, favizsg\u00e1l\u00f3, szaktan\u00e1csad\u00f3<\/small><\/div>\n<\/div>\n  <div class=\"person-link\">\n<a class=\"social-icon email animate\" href=\"mailto:info@vargakertmor.hu\"><i class=\"fa fa-envelope fa-fw\"><\/i><\/a>\n<span class=\"social\">\n<\/span>\n<a class=\"person-page animate\" title=\"Go to the personal page of Tak\u00e1csn\u00e9 F\u00e1bi\u00e1n Alinka\" href=\"https:\/\/sylvangardens.hu\/?emd_employee=fabian-alinka\"><i class=\"fa fa-user fa-fw text-danger\"><\/i><\/a>\n  <\/div>\n<div id=\"empexcerpt\" class=\"panel-body\"><\/div>\n<\/article><article style=\"height:350px;margin-bottom:5px\" class=\"col-md-3 col-sm-4 col-xs-6 person\">\n  <div class=\"person-thumb in\">\n     <a href=\"https:\/\/sylvangardens.hu\/?emd_employee=varga-richard\" title=\"Varga Rich\u00e1rd\">\n<div style=\"border-color:#4abaae\" class=\"person-img circle\"><img loading=\"lazy\" decoding=\"async\" class=\"emd-img thumb\" src=\"https:\/\/sylvangardens.hu\/wp-content\/uploads\/2024\/02\/125873635_3568851196494529_4275294215944379986_n-150x150.jpg\" width=\"150\" height=\"150\" alt=\"\"\/><\/div>\n<\/a>\n<div class=\"person-tag text-center\">\n<a href=\"https:\/\/sylvangardens.hu\/?emd_employee=varga-richard\" class=\"person-name\">Varga Rich\u00e1rd<\/a>\n<div class=\"person-jobtitle\"><small>Kert\u00e9p\u00edt\u0151, kerttervez\u0151<\/small><\/div>\n<\/div>\n  <div class=\"person-link\">\n<a class=\"social-icon email animate\" href=\"mailto:info@vargakertmor.hu\"><i class=\"fa fa-envelope fa-fw\"><\/i><\/a>\n<span class=\"social\">\n<\/span>\n<a class=\"person-page animate\" title=\"Go to the personal page of Varga Rich\u00e1rd\" href=\"https:\/\/sylvangardens.hu\/?emd_employee=varga-richard\"><i class=\"fa fa-user fa-fw text-danger\"><\/i><\/a>\n  <\/div>\n<div id=\"empexcerpt\" class=\"panel-body\"><\/div>\n<\/article><\/div>\t\t\t\t<\/div>\n\t\t\t\t<\/div>\n\t\t\t\t\n","protected":false},"excerpt":{"rendered":"","protected":false},"author":1,"featured_media":0,"parent":0,"menu_order":0,"comment_status":"closed","ping_status":"closed","template":"","meta":{"footnotes":""},"class_list":["post-633","page","type-page","status-publish","hentry"],"yoast_head":"<!-- This site is optimized with the Yoast SEO plugin v27.4 - https:\/\/yoast.com\/product\/yoast-seo-wordpress\/ -->\n<title>A mi kis csapatunk - VargaKertM\u00f3r<\/title>\n<meta name=\"robots\" content=\"index, follow, max-snippet:-1, max-image-preview:large, max-video-preview:-1\" \/>\n<link rel=\"canonical\" href=\"https:\/\/sylvangardens.hu\/?page_id=633\" \/>\n<meta property=\"og:locale\" content=\"hu_HU\" \/>\n<meta property=\"og:type\" content=\"article\" \/>\n<meta property=\"og:title\" content=\"A mi kis csapatunk - VargaKertM\u00f3r\" \/>\n<meta property=\"og:url\" content=\"https:\/\/sylvangardens.hu\/?page_id=633\" \/>\n<meta property=\"og:site_name\" content=\"VargaKertM\u00f3r\" \/>\n<meta property=\"article:publisher\" content=\"https:\/\/www.facebook.com\/VargaKertMor\" \/>\n<meta property=\"article:modified_time\" content=\"2024-02-18T18:52:45+00:00\" \/>\n<meta name=\"twitter:card\" content=\"summary_large_image\" \/>\n<meta name=\"twitter:label1\" content=\"Becs\u00fclt olvas\u00e1si id\u0151\" \/>\n\t<meta name=\"twitter:data1\" content=\"1 perc\" \/>\n<script type=\"application\/ld+json\" class=\"yoast-schema-graph\">{\"@context\":\"https:\\\/\\\/schema.org\",\"@graph\":[{\"@type\":\"WebPage\",\"@id\":\"https:\\\/\\\/sylvangardens.hu\\\/?page_id=633\",\"url\":\"https:\\\/\\\/sylvangardens.hu\\\/?page_id=633\",\"name\":\"A mi kis csapatunk - VargaKertM\u00f3r\",\"isPartOf\":{\"@id\":\"https:\\\/\\\/sylvangardens.hu\\\/#website\"},\"datePublished\":\"2024-02-17T21:37:30+00:00\",\"dateModified\":\"2024-02-18T18:52:45+00:00\",\"breadcrumb\":{\"@id\":\"https:\\\/\\\/sylvangardens.hu\\\/?page_id=633#breadcrumb\"},\"inLanguage\":\"hu\",\"potentialAction\":[{\"@type\":\"ReadAction\",\"target\":[\"https:\\\/\\\/sylvangardens.hu\\\/?page_id=633\"]}]},{\"@type\":\"BreadcrumbList\",\"@id\":\"https:\\\/\\\/sylvangardens.hu\\\/?page_id=633#breadcrumb\",\"itemListElement\":[{\"@type\":\"ListItem\",\"position\":1,\"name\":\"Kezd\u0151lap\",\"item\":\"https:\\\/\\\/sylvangardens.hu\\\/\"},{\"@type\":\"ListItem\",\"position\":2,\"name\":\"A mi kis csapatunk\"}]},{\"@type\":\"WebSite\",\"@id\":\"https:\\\/\\\/sylvangardens.hu\\\/#website\",\"url\":\"https:\\\/\\\/sylvangardens.hu\\\/\",\"name\":\"VargaKertM\u00f3r\",\"description\":\"Kert\u00e9szet \u00e9s Kert \u00e9s Park\u00e9p\u00edt\u00e9s\",\"publisher\":{\"@id\":\"https:\\\/\\\/sylvangardens.hu\\\/#\\\/schema\\\/person\\\/1fb5e92265f56336b510365bfdcff060\"},\"alternateName\":\"VKM\",\"potentialAction\":[{\"@type\":\"SearchAction\",\"target\":{\"@type\":\"EntryPoint\",\"urlTemplate\":\"https:\\\/\\\/sylvangardens.hu\\\/?s={search_term_string}\"},\"query-input\":{\"@type\":\"PropertyValueSpecification\",\"valueRequired\":true,\"valueName\":\"search_term_string\"}}],\"inLanguage\":\"hu\"},{\"@type\":[\"Person\",\"Organization\"],\"@id\":\"https:\\\/\\\/sylvangardens.hu\\\/#\\\/schema\\\/person\\\/1fb5e92265f56336b510365bfdcff060\",\"name\":\"Varga Rich\u00e1rd\",\"image\":{\"@type\":\"ImageObject\",\"inLanguage\":\"hu\",\"@id\":\"https:\\\/\\\/sylvangardens.hu\\\/wp-content\\\/uploads\\\/2024\\\/01\\\/cropped-Logo-hands-on1600x800.png\",\"url\":\"https:\\\/\\\/sylvangardens.hu\\\/wp-content\\\/uploads\\\/2024\\\/01\\\/cropped-Logo-hands-on1600x800.png\",\"contentUrl\":\"https:\\\/\\\/sylvangardens.hu\\\/wp-content\\\/uploads\\\/2024\\\/01\\\/cropped-Logo-hands-on1600x800.png\",\"width\":240,\"height\":148,\"caption\":\"Varga Rich\u00e1rd\"},\"logo\":{\"@id\":\"https:\\\/\\\/sylvangardens.hu\\\/wp-content\\\/uploads\\\/2024\\\/01\\\/cropped-Logo-hands-on1600x800.png\"},\"sameAs\":[\"https:\\\/\\\/sylvangardens.hu\",\"https:\\\/\\\/www.facebook.com\\\/VargaKertMor\"]}]}<\/script>\n<!-- \/ Yoast SEO plugin. -->","yoast_head_json":{"title":"A mi kis csapatunk - VargaKertM\u00f3r","robots":{"index":"index","follow":"follow","max-snippet":"max-snippet:-1","max-image-preview":"max-image-preview:large","max-video-preview":"max-video-preview:-1"},"canonical":"https:\/\/sylvangardens.hu\/?page_id=633","og_locale":"hu_HU","og_type":"article","og_title":"A mi kis csapatunk - VargaKertM\u00f3r","og_url":"https:\/\/sylvangardens.hu\/?page_id=633","og_site_name":"VargaKertM\u00f3r","article_publisher":"https:\/\/www.facebook.com\/VargaKertMor","article_modified_time":"2024-02-18T18:52:45+00:00","twitter_card":"summary_large_image","twitter_misc":{"Becs\u00fclt olvas\u00e1si id\u0151":"1 perc"},"schema":{"@context":"https:\/\/schema.org","@graph":[{"@type":"WebPage","@id":"https:\/\/sylvangardens.hu\/?page_id=633","url":"https:\/\/sylvangardens.hu\/?page_id=633","name":"A mi kis csapatunk - VargaKertM\u00f3r","isPartOf":{"@id":"https:\/\/sylvangardens.hu\/#website"},"datePublished":"2024-02-17T21:37:30+00:00","dateModified":"2024-02-18T18:52:45+00:00","breadcrumb":{"@id":"https:\/\/sylvangardens.hu\/?page_id=633#breadcrumb"},"inLanguage":"hu","potentialAction":[{"@type":"ReadAction","target":["https:\/\/sylvangardens.hu\/?page_id=633"]}]},{"@type":"BreadcrumbList","@id":"https:\/\/sylvangardens.hu\/?page_id=633#breadcrumb","itemListElement":[{"@type":"ListItem","position":1,"name":"Kezd\u0151lap","item":"https:\/\/sylvangardens.hu\/"},{"@type":"ListItem","position":2,"name":"A mi kis csapatunk"}]},{"@type":"WebSite","@id":"https:\/\/sylvangardens.hu\/#website","url":"https:\/\/sylvangardens.hu\/","name":"VargaKertM\u00f3r","description":"Kert\u00e9szet \u00e9s Kert \u00e9s Park\u00e9p\u00edt\u00e9s","publisher":{"@id":"https:\/\/sylvangardens.hu\/#\/schema\/person\/1fb5e92265f56336b510365bfdcff060"},"alternateName":"VKM","potentialAction":[{"@type":"SearchAction","target":{"@type":"EntryPoint","urlTemplate":"https:\/\/sylvangardens.hu\/?s={search_term_string}"},"query-input":{"@type":"PropertyValueSpecification","valueRequired":true,"valueName":"search_term_string"}}],"inLanguage":"hu"},{"@type":["Person","Organization"],"@id":"https:\/\/sylvangardens.hu\/#\/schema\/person\/1fb5e92265f56336b510365bfdcff060","name":"Varga Rich\u00e1rd","image":{"@type":"ImageObject","inLanguage":"hu","@id":"https:\/\/sylvangardens.hu\/wp-content\/uploads\/2024\/01\/cropped-Logo-hands-on1600x800.png","url":"https:\/\/sylvangardens.hu\/wp-content\/uploads\/2024\/01\/cropped-Logo-hands-on1600x800.png","contentUrl":"https:\/\/sylvangardens.hu\/wp-content\/uploads\/2024\/01\/cropped-Logo-hands-on1600x800.png","width":240,"height":148,"caption":"Varga Rich\u00e1rd"},"logo":{"@id":"https:\/\/sylvangardens.hu\/wp-content\/uploads\/2024\/01\/cropped-Logo-hands-on1600x800.png"},"sameAs":["https:\/\/sylvangardens.hu","https:\/\/www.facebook.com\/VargaKertMor"]}]}},"_links":{"self":[{"href":"https:\/\/sylvangardens.hu\/index.php?rest_route=\/wp\/v2\/pages\/633","targetHints":{"allow":["GET"]}}],"collection":[{"href":"https:\/\/sylvangardens.hu\/index.php?rest_route=\/wp\/v2\/pages"}],"about":[{"href":"https:\/\/sylvangardens.hu\/index.php?rest_route=\/wp\/v2\/types\/page"}],"author":[{"embeddable":true,"href":"https:\/\/sylvangardens.hu\/index.php?rest_route=\/wp\/v2\/users\/1"}],"replies":[{"embeddable":true,"href":"https:\/\/sylvangardens.hu\/index.php?rest_route=%2Fwp%2Fv2%2Fcomments&post=633"}],"version-history":[{"count":2,"href":"https:\/\/sylvangardens.hu\/index.php?rest_route=\/wp\/v2\/pages\/633\/revisions"}],"predecessor-version":[{"id":635,"href":"https:\/\/sylvangardens.hu\/index.php?rest_route=\/wp\/v2\/pages\/633\/revisions\/635"}],"wp:attachment":[{"href":"https:\/\/sylvangardens.hu\/index.php?rest_route=%2Fwp%2Fv2%2Fmedia&parent=633"}],"curies":[{"name":"wp","href":"https:\/\/api.w.org\/{rel}","templated":true}]}}