{"id":616,"date":"2024-02-11T14:06:47","date_gmt":"2024-02-11T13:06:47","guid":{"rendered":"https:\/\/sylvangardens.hu\/?page_id=616"},"modified":"2024-02-11T14:11:16","modified_gmt":"2024-02-11T13:11:16","slug":"gyeptelepites","status":"publish","type":"page","link":"https:\/\/sylvangardens.hu\/?page_id=616","title":{"rendered":"Gyeptelep\u00edt\u00e9s"},"content":{"rendered":"\n<p>VargaKertM\u00f3r kert\u00e9p\u00edt\u0151 v\u00e1llalatunk kiz\u00e1r\u00f3lag min\u0151s\u00e9gi alapanyagokkal \u00e9s szak\u00e9rt\u0151i tapasztalattal rendelkezik a gy\u00f6ny\u00f6r\u0171 p\u00e1zsitok tervez\u00e9s\u00e9ben \u00e9s l\u00e9trehoz\u00e1s\u00e1ban. F\u0171sz\u0151nyegek telep\u00edt\u00e9s\u00e9vel vagy magvet\u00e9ses m\u00f3dszerekkel, csapatunk t\u00f6k\u00e9letesen megalkotja \u00e1lmai kertj\u00e9t, hogy \u00e9lvezhesse a z\u00f6ld p\u00e1zsit sz\u00e9ps\u00e9g\u00e9t \u00e9s k\u00e9nyelm\u00e9t.<\/p>\n\n\n\n<p>\u00c1lmodozik egy gy\u00f6ny\u00f6r\u0171, gondozott p\u00e1zsitr\u00f3l, amely megdobogtatja sz\u00edv\u00e9t minden reggel kil\u00e9pve a kertbe? VargaKertM\u00f3r kert\u00e9p\u00edt\u0151 szakembereink seg\u00edts\u00e9g\u00e9vel ez az \u00e1lom k\u00f6nnyen val\u00f3ra v\u00e1lhat. H\u00edvjon minket m\u00e9g ma, hogy elindulhassunk az \u00d6n kertj\u00e9nek \u00e1talak\u00edt\u00e1s\u00e1ban!<\/p>\n\n\n\n<div class=\"wp-block-buttons is-layout-flex wp-block-buttons-is-layout-flex\">\n<div class=\"wp-block-button\"><a class=\"wp-block-button__link wp-element-button\">Anj\u00e1nlatk\u00e9r\u00e9s<\/a><\/div>\n<\/div>\n","protected":false},"excerpt":{"rendered":"<p>VargaKertM\u00f3r kert\u00e9p\u00edt\u0151 v\u00e1llalatunk kiz\u00e1r\u00f3lag min\u0151s\u00e9gi alapanyagokkal \u00e9s szak\u00e9rt\u0151i tapasztalattal rendelkezik a gy\u00f6ny\u00f6r\u0171 p\u00e1zsitok tervez\u00e9s\u00e9ben \u00e9s l\u00e9trehoz\u00e1s\u00e1ban. F\u0171sz\u0151nyegek telep\u00edt\u00e9s\u00e9vel vagy magvet\u00e9ses m\u00f3dszerekkel, csapatunk t\u00f6k\u00e9letesen megalkotja \u00e1lmai kertj\u00e9t, hogy \u00e9lvezhesse a z\u00f6ld p\u00e1zsit sz\u00e9ps\u00e9g\u00e9t \u00e9s k\u00e9nyelm\u00e9t. \u00c1lmodozik egy gy\u00f6ny\u00f6r\u0171, gondozott p\u00e1zsitr\u00f3l, amely megdobogtatja sz\u00edv\u00e9t minden reggel kil\u00e9pve a kertbe? VargaKertM\u00f3r kert\u00e9p\u00edt\u0151 szakembereink seg\u00edts\u00e9g\u00e9vel ez az \u00e1lom k\u00f6nnyen [&hellip;]<\/p>\n","protected":false},"author":1,"featured_media":0,"parent":0,"menu_order":0,"comment_status":"closed","ping_status":"closed","template":"","meta":{"footnotes":""},"class_list":["post-616","page","type-page","status-publish","hentry"],"yoast_head":"<!-- This site is optimized with the Yoast SEO plugin v27.4 - https:\/\/yoast.com\/product\/yoast-seo-wordpress\/ -->\n<title>Gyeptelep\u00edt\u00e9s - VargaKertM\u00f3r<\/title>\n<meta name=\"description\" content=\"Teremtsen csod\u00e1s p\u00e1zsitot \u00e1lmai kertj\u00e9ben a mi seg\u00edts\u00e9g\u00fcnkkel! Min\u0151s\u00e9gi f\u0171telep\u00edt\u00e9s \u00e9s magvet\u00e9s szolg\u00e1ltat\u00e1saink\u00e9rt h\u00edvjon minket most!\" \/>\n<meta name=\"robots\" content=\"index, follow, max-snippet:-1, max-image-preview:large, max-video-preview:-1\" \/>\n<link rel=\"canonical\" href=\"https:\/\/sylvangardens.hu\/?page_id=616\" \/>\n<meta property=\"og:locale\" content=\"hu_HU\" \/>\n<meta property=\"og:type\" content=\"article\" \/>\n<meta property=\"og:title\" content=\"Gyeptelep\u00edt\u00e9s - VargaKertM\u00f3r\" \/>\n<meta property=\"og:description\" content=\"Teremtsen csod\u00e1s p\u00e1zsitot \u00e1lmai kertj\u00e9ben a mi seg\u00edts\u00e9g\u00fcnkkel! Min\u0151s\u00e9gi f\u0171telep\u00edt\u00e9s \u00e9s magvet\u00e9s szolg\u00e1ltat\u00e1saink\u00e9rt h\u00edvjon minket most!\" \/>\n<meta property=\"og:url\" content=\"https:\/\/sylvangardens.hu\/?page_id=616\" \/>\n<meta property=\"og:site_name\" content=\"VargaKertM\u00f3r\" \/>\n<meta property=\"article:publisher\" content=\"https:\/\/www.facebook.com\/VargaKertMor\" \/>\n<meta property=\"article:modified_time\" content=\"2024-02-11T13:11:16+00:00\" \/>\n<meta name=\"twitter:card\" content=\"summary_large_image\" \/>\n<meta name=\"twitter:label1\" content=\"Becs\u00fclt olvas\u00e1si id\u0151\" \/>\n\t<meta name=\"twitter:data1\" content=\"1 perc\" \/>\n<script type=\"application\/ld+json\" class=\"yoast-schema-graph\">{\"@context\":\"https:\\\/\\\/schema.org\",\"@graph\":[{\"@type\":\"WebPage\",\"@id\":\"https:\\\/\\\/sylvangardens.hu\\\/?page_id=616\",\"url\":\"https:\\\/\\\/sylvangardens.hu\\\/?page_id=616\",\"name\":\"Gyeptelep\u00edt\u00e9s - VargaKertM\u00f3r\",\"isPartOf\":{\"@id\":\"https:\\\/\\\/sylvangardens.hu\\\/#website\"},\"datePublished\":\"2024-02-11T13:06:47+00:00\",\"dateModified\":\"2024-02-11T13:11:16+00:00\",\"description\":\"Teremtsen csod\u00e1s p\u00e1zsitot \u00e1lmai kertj\u00e9ben a mi seg\u00edts\u00e9g\u00fcnkkel! Min\u0151s\u00e9gi f\u0171telep\u00edt\u00e9s \u00e9s magvet\u00e9s szolg\u00e1ltat\u00e1saink\u00e9rt h\u00edvjon minket most!\",\"breadcrumb\":{\"@id\":\"https:\\\/\\\/sylvangardens.hu\\\/?page_id=616#breadcrumb\"},\"inLanguage\":\"hu\",\"potentialAction\":[{\"@type\":\"ReadAction\",\"target\":[\"https:\\\/\\\/sylvangardens.hu\\\/?page_id=616\"]}]},{\"@type\":\"BreadcrumbList\",\"@id\":\"https:\\\/\\\/sylvangardens.hu\\\/?page_id=616#breadcrumb\",\"itemListElement\":[{\"@type\":\"ListItem\",\"position\":1,\"name\":\"Kezd\u0151lap\",\"item\":\"https:\\\/\\\/sylvangardens.hu\\\/\"},{\"@type\":\"ListItem\",\"position\":2,\"name\":\"Gyeptelep\u00edt\u00e9s\"}]},{\"@type\":\"WebSite\",\"@id\":\"https:\\\/\\\/sylvangardens.hu\\\/#website\",\"url\":\"https:\\\/\\\/sylvangardens.hu\\\/\",\"name\":\"VargaKertM\u00f3r\",\"description\":\"Kert\u00e9szet \u00e9s Kert \u00e9s Park\u00e9p\u00edt\u00e9s\",\"publisher\":{\"@id\":\"https:\\\/\\\/sylvangardens.hu\\\/#\\\/schema\\\/person\\\/1fb5e92265f56336b510365bfdcff060\"},\"alternateName\":\"VKM\",\"potentialAction\":[{\"@type\":\"SearchAction\",\"target\":{\"@type\":\"EntryPoint\",\"urlTemplate\":\"https:\\\/\\\/sylvangardens.hu\\\/?s={search_term_string}\"},\"query-input\":{\"@type\":\"PropertyValueSpecification\",\"valueRequired\":true,\"valueName\":\"search_term_string\"}}],\"inLanguage\":\"hu\"},{\"@type\":[\"Person\",\"Organization\"],\"@id\":\"https:\\\/\\\/sylvangardens.hu\\\/#\\\/schema\\\/person\\\/1fb5e92265f56336b510365bfdcff060\",\"name\":\"Varga Rich\u00e1rd\",\"image\":{\"@type\":\"ImageObject\",\"inLanguage\":\"hu\",\"@id\":\"https:\\\/\\\/sylvangardens.hu\\\/wp-content\\\/uploads\\\/2024\\\/01\\\/cropped-Logo-hands-on1600x800.png\",\"url\":\"https:\\\/\\\/sylvangardens.hu\\\/wp-content\\\/uploads\\\/2024\\\/01\\\/cropped-Logo-hands-on1600x800.png\",\"contentUrl\":\"https:\\\/\\\/sylvangardens.hu\\\/wp-content\\\/uploads\\\/2024\\\/01\\\/cropped-Logo-hands-on1600x800.png\",\"width\":240,\"height\":148,\"caption\":\"Varga Rich\u00e1rd\"},\"logo\":{\"@id\":\"https:\\\/\\\/sylvangardens.hu\\\/wp-content\\\/uploads\\\/2024\\\/01\\\/cropped-Logo-hands-on1600x800.png\"},\"sameAs\":[\"https:\\\/\\\/sylvangardens.hu\",\"https:\\\/\\\/www.facebook.com\\\/VargaKertMor\"]}]}<\/script>\n<!-- \/ Yoast SEO plugin. -->","yoast_head_json":{"title":"Gyeptelep\u00edt\u00e9s - VargaKertM\u00f3r","description":"Teremtsen csod\u00e1s p\u00e1zsitot \u00e1lmai kertj\u00e9ben a mi seg\u00edts\u00e9g\u00fcnkkel! Min\u0151s\u00e9gi f\u0171telep\u00edt\u00e9s \u00e9s magvet\u00e9s szolg\u00e1ltat\u00e1saink\u00e9rt h\u00edvjon minket most!","robots":{"index":"index","follow":"follow","max-snippet":"max-snippet:-1","max-image-preview":"max-image-preview:large","max-video-preview":"max-video-preview:-1"},"canonical":"https:\/\/sylvangardens.hu\/?page_id=616","og_locale":"hu_HU","og_type":"article","og_title":"Gyeptelep\u00edt\u00e9s - VargaKertM\u00f3r","og_description":"Teremtsen csod\u00e1s p\u00e1zsitot \u00e1lmai kertj\u00e9ben a mi seg\u00edts\u00e9g\u00fcnkkel! Min\u0151s\u00e9gi f\u0171telep\u00edt\u00e9s \u00e9s magvet\u00e9s szolg\u00e1ltat\u00e1saink\u00e9rt h\u00edvjon minket most!","og_url":"https:\/\/sylvangardens.hu\/?page_id=616","og_site_name":"VargaKertM\u00f3r","article_publisher":"https:\/\/www.facebook.com\/VargaKertMor","article_modified_time":"2024-02-11T13:11:16+00:00","twitter_card":"summary_large_image","twitter_misc":{"Becs\u00fclt olvas\u00e1si id\u0151":"1 perc"},"schema":{"@context":"https:\/\/schema.org","@graph":[{"@type":"WebPage","@id":"https:\/\/sylvangardens.hu\/?page_id=616","url":"https:\/\/sylvangardens.hu\/?page_id=616","name":"Gyeptelep\u00edt\u00e9s - VargaKertM\u00f3r","isPartOf":{"@id":"https:\/\/sylvangardens.hu\/#website"},"datePublished":"2024-02-11T13:06:47+00:00","dateModified":"2024-02-11T13:11:16+00:00","description":"Teremtsen csod\u00e1s p\u00e1zsitot \u00e1lmai kertj\u00e9ben a mi seg\u00edts\u00e9g\u00fcnkkel! Min\u0151s\u00e9gi f\u0171telep\u00edt\u00e9s \u00e9s magvet\u00e9s szolg\u00e1ltat\u00e1saink\u00e9rt h\u00edvjon minket most!","breadcrumb":{"@id":"https:\/\/sylvangardens.hu\/?page_id=616#breadcrumb"},"inLanguage":"hu","potentialAction":[{"@type":"ReadAction","target":["https:\/\/sylvangardens.hu\/?page_id=616"]}]},{"@type":"BreadcrumbList","@id":"https:\/\/sylvangardens.hu\/?page_id=616#breadcrumb","itemListElement":[{"@type":"ListItem","position":1,"name":"Kezd\u0151lap","item":"https:\/\/sylvangardens.hu\/"},{"@type":"ListItem","position":2,"name":"Gyeptelep\u00edt\u00e9s"}]},{"@type":"WebSite","@id":"https:\/\/sylvangardens.hu\/#website","url":"https:\/\/sylvangardens.hu\/","name":"VargaKertM\u00f3r","description":"Kert\u00e9szet \u00e9s Kert \u00e9s Park\u00e9p\u00edt\u00e9s","publisher":{"@id":"https:\/\/sylvangardens.hu\/#\/schema\/person\/1fb5e92265f56336b510365bfdcff060"},"alternateName":"VKM","potentialAction":[{"@type":"SearchAction","target":{"@type":"EntryPoint","urlTemplate":"https:\/\/sylvangardens.hu\/?s={search_term_string}"},"query-input":{"@type":"PropertyValueSpecification","valueRequired":true,"valueName":"search_term_string"}}],"inLanguage":"hu"},{"@type":["Person","Organization"],"@id":"https:\/\/sylvangardens.hu\/#\/schema\/person\/1fb5e92265f56336b510365bfdcff060","name":"Varga Rich\u00e1rd","image":{"@type":"ImageObject","inLanguage":"hu","@id":"https:\/\/sylvangardens.hu\/wp-content\/uploads\/2024\/01\/cropped-Logo-hands-on1600x800.png","url":"https:\/\/sylvangardens.hu\/wp-content\/uploads\/2024\/01\/cropped-Logo-hands-on1600x800.png","contentUrl":"https:\/\/sylvangardens.hu\/wp-content\/uploads\/2024\/01\/cropped-Logo-hands-on1600x800.png","width":240,"height":148,"caption":"Varga Rich\u00e1rd"},"logo":{"@id":"https:\/\/sylvangardens.hu\/wp-content\/uploads\/2024\/01\/cropped-Logo-hands-on1600x800.png"},"sameAs":["https:\/\/sylvangardens.hu","https:\/\/www.facebook.com\/VargaKertMor"]}]}},"_links":{"self":[{"href":"https:\/\/sylvangardens.hu\/index.php?rest_route=\/wp\/v2\/pages\/616","targetHints":{"allow":["GET"]}}],"collection":[{"href":"https:\/\/sylvangardens.hu\/index.php?rest_route=\/wp\/v2\/pages"}],"about":[{"href":"https:\/\/sylvangardens.hu\/index.php?rest_route=\/wp\/v2\/types\/page"}],"author":[{"embeddable":true,"href":"https:\/\/sylvangardens.hu\/index.php?rest_route=\/wp\/v2\/users\/1"}],"replies":[{"embeddable":true,"href":"https:\/\/sylvangardens.hu\/index.php?rest_route=%2Fwp%2Fv2%2Fcomments&post=616"}],"version-history":[{"count":2,"href":"https:\/\/sylvangardens.hu\/index.php?rest_route=\/wp\/v2\/pages\/616\/revisions"}],"predecessor-version":[{"id":619,"href":"https:\/\/sylvangardens.hu\/index.php?rest_route=\/wp\/v2\/pages\/616\/revisions\/619"}],"wp:attachment":[{"href":"https:\/\/sylvangardens.hu\/index.php?rest_route=%2Fwp%2Fv2%2Fmedia&parent=616"}],"curies":[{"name":"wp","href":"https:\/\/api.w.org\/{rel}","templated":true}]}}