{"id":605,"date":"2024-02-11T10:10:35","date_gmt":"2024-02-11T09:10:35","guid":{"rendered":"https:\/\/sylvangardens.hu\/?page_id=605"},"modified":"2024-02-19T14:32:56","modified_gmt":"2024-02-19T13:32:56","slug":"kerttervezes-3d-virtualis-kertbejaras","status":"publish","type":"page","link":"https:\/\/sylvangardens.hu\/?page_id=605","title":{"rendered":"Kert\u00e9p\u00edt\u00e9s"},"content":{"rendered":"\n<p>Lehet\u0151s\u00e9g a Term\u00e9szet K\u00f6zels\u00e9g\u00e9re &#8211; VargaKertM\u00f3r Kerttervez\u00e9s<\/p>\n\n\n\n<p>\u00c1lmodjon egy olyan kerttel, ahol minden n\u00f6v\u00e9ny a harm\u00f3ni\u00e1t \u00e9s a sz\u00e9ps\u00e9get sug\u00e1rozza! A VargaKertM\u00f3r kerttervez\u0151 csapata arra v\u00e1gyik, hogy seg\u00edtsen \u00d6nnek megval\u00f3s\u00edtani a t\u00f6k\u00e9letes kertet, amely inspir\u00e1l \u00e9s pihentet.<\/p>\n\n\n\n<p>Mer\u00fclj\u00f6n el a kerttervez\u00e9s var\u00e1zslat\u00e1ban, ahol az \u00f6sszhang a term\u00e9szettel \u00e9s az \u00d6n egy\u00e9ni st\u00edlus\u00e1val tal\u00e1lkozik. A VargaKertM\u00f3r kreat\u00edv szakemberei 2D \u00e9s 3D tervez\u00e9si szolg\u00e1ltat\u00e1sokat k\u00edn\u00e1lnak, hogy seg\u00edtsenek elk\u00e9pzel\u00e9seit val\u00f3s\u00e1gg\u00e1 form\u00e1lni. Tapasztalt csapatunk virtu\u00e1lis kerts\u00e9t\u00e1kat is k\u00e9sz\u00edt, hogy \u00d6n el\u0151re l\u00e1thassa a tervezett kert \u00e9leth\u0171 megjelen\u00e9s\u00e9t, miel\u0151tt m\u00e9g egyetlen \u00e1s\u00f3nyomot is ejten\u00e9nk.<\/p>\n\n\n\n<p><\/p>\n\n\n\n<p class=\"has-text-align-center\">&#8221; Term\u00e9szetesen a legjobb!&#8221; <\/p>\n\n\n\n<p>Ahogy a jelmondatunk is tartja, fogadja a term\u00e9szet meghitt \u00f6lel\u00e9s\u00e9t a VargaKertM\u00f3r kerttervez\u00e9ssel! V\u00e1lassza szolg\u00e1ltat\u00e1sainkat, \u00e9s l\u00e9pjen be egy vil\u00e1gba, ahol a kert \u00e1lmai val\u00f3ra v\u00e1lnak. Tapasztalt szak\u00e9rt\u0151ink \u00e9s innovat\u00edv megk\u00f6zel\u00edt\u00e9s\u00fcnk seg\u00edts\u00e9g\u00e9vel garant\u00e1ltan elb\u0171v\u00f6l\u0151 \u00e9s egyedi kertet teremt\u00fcnk, amely \u00f6r\u00f6met \u00e9s inspir\u00e1ci\u00f3t hoz az \u00d6n \u00e9let\u00e9be.<\/p>\n\n\n\n<div class=\"wp-block-buttons is-layout-flex wp-block-buttons-is-layout-flex\">\n<div class=\"wp-block-button\"><a class=\"wp-block-button__link wp-element-button\" href=\"https:\/\/sylvangardens.hu\/?page_id=109\">Aj\u00e1nlatk\u00e9r\u00e9s<\/a><\/div>\n<\/div>\n","protected":false},"excerpt":{"rendered":"<p>Lehet\u0151s\u00e9g a Term\u00e9szet K\u00f6zels\u00e9g\u00e9re &#8211; VargaKertM\u00f3r Kerttervez\u00e9s \u00c1lmodjon egy olyan kerttel, ahol minden n\u00f6v\u00e9ny a harm\u00f3ni\u00e1t \u00e9s a sz\u00e9ps\u00e9get sug\u00e1rozza! A VargaKertM\u00f3r kerttervez\u0151 csapata arra v\u00e1gyik, hogy seg\u00edtsen \u00d6nnek megval\u00f3s\u00edtani a t\u00f6k\u00e9letes kertet, amely inspir\u00e1l \u00e9s pihentet. Mer\u00fclj\u00f6n el a kerttervez\u00e9s var\u00e1zslat\u00e1ban, ahol az \u00f6sszhang a term\u00e9szettel \u00e9s az \u00d6n egy\u00e9ni st\u00edlus\u00e1val tal\u00e1lkozik. A VargaKertM\u00f3r [&hellip;]<\/p>\n","protected":false},"author":1,"featured_media":0,"parent":0,"menu_order":0,"comment_status":"closed","ping_status":"closed","template":"","meta":{"footnotes":""},"class_list":["post-605","page","type-page","status-publish","hentry"],"yoast_head":"<!-- This site is optimized with the Yoast SEO plugin v27.4 - https:\/\/yoast.com\/product\/yoast-seo-wordpress\/ -->\n<title>Kerttervez\u00e9s 2D 3D VR Virtu\u00e1lis-bej\u00e1r\u00e1s<\/title>\n<meta name=\"description\" content=\"Profi kerttervez\u00e9s 2D \u00e9s 3D, valamint virtu\u00e1lis kert s\u00e9t\u00e1k. Hagyja, hogy tapasztalt szak\u00e9rt\u0151ink seg\u00edtsenek \u00e1lmai kertj\u00e9t val\u00f3s\u00e1gg\u00e1 form\u00e1lni!\" \/>\n<meta name=\"robots\" content=\"index, follow, max-snippet:-1, max-image-preview:large, max-video-preview:-1\" \/>\n<link rel=\"canonical\" href=\"https:\/\/sylvangardens.hu\/?page_id=605\" \/>\n<meta property=\"og:locale\" content=\"hu_HU\" \/>\n<meta property=\"og:type\" content=\"article\" \/>\n<meta property=\"og:title\" content=\"Kerttervez\u00e9s 2D 3D VR Virtu\u00e1lis-bej\u00e1r\u00e1s\" \/>\n<meta property=\"og:description\" content=\"Profi kerttervez\u00e9s 2D \u00e9s 3D, valamint virtu\u00e1lis kert s\u00e9t\u00e1k. Hagyja, hogy tapasztalt szak\u00e9rt\u0151ink seg\u00edtsenek \u00e1lmai kertj\u00e9t val\u00f3s\u00e1gg\u00e1 form\u00e1lni!\" \/>\n<meta property=\"og:url\" content=\"https:\/\/sylvangardens.hu\/?page_id=605\" \/>\n<meta property=\"og:site_name\" content=\"VargaKertM\u00f3r\" \/>\n<meta property=\"article:publisher\" content=\"https:\/\/www.facebook.com\/VargaKertMor\" \/>\n<meta property=\"article:modified_time\" content=\"2024-02-19T13:32:56+00:00\" \/>\n<meta name=\"twitter:card\" content=\"summary_large_image\" \/>\n<meta name=\"twitter:label1\" content=\"Becs\u00fclt olvas\u00e1si id\u0151\" \/>\n\t<meta name=\"twitter:data1\" content=\"1 perc\" \/>\n<script type=\"application\/ld+json\" class=\"yoast-schema-graph\">{\"@context\":\"https:\\\/\\\/schema.org\",\"@graph\":[{\"@type\":\"WebPage\",\"@id\":\"https:\\\/\\\/sylvangardens.hu\\\/?page_id=605\",\"url\":\"https:\\\/\\\/sylvangardens.hu\\\/?page_id=605\",\"name\":\"Kerttervez\u00e9s 2D 3D VR Virtu\u00e1lis-bej\u00e1r\u00e1s\",\"isPartOf\":{\"@id\":\"https:\\\/\\\/sylvangardens.hu\\\/#website\"},\"datePublished\":\"2024-02-11T09:10:35+00:00\",\"dateModified\":\"2024-02-19T13:32:56+00:00\",\"description\":\"Profi kerttervez\u00e9s 2D \u00e9s 3D, valamint virtu\u00e1lis kert s\u00e9t\u00e1k. Hagyja, hogy tapasztalt szak\u00e9rt\u0151ink seg\u00edtsenek \u00e1lmai kertj\u00e9t val\u00f3s\u00e1gg\u00e1 form\u00e1lni!\",\"breadcrumb\":{\"@id\":\"https:\\\/\\\/sylvangardens.hu\\\/?page_id=605#breadcrumb\"},\"inLanguage\":\"hu\",\"potentialAction\":[{\"@type\":\"ReadAction\",\"target\":[\"https:\\\/\\\/sylvangardens.hu\\\/?page_id=605\"]}]},{\"@type\":\"BreadcrumbList\",\"@id\":\"https:\\\/\\\/sylvangardens.hu\\\/?page_id=605#breadcrumb\",\"itemListElement\":[{\"@type\":\"ListItem\",\"position\":1,\"name\":\"Kezd\u0151lap\",\"item\":\"https:\\\/\\\/sylvangardens.hu\\\/\"},{\"@type\":\"ListItem\",\"position\":2,\"name\":\"Kert\u00e9p\u00edt\u00e9s\"}]},{\"@type\":\"WebSite\",\"@id\":\"https:\\\/\\\/sylvangardens.hu\\\/#website\",\"url\":\"https:\\\/\\\/sylvangardens.hu\\\/\",\"name\":\"VargaKertM\u00f3r\",\"description\":\"Kert\u00e9szet \u00e9s Kert \u00e9s Park\u00e9p\u00edt\u00e9s\",\"publisher\":{\"@id\":\"https:\\\/\\\/sylvangardens.hu\\\/#\\\/schema\\\/person\\\/1fb5e92265f56336b510365bfdcff060\"},\"alternateName\":\"VKM\",\"potentialAction\":[{\"@type\":\"SearchAction\",\"target\":{\"@type\":\"EntryPoint\",\"urlTemplate\":\"https:\\\/\\\/sylvangardens.hu\\\/?s={search_term_string}\"},\"query-input\":{\"@type\":\"PropertyValueSpecification\",\"valueRequired\":true,\"valueName\":\"search_term_string\"}}],\"inLanguage\":\"hu\"},{\"@type\":[\"Person\",\"Organization\"],\"@id\":\"https:\\\/\\\/sylvangardens.hu\\\/#\\\/schema\\\/person\\\/1fb5e92265f56336b510365bfdcff060\",\"name\":\"Varga Rich\u00e1rd\",\"image\":{\"@type\":\"ImageObject\",\"inLanguage\":\"hu\",\"@id\":\"https:\\\/\\\/sylvangardens.hu\\\/wp-content\\\/uploads\\\/2024\\\/01\\\/cropped-Logo-hands-on1600x800.png\",\"url\":\"https:\\\/\\\/sylvangardens.hu\\\/wp-content\\\/uploads\\\/2024\\\/01\\\/cropped-Logo-hands-on1600x800.png\",\"contentUrl\":\"https:\\\/\\\/sylvangardens.hu\\\/wp-content\\\/uploads\\\/2024\\\/01\\\/cropped-Logo-hands-on1600x800.png\",\"width\":240,\"height\":148,\"caption\":\"Varga Rich\u00e1rd\"},\"logo\":{\"@id\":\"https:\\\/\\\/sylvangardens.hu\\\/wp-content\\\/uploads\\\/2024\\\/01\\\/cropped-Logo-hands-on1600x800.png\"},\"sameAs\":[\"https:\\\/\\\/sylvangardens.hu\",\"https:\\\/\\\/www.facebook.com\\\/VargaKertMor\"]}]}<\/script>\n<!-- \/ Yoast SEO plugin. -->","yoast_head_json":{"title":"Kerttervez\u00e9s 2D 3D VR Virtu\u00e1lis-bej\u00e1r\u00e1s","description":"Profi kerttervez\u00e9s 2D \u00e9s 3D, valamint virtu\u00e1lis kert s\u00e9t\u00e1k. Hagyja, hogy tapasztalt szak\u00e9rt\u0151ink seg\u00edtsenek \u00e1lmai kertj\u00e9t val\u00f3s\u00e1gg\u00e1 form\u00e1lni!","robots":{"index":"index","follow":"follow","max-snippet":"max-snippet:-1","max-image-preview":"max-image-preview:large","max-video-preview":"max-video-preview:-1"},"canonical":"https:\/\/sylvangardens.hu\/?page_id=605","og_locale":"hu_HU","og_type":"article","og_title":"Kerttervez\u00e9s 2D 3D VR Virtu\u00e1lis-bej\u00e1r\u00e1s","og_description":"Profi kerttervez\u00e9s 2D \u00e9s 3D, valamint virtu\u00e1lis kert s\u00e9t\u00e1k. Hagyja, hogy tapasztalt szak\u00e9rt\u0151ink seg\u00edtsenek \u00e1lmai kertj\u00e9t val\u00f3s\u00e1gg\u00e1 form\u00e1lni!","og_url":"https:\/\/sylvangardens.hu\/?page_id=605","og_site_name":"VargaKertM\u00f3r","article_publisher":"https:\/\/www.facebook.com\/VargaKertMor","article_modified_time":"2024-02-19T13:32:56+00:00","twitter_card":"summary_large_image","twitter_misc":{"Becs\u00fclt olvas\u00e1si id\u0151":"1 perc"},"schema":{"@context":"https:\/\/schema.org","@graph":[{"@type":"WebPage","@id":"https:\/\/sylvangardens.hu\/?page_id=605","url":"https:\/\/sylvangardens.hu\/?page_id=605","name":"Kerttervez\u00e9s 2D 3D VR Virtu\u00e1lis-bej\u00e1r\u00e1s","isPartOf":{"@id":"https:\/\/sylvangardens.hu\/#website"},"datePublished":"2024-02-11T09:10:35+00:00","dateModified":"2024-02-19T13:32:56+00:00","description":"Profi kerttervez\u00e9s 2D \u00e9s 3D, valamint virtu\u00e1lis kert s\u00e9t\u00e1k. Hagyja, hogy tapasztalt szak\u00e9rt\u0151ink seg\u00edtsenek \u00e1lmai kertj\u00e9t val\u00f3s\u00e1gg\u00e1 form\u00e1lni!","breadcrumb":{"@id":"https:\/\/sylvangardens.hu\/?page_id=605#breadcrumb"},"inLanguage":"hu","potentialAction":[{"@type":"ReadAction","target":["https:\/\/sylvangardens.hu\/?page_id=605"]}]},{"@type":"BreadcrumbList","@id":"https:\/\/sylvangardens.hu\/?page_id=605#breadcrumb","itemListElement":[{"@type":"ListItem","position":1,"name":"Kezd\u0151lap","item":"https:\/\/sylvangardens.hu\/"},{"@type":"ListItem","position":2,"name":"Kert\u00e9p\u00edt\u00e9s"}]},{"@type":"WebSite","@id":"https:\/\/sylvangardens.hu\/#website","url":"https:\/\/sylvangardens.hu\/","name":"VargaKertM\u00f3r","description":"Kert\u00e9szet \u00e9s Kert \u00e9s Park\u00e9p\u00edt\u00e9s","publisher":{"@id":"https:\/\/sylvangardens.hu\/#\/schema\/person\/1fb5e92265f56336b510365bfdcff060"},"alternateName":"VKM","potentialAction":[{"@type":"SearchAction","target":{"@type":"EntryPoint","urlTemplate":"https:\/\/sylvangardens.hu\/?s={search_term_string}"},"query-input":{"@type":"PropertyValueSpecification","valueRequired":true,"valueName":"search_term_string"}}],"inLanguage":"hu"},{"@type":["Person","Organization"],"@id":"https:\/\/sylvangardens.hu\/#\/schema\/person\/1fb5e92265f56336b510365bfdcff060","name":"Varga Rich\u00e1rd","image":{"@type":"ImageObject","inLanguage":"hu","@id":"https:\/\/sylvangardens.hu\/wp-content\/uploads\/2024\/01\/cropped-Logo-hands-on1600x800.png","url":"https:\/\/sylvangardens.hu\/wp-content\/uploads\/2024\/01\/cropped-Logo-hands-on1600x800.png","contentUrl":"https:\/\/sylvangardens.hu\/wp-content\/uploads\/2024\/01\/cropped-Logo-hands-on1600x800.png","width":240,"height":148,"caption":"Varga Rich\u00e1rd"},"logo":{"@id":"https:\/\/sylvangardens.hu\/wp-content\/uploads\/2024\/01\/cropped-Logo-hands-on1600x800.png"},"sameAs":["https:\/\/sylvangardens.hu","https:\/\/www.facebook.com\/VargaKertMor"]}]}},"_links":{"self":[{"href":"https:\/\/sylvangardens.hu\/index.php?rest_route=\/wp\/v2\/pages\/605","targetHints":{"allow":["GET"]}}],"collection":[{"href":"https:\/\/sylvangardens.hu\/index.php?rest_route=\/wp\/v2\/pages"}],"about":[{"href":"https:\/\/sylvangardens.hu\/index.php?rest_route=\/wp\/v2\/types\/page"}],"author":[{"embeddable":true,"href":"https:\/\/sylvangardens.hu\/index.php?rest_route=\/wp\/v2\/users\/1"}],"replies":[{"embeddable":true,"href":"https:\/\/sylvangardens.hu\/index.php?rest_route=%2Fwp%2Fv2%2Fcomments&post=605"}],"version-history":[{"count":6,"href":"https:\/\/sylvangardens.hu\/index.php?rest_route=\/wp\/v2\/pages\/605\/revisions"}],"predecessor-version":[{"id":647,"href":"https:\/\/sylvangardens.hu\/index.php?rest_route=\/wp\/v2\/pages\/605\/revisions\/647"}],"wp:attachment":[{"href":"https:\/\/sylvangardens.hu\/index.php?rest_route=%2Fwp%2Fv2%2Fmedia&parent=605"}],"curies":[{"name":"wp","href":"https:\/\/api.w.org\/{rel}","templated":true}]}}