{"id":599,"date":"2024-02-11T09:46:29","date_gmt":"2024-02-11T08:46:29","guid":{"rendered":"https:\/\/sylvangardens.hu\/?page_id=599"},"modified":"2024-02-11T09:52:57","modified_gmt":"2024-02-11T08:52:57","slug":"ontozorendszer-telepites","status":"publish","type":"page","link":"https:\/\/sylvangardens.hu\/?page_id=599","title":{"rendered":"\u00d6nt\u00f6z\u0151rendszer Telep\u00edt\u00e9s"},"content":{"rendered":"\n<p>C\u00e9g\u00fcnk elk\u00f6telezett abban, hogy magas sz\u00ednvonal\u00fa szolg\u00e1ltat\u00e1st ny\u00fajtson \u00fcgyfeleinek, \u00e9s az \u00f6nt\u00f6z\u0151rendszer telep\u00edt\u00e9s\u00e9vel seg\u00edtse \u0151ket abban, hogy kertj\u00fck az optim\u00e1lis v\u00edzell\u00e1t\u00e1sban r\u00e9szes\u00fclj\u00f6n, n\u00f6v\u00e9nyei pedig eg\u00e9szs\u00e9gesek \u00e9s gy\u00f6ny\u00f6r\u0171ek legyenek.<\/p>\n\n\n\n<p><strong>Mi\u00e9rt V\u00e1lassza \u00d6nt\u00f6z\u0151rendszer Telep\u00edt\u00e9s\u00fcnket?<\/strong><\/p>\n\n\n\n<ol class=\"wp-block-list\">\n<li><strong>Hasszabb Kert\u00e9lettartam:<\/strong> Az \u00f6nt\u00f6z\u0151rendszer telep\u00edt\u00e9se lehet\u0151v\u00e9 teszi, hogy kertje hosszabb ideig meg\u0151rizze frissess\u00e9g\u00e9t \u00e9s sz\u00e9ps\u00e9g\u00e9t, minimaliz\u00e1lva a n\u00f6v\u00e9nyek v\u00edzhi\u00e1ny okozta stressz\u00e9t.<\/li>\n\n\n\n<li><strong>Id\u0151- \u00e9s Energiahat\u00e9konys\u00e1g:<\/strong> Az automatiz\u00e1lt \u00f6nt\u00f6z\u0151rendszerrel jelent\u0151sen cs\u00f6kkentheti az \u00f6nt\u00f6z\u00e9sre ford\u00edtott id\u0151t \u00e9s energi\u00e1t, \u00edgy kertje mind\u00edg \u00fcde \u00e9s eg\u00e9szs\u00e9ges lesz.<\/li>\n\n\n\n<li><strong>Egyedi Megold\u00e1sok:<\/strong> Kreat\u00edv szak\u00e9rt\u0151ink az \u00d6n ig\u00e9nyeire szabott egyedi \u00f6nt\u00f6z\u0151rendszer tervez\u00e9s\u00e9vel \u00e9s telep\u00edt\u00e9s\u00e9vel biztos\u00edtj\u00e1k, hogy kertje pontosan azt kapja, amire sz\u00fcks\u00e9ge van.<\/li>\n\n\n\n<li><strong>K\u00f6lts\u00e9ghat\u00e9konys\u00e1g:<\/strong> Az \u00f6nt\u00f6z\u0151rendszer hossz\u00fa t\u00e1v\u00fa befektet\u00e9s, amely megt\u00e9r\u00fcl a v\u00edzfogyaszt\u00e1s \u00e9s a n\u00f6v\u00e9nycsere k\u00f6lts\u00e9geinek cs\u00f6kkent\u00e9s\u00e9ben.<\/li>\n<\/ol>\n\n\n\n<p><strong>Kihagyhatatlan aj\u00e1nlatunk:<\/strong><\/p>\n\n\n\n<p>Ha most v\u00e1lasztja az \u00f6nt\u00f6z\u0151rendszer telep\u00edt\u00e9s\u00e9t VargaKertM\u00f3r-n\u00e1l, ingyenes konzult\u00e1ci\u00f3t \u00e9s \u00e1raj\u00e1nlatot biztos\u00edtunk! Ezen fel\u00fcl, az els\u0151 10 \u00fcgyf\u00e9l sz\u00e1m\u00e1ra extra 10% kedvezm\u00e9nyt k\u00edn\u00e1lunk az \u00f6nt\u00f6z\u0151rendszer teljes k\u00f6lts\u00e9g\u00e9b\u0151l!<\/p>\n\n\n\n<p>Ne hagyja, hogy kertje szomjazzon! V\u00e1lassza a VargaKertM\u00f3r-t, \u00e9s l\u00e9pjen be az automatiz\u00e1lt \u00f6nt\u00f6z\u00e9s vil\u00e1g\u00e1ba, ahol a frissess\u00e9g \u00e9s a sz\u00e9ps\u00e9g mindig k\u00e9zn\u00e9l van. Vegye fel vel\u00fcnk a kapcsolatot m\u00e9g ma, hogy megkezdhess\u00fck \u00e1lmai kertj\u00e9nek megval\u00f3s\u00edt\u00e1s\u00e1t!<\/p>\n\n\n\n<div class=\"wp-block-buttons is-layout-flex wp-block-buttons-is-layout-flex\">\n<div class=\"wp-block-button\"><a class=\"wp-block-button__link wp-element-button\" href=\"https:\/\/sylvangardens.hu\/?page_id=109\">Aj\u00e1latk\u00e9r\u00e9s<\/a><\/div>\n<\/div>\n","protected":false},"excerpt":{"rendered":"<p>C\u00e9g\u00fcnk elk\u00f6telezett abban, hogy magas sz\u00ednvonal\u00fa szolg\u00e1ltat\u00e1st ny\u00fajtson \u00fcgyfeleinek, \u00e9s az \u00f6nt\u00f6z\u0151rendszer telep\u00edt\u00e9s\u00e9vel seg\u00edtse \u0151ket abban, hogy kertj\u00fck az optim\u00e1lis v\u00edzell\u00e1t\u00e1sban r\u00e9szes\u00fclj\u00f6n, n\u00f6v\u00e9nyei pedig eg\u00e9szs\u00e9gesek \u00e9s gy\u00f6ny\u00f6r\u0171ek legyenek. Mi\u00e9rt V\u00e1lassza \u00d6nt\u00f6z\u0151rendszer Telep\u00edt\u00e9s\u00fcnket? Kihagyhatatlan aj\u00e1nlatunk: Ha most v\u00e1lasztja az \u00f6nt\u00f6z\u0151rendszer telep\u00edt\u00e9s\u00e9t VargaKertM\u00f3r-n\u00e1l, ingyenes konzult\u00e1ci\u00f3t \u00e9s \u00e1raj\u00e1nlatot biztos\u00edtunk! Ezen fel\u00fcl, az els\u0151 10 \u00fcgyf\u00e9l sz\u00e1m\u00e1ra extra 10% [&hellip;]<\/p>\n","protected":false},"author":1,"featured_media":0,"parent":0,"menu_order":0,"comment_status":"closed","ping_status":"closed","template":"","meta":{"footnotes":""},"class_list":["post-599","page","type-page","status-publish","hentry"],"yoast_head":"<!-- This site is optimized with the Yoast SEO plugin v27.4 - https:\/\/yoast.com\/product\/yoast-seo-wordpress\/ -->\n<title>\u00d6nt\u00f6z\u0151rendszer Telep\u00edt\u00e9s - VargaKertM\u00f3r<\/title>\n<meta name=\"description\" content=\"Profi \u00f6nt\u00f6z\u0151rendszer telep\u00edt\u00e9s a vir\u00e1gz\u00f3 kert\u00e9rt. K\u00e9rjen ingyenes konzult\u00e1ci\u00f3t \u00e9s szerezze meg az els\u0151 10 \u00fcgyf\u00e9lnek j\u00e1r\u00f3 10% kedvezm\u00e9nyt!\" \/>\n<meta name=\"robots\" content=\"index, follow, max-snippet:-1, max-image-preview:large, max-video-preview:-1\" \/>\n<link rel=\"canonical\" href=\"https:\/\/sylvangardens.hu\/?page_id=599\" \/>\n<meta property=\"og:locale\" content=\"hu_HU\" \/>\n<meta property=\"og:type\" content=\"article\" \/>\n<meta property=\"og:title\" content=\"\u00d6nt\u00f6z\u0151rendszer Telep\u00edt\u00e9s - VargaKertM\u00f3r\" \/>\n<meta property=\"og:description\" content=\"Profi \u00f6nt\u00f6z\u0151rendszer telep\u00edt\u00e9s a vir\u00e1gz\u00f3 kert\u00e9rt. K\u00e9rjen ingyenes konzult\u00e1ci\u00f3t \u00e9s szerezze meg az els\u0151 10 \u00fcgyf\u00e9lnek j\u00e1r\u00f3 10% kedvezm\u00e9nyt!\" \/>\n<meta property=\"og:url\" content=\"https:\/\/sylvangardens.hu\/?page_id=599\" \/>\n<meta property=\"og:site_name\" content=\"VargaKertM\u00f3r\" \/>\n<meta property=\"article:publisher\" content=\"https:\/\/www.facebook.com\/VargaKertMor\" \/>\n<meta property=\"article:modified_time\" content=\"2024-02-11T08:52:57+00:00\" \/>\n<meta name=\"twitter:card\" content=\"summary_large_image\" \/>\n<meta name=\"twitter:label1\" content=\"Becs\u00fclt olvas\u00e1si id\u0151\" \/>\n\t<meta name=\"twitter:data1\" content=\"1 perc\" \/>\n<script type=\"application\/ld+json\" class=\"yoast-schema-graph\">{\"@context\":\"https:\\\/\\\/schema.org\",\"@graph\":[{\"@type\":\"AdvertiserContentArticle\",\"@id\":\"https:\\\/\\\/sylvangardens.hu\\\/?page_id=599#article\",\"isPartOf\":{\"@id\":\"https:\\\/\\\/sylvangardens.hu\\\/?page_id=599\"},\"author\":{\"name\":\"Varga Rich\u00e1rd\",\"@id\":\"https:\\\/\\\/sylvangardens.hu\\\/#\\\/schema\\\/person\\\/1fb5e92265f56336b510365bfdcff060\"},\"headline\":\"\u00d6nt\u00f6z\u0151rendszer Telep\u00edt\u00e9s\",\"datePublished\":\"2024-02-11T08:46:29+00:00\",\"dateModified\":\"2024-02-11T08:52:57+00:00\",\"mainEntityOfPage\":{\"@id\":\"https:\\\/\\\/sylvangardens.hu\\\/?page_id=599\"},\"wordCount\":335,\"publisher\":{\"@id\":\"https:\\\/\\\/sylvangardens.hu\\\/#\\\/schema\\\/person\\\/1fb5e92265f56336b510365bfdcff060\"},\"inLanguage\":\"hu\"},{\"@type\":\"WebPage\",\"@id\":\"https:\\\/\\\/sylvangardens.hu\\\/?page_id=599\",\"url\":\"https:\\\/\\\/sylvangardens.hu\\\/?page_id=599\",\"name\":\"\u00d6nt\u00f6z\u0151rendszer Telep\u00edt\u00e9s - VargaKertM\u00f3r\",\"isPartOf\":{\"@id\":\"https:\\\/\\\/sylvangardens.hu\\\/#website\"},\"datePublished\":\"2024-02-11T08:46:29+00:00\",\"dateModified\":\"2024-02-11T08:52:57+00:00\",\"description\":\"Profi \u00f6nt\u00f6z\u0151rendszer telep\u00edt\u00e9s a vir\u00e1gz\u00f3 kert\u00e9rt. K\u00e9rjen ingyenes konzult\u00e1ci\u00f3t \u00e9s szerezze meg az els\u0151 10 \u00fcgyf\u00e9lnek j\u00e1r\u00f3 10% kedvezm\u00e9nyt!\",\"breadcrumb\":{\"@id\":\"https:\\\/\\\/sylvangardens.hu\\\/?page_id=599#breadcrumb\"},\"inLanguage\":\"hu\",\"potentialAction\":[{\"@type\":\"ReadAction\",\"target\":[\"https:\\\/\\\/sylvangardens.hu\\\/?page_id=599\"]}]},{\"@type\":\"BreadcrumbList\",\"@id\":\"https:\\\/\\\/sylvangardens.hu\\\/?page_id=599#breadcrumb\",\"itemListElement\":[{\"@type\":\"ListItem\",\"position\":1,\"name\":\"Kezd\u0151lap\",\"item\":\"https:\\\/\\\/sylvangardens.hu\\\/\"},{\"@type\":\"ListItem\",\"position\":2,\"name\":\"\u00d6nt\u00f6z\u0151rendszer Telep\u00edt\u00e9s\"}]},{\"@type\":\"WebSite\",\"@id\":\"https:\\\/\\\/sylvangardens.hu\\\/#website\",\"url\":\"https:\\\/\\\/sylvangardens.hu\\\/\",\"name\":\"VargaKertM\u00f3r\",\"description\":\"Kert\u00e9szet \u00e9s Kert \u00e9s Park\u00e9p\u00edt\u00e9s\",\"publisher\":{\"@id\":\"https:\\\/\\\/sylvangardens.hu\\\/#\\\/schema\\\/person\\\/1fb5e92265f56336b510365bfdcff060\"},\"alternateName\":\"VKM\",\"potentialAction\":[{\"@type\":\"SearchAction\",\"target\":{\"@type\":\"EntryPoint\",\"urlTemplate\":\"https:\\\/\\\/sylvangardens.hu\\\/?s={search_term_string}\"},\"query-input\":{\"@type\":\"PropertyValueSpecification\",\"valueRequired\":true,\"valueName\":\"search_term_string\"}}],\"inLanguage\":\"hu\"},{\"@type\":[\"Person\",\"Organization\"],\"@id\":\"https:\\\/\\\/sylvangardens.hu\\\/#\\\/schema\\\/person\\\/1fb5e92265f56336b510365bfdcff060\",\"name\":\"Varga Rich\u00e1rd\",\"image\":{\"@type\":\"ImageObject\",\"inLanguage\":\"hu\",\"@id\":\"https:\\\/\\\/sylvangardens.hu\\\/wp-content\\\/uploads\\\/2024\\\/01\\\/cropped-Logo-hands-on1600x800.png\",\"url\":\"https:\\\/\\\/sylvangardens.hu\\\/wp-content\\\/uploads\\\/2024\\\/01\\\/cropped-Logo-hands-on1600x800.png\",\"contentUrl\":\"https:\\\/\\\/sylvangardens.hu\\\/wp-content\\\/uploads\\\/2024\\\/01\\\/cropped-Logo-hands-on1600x800.png\",\"width\":240,\"height\":148,\"caption\":\"Varga Rich\u00e1rd\"},\"logo\":{\"@id\":\"https:\\\/\\\/sylvangardens.hu\\\/wp-content\\\/uploads\\\/2024\\\/01\\\/cropped-Logo-hands-on1600x800.png\"},\"sameAs\":[\"https:\\\/\\\/sylvangardens.hu\",\"https:\\\/\\\/www.facebook.com\\\/VargaKertMor\"],\"url\":\"https:\\\/\\\/sylvangardens.hu\\\/?author=1\"}]}<\/script>\n<!-- \/ Yoast SEO plugin. -->","yoast_head_json":{"title":"\u00d6nt\u00f6z\u0151rendszer Telep\u00edt\u00e9s - VargaKertM\u00f3r","description":"Profi \u00f6nt\u00f6z\u0151rendszer telep\u00edt\u00e9s a vir\u00e1gz\u00f3 kert\u00e9rt. K\u00e9rjen ingyenes konzult\u00e1ci\u00f3t \u00e9s szerezze meg az els\u0151 10 \u00fcgyf\u00e9lnek j\u00e1r\u00f3 10% kedvezm\u00e9nyt!","robots":{"index":"index","follow":"follow","max-snippet":"max-snippet:-1","max-image-preview":"max-image-preview:large","max-video-preview":"max-video-preview:-1"},"canonical":"https:\/\/sylvangardens.hu\/?page_id=599","og_locale":"hu_HU","og_type":"article","og_title":"\u00d6nt\u00f6z\u0151rendszer Telep\u00edt\u00e9s - VargaKertM\u00f3r","og_description":"Profi \u00f6nt\u00f6z\u0151rendszer telep\u00edt\u00e9s a vir\u00e1gz\u00f3 kert\u00e9rt. K\u00e9rjen ingyenes konzult\u00e1ci\u00f3t \u00e9s szerezze meg az els\u0151 10 \u00fcgyf\u00e9lnek j\u00e1r\u00f3 10% kedvezm\u00e9nyt!","og_url":"https:\/\/sylvangardens.hu\/?page_id=599","og_site_name":"VargaKertM\u00f3r","article_publisher":"https:\/\/www.facebook.com\/VargaKertMor","article_modified_time":"2024-02-11T08:52:57+00:00","twitter_card":"summary_large_image","twitter_misc":{"Becs\u00fclt olvas\u00e1si id\u0151":"1 perc"},"schema":{"@context":"https:\/\/schema.org","@graph":[{"@type":"AdvertiserContentArticle","@id":"https:\/\/sylvangardens.hu\/?page_id=599#article","isPartOf":{"@id":"https:\/\/sylvangardens.hu\/?page_id=599"},"author":{"name":"Varga Rich\u00e1rd","@id":"https:\/\/sylvangardens.hu\/#\/schema\/person\/1fb5e92265f56336b510365bfdcff060"},"headline":"\u00d6nt\u00f6z\u0151rendszer Telep\u00edt\u00e9s","datePublished":"2024-02-11T08:46:29+00:00","dateModified":"2024-02-11T08:52:57+00:00","mainEntityOfPage":{"@id":"https:\/\/sylvangardens.hu\/?page_id=599"},"wordCount":335,"publisher":{"@id":"https:\/\/sylvangardens.hu\/#\/schema\/person\/1fb5e92265f56336b510365bfdcff060"},"inLanguage":"hu"},{"@type":"WebPage","@id":"https:\/\/sylvangardens.hu\/?page_id=599","url":"https:\/\/sylvangardens.hu\/?page_id=599","name":"\u00d6nt\u00f6z\u0151rendszer Telep\u00edt\u00e9s - VargaKertM\u00f3r","isPartOf":{"@id":"https:\/\/sylvangardens.hu\/#website"},"datePublished":"2024-02-11T08:46:29+00:00","dateModified":"2024-02-11T08:52:57+00:00","description":"Profi \u00f6nt\u00f6z\u0151rendszer telep\u00edt\u00e9s a vir\u00e1gz\u00f3 kert\u00e9rt. K\u00e9rjen ingyenes konzult\u00e1ci\u00f3t \u00e9s szerezze meg az els\u0151 10 \u00fcgyf\u00e9lnek j\u00e1r\u00f3 10% kedvezm\u00e9nyt!","breadcrumb":{"@id":"https:\/\/sylvangardens.hu\/?page_id=599#breadcrumb"},"inLanguage":"hu","potentialAction":[{"@type":"ReadAction","target":["https:\/\/sylvangardens.hu\/?page_id=599"]}]},{"@type":"BreadcrumbList","@id":"https:\/\/sylvangardens.hu\/?page_id=599#breadcrumb","itemListElement":[{"@type":"ListItem","position":1,"name":"Kezd\u0151lap","item":"https:\/\/sylvangardens.hu\/"},{"@type":"ListItem","position":2,"name":"\u00d6nt\u00f6z\u0151rendszer Telep\u00edt\u00e9s"}]},{"@type":"WebSite","@id":"https:\/\/sylvangardens.hu\/#website","url":"https:\/\/sylvangardens.hu\/","name":"VargaKertM\u00f3r","description":"Kert\u00e9szet \u00e9s Kert \u00e9s Park\u00e9p\u00edt\u00e9s","publisher":{"@id":"https:\/\/sylvangardens.hu\/#\/schema\/person\/1fb5e92265f56336b510365bfdcff060"},"alternateName":"VKM","potentialAction":[{"@type":"SearchAction","target":{"@type":"EntryPoint","urlTemplate":"https:\/\/sylvangardens.hu\/?s={search_term_string}"},"query-input":{"@type":"PropertyValueSpecification","valueRequired":true,"valueName":"search_term_string"}}],"inLanguage":"hu"},{"@type":["Person","Organization"],"@id":"https:\/\/sylvangardens.hu\/#\/schema\/person\/1fb5e92265f56336b510365bfdcff060","name":"Varga Rich\u00e1rd","image":{"@type":"ImageObject","inLanguage":"hu","@id":"https:\/\/sylvangardens.hu\/wp-content\/uploads\/2024\/01\/cropped-Logo-hands-on1600x800.png","url":"https:\/\/sylvangardens.hu\/wp-content\/uploads\/2024\/01\/cropped-Logo-hands-on1600x800.png","contentUrl":"https:\/\/sylvangardens.hu\/wp-content\/uploads\/2024\/01\/cropped-Logo-hands-on1600x800.png","width":240,"height":148,"caption":"Varga Rich\u00e1rd"},"logo":{"@id":"https:\/\/sylvangardens.hu\/wp-content\/uploads\/2024\/01\/cropped-Logo-hands-on1600x800.png"},"sameAs":["https:\/\/sylvangardens.hu","https:\/\/www.facebook.com\/VargaKertMor"],"url":"https:\/\/sylvangardens.hu\/?author=1"}]}},"_links":{"self":[{"href":"https:\/\/sylvangardens.hu\/index.php?rest_route=\/wp\/v2\/pages\/599","targetHints":{"allow":["GET"]}}],"collection":[{"href":"https:\/\/sylvangardens.hu\/index.php?rest_route=\/wp\/v2\/pages"}],"about":[{"href":"https:\/\/sylvangardens.hu\/index.php?rest_route=\/wp\/v2\/types\/page"}],"author":[{"embeddable":true,"href":"https:\/\/sylvangardens.hu\/index.php?rest_route=\/wp\/v2\/users\/1"}],"replies":[{"embeddable":true,"href":"https:\/\/sylvangardens.hu\/index.php?rest_route=%2Fwp%2Fv2%2Fcomments&post=599"}],"version-history":[{"count":2,"href":"https:\/\/sylvangardens.hu\/index.php?rest_route=\/wp\/v2\/pages\/599\/revisions"}],"predecessor-version":[{"id":603,"href":"https:\/\/sylvangardens.hu\/index.php?rest_route=\/wp\/v2\/pages\/599\/revisions\/603"}],"wp:attachment":[{"href":"https:\/\/sylvangardens.hu\/index.php?rest_route=%2Fwp%2Fv2%2Fmedia&parent=599"}],"curies":[{"name":"wp","href":"https:\/\/api.w.org\/{rel}","templated":true}]}}