{"id":531,"date":"2024-02-02T17:15:21","date_gmt":"2024-02-02T16:15:21","guid":{"rendered":"https:\/\/sylvangardens.hu\/?page_id=531"},"modified":"2024-02-02T17:17:48","modified_gmt":"2024-02-02T16:17:48","slug":"elerhetosegeink","status":"publish","type":"page","link":"https:\/\/sylvangardens.hu\/?page_id=531","title":{"rendered":"El\u00e9rhet\u0151s\u00e9geink"},"content":{"rendered":"\n<p>Varga Kert M\u00f3r<br>Cs\u00f3kak\u0151i d\u0171l\u0151 20<br>8060 M\u00f3r<br>Magyarorsz\u00e1g<br>H\u00edvj minket:&nbsp;+36309025406, +36303696951<br>\u00cdrj nek\u00fcnk e-mailt:&nbsp;<a href=\"mailto:info@vargakertmor.hu\">info@vargakertmor.hu<\/a><\/p>\n\n\n\n<p>\u00c1ruda nyitvatart\u00e1si id\u0151 (T\u00e1rgy\u00e9v M\u00e1rcius 1 &#8211; December 1):<\/p>\n\n\n\n<p>H-P 10:00-18:00, Szombat 10:00-13:00<\/p>\n\n\n\n<p>8060 M\u00f3r, Cs\u00f3kak\u0151i d\u0171l\u0151 20<\/p>\n\n\n\n<iframe src=\"https:\/\/www.google.com\/maps\/embed?pb=!1m18!1m12!1m3!1d1606.6225475697843!2d18.227471023841005!3d47.372795871156185!2m3!1f0!2f0!3f0!3m2!1i1024!2i768!4f13.1!3m3!1m2!1s0x476a257da5c957c5%3A0xc255d1140d2dbeb4!2sVarga%20Kert%20M%C3%B3r!5e0!3m2!1shu!2shu!4v1706890487789!5m2!1shu!2shu\" width=\"600\" height=\"450\" style=\"border:0;\" allowfullscreen=\"\" loading=\"lazy\" referrerpolicy=\"no-referrer-when-downgrade\"><\/iframe>\n","protected":false},"excerpt":{"rendered":"<p>Varga Kert M\u00f3rCs\u00f3kak\u0151i d\u0171l\u0151 208060 M\u00f3rMagyarorsz\u00e1gH\u00edvj minket:&nbsp;+36309025406, +36303696951\u00cdrj nek\u00fcnk e-mailt:&nbsp;info@vargakertmor.hu \u00c1ruda nyitvatart\u00e1si id\u0151 (T\u00e1rgy\u00e9v M\u00e1rcius 1 &#8211; December 1): H-P 10:00-18:00, Szombat 10:00-13:00 8060 M\u00f3r, Cs\u00f3kak\u0151i d\u0171l\u0151 20<\/p>\n","protected":false},"author":1,"featured_media":0,"parent":0,"menu_order":0,"comment_status":"closed","ping_status":"closed","template":"","meta":{"footnotes":""},"class_list":["post-531","page","type-page","status-publish","hentry"],"yoast_head":"<!-- This site is optimized with the Yoast SEO plugin v27.4 - https:\/\/yoast.com\/product\/yoast-seo-wordpress\/ -->\n<title>El\u00e9rhet\u0151s\u00e9geink - VargaKertM\u00f3r<\/title>\n<meta name=\"robots\" content=\"index, follow, max-snippet:-1, max-image-preview:large, max-video-preview:-1\" \/>\n<link rel=\"canonical\" href=\"https:\/\/sylvangardens.hu\/?page_id=531\" \/>\n<meta property=\"og:locale\" content=\"hu_HU\" \/>\n<meta property=\"og:type\" content=\"article\" \/>\n<meta property=\"og:title\" content=\"El\u00e9rhet\u0151s\u00e9geink - VargaKertM\u00f3r\" \/>\n<meta property=\"og:description\" content=\"Varga Kert M\u00f3rCs\u00f3kak\u0151i d\u0171l\u0151 208060 M\u00f3rMagyarorsz\u00e1gH\u00edvj minket:&nbsp;+36309025406, +36303696951\u00cdrj nek\u00fcnk e-mailt:&nbsp;info@vargakertmor.hu \u00c1ruda nyitvatart\u00e1si id\u0151 (T\u00e1rgy\u00e9v M\u00e1rcius 1 &#8211; December 1): H-P 10:00-18:00, Szombat 10:00-13:00 8060 M\u00f3r, Cs\u00f3kak\u0151i d\u0171l\u0151 20\" \/>\n<meta property=\"og:url\" content=\"https:\/\/sylvangardens.hu\/?page_id=531\" \/>\n<meta property=\"og:site_name\" content=\"VargaKertM\u00f3r\" \/>\n<meta property=\"article:publisher\" content=\"https:\/\/www.facebook.com\/VargaKertMor\" \/>\n<meta property=\"article:modified_time\" content=\"2024-02-02T16:17:48+00:00\" \/>\n<meta name=\"twitter:card\" content=\"summary_large_image\" \/>\n<script type=\"application\/ld+json\" class=\"yoast-schema-graph\">{\"@context\":\"https:\\\/\\\/schema.org\",\"@graph\":[{\"@type\":\"WebPage\",\"@id\":\"https:\\\/\\\/sylvangardens.hu\\\/?page_id=531\",\"url\":\"https:\\\/\\\/sylvangardens.hu\\\/?page_id=531\",\"name\":\"El\u00e9rhet\u0151s\u00e9geink - VargaKertM\u00f3r\",\"isPartOf\":{\"@id\":\"https:\\\/\\\/sylvangardens.hu\\\/#website\"},\"datePublished\":\"2024-02-02T16:15:21+00:00\",\"dateModified\":\"2024-02-02T16:17:48+00:00\",\"breadcrumb\":{\"@id\":\"https:\\\/\\\/sylvangardens.hu\\\/?page_id=531#breadcrumb\"},\"inLanguage\":\"hu\",\"potentialAction\":[{\"@type\":\"ReadAction\",\"target\":[\"https:\\\/\\\/sylvangardens.hu\\\/?page_id=531\"]}]},{\"@type\":\"BreadcrumbList\",\"@id\":\"https:\\\/\\\/sylvangardens.hu\\\/?page_id=531#breadcrumb\",\"itemListElement\":[{\"@type\":\"ListItem\",\"position\":1,\"name\":\"Kezd\u0151lap\",\"item\":\"https:\\\/\\\/sylvangardens.hu\\\/\"},{\"@type\":\"ListItem\",\"position\":2,\"name\":\"El\u00e9rhet\u0151s\u00e9geink\"}]},{\"@type\":\"WebSite\",\"@id\":\"https:\\\/\\\/sylvangardens.hu\\\/#website\",\"url\":\"https:\\\/\\\/sylvangardens.hu\\\/\",\"name\":\"VargaKertM\u00f3r\",\"description\":\"Kert\u00e9szet \u00e9s Kert \u00e9s Park\u00e9p\u00edt\u00e9s\",\"publisher\":{\"@id\":\"https:\\\/\\\/sylvangardens.hu\\\/#\\\/schema\\\/person\\\/1fb5e92265f56336b510365bfdcff060\"},\"alternateName\":\"VKM\",\"potentialAction\":[{\"@type\":\"SearchAction\",\"target\":{\"@type\":\"EntryPoint\",\"urlTemplate\":\"https:\\\/\\\/sylvangardens.hu\\\/?s={search_term_string}\"},\"query-input\":{\"@type\":\"PropertyValueSpecification\",\"valueRequired\":true,\"valueName\":\"search_term_string\"}}],\"inLanguage\":\"hu\"},{\"@type\":[\"Person\",\"Organization\"],\"@id\":\"https:\\\/\\\/sylvangardens.hu\\\/#\\\/schema\\\/person\\\/1fb5e92265f56336b510365bfdcff060\",\"name\":\"Varga Rich\u00e1rd\",\"image\":{\"@type\":\"ImageObject\",\"inLanguage\":\"hu\",\"@id\":\"https:\\\/\\\/sylvangardens.hu\\\/wp-content\\\/uploads\\\/2024\\\/01\\\/cropped-Logo-hands-on1600x800.png\",\"url\":\"https:\\\/\\\/sylvangardens.hu\\\/wp-content\\\/uploads\\\/2024\\\/01\\\/cropped-Logo-hands-on1600x800.png\",\"contentUrl\":\"https:\\\/\\\/sylvangardens.hu\\\/wp-content\\\/uploads\\\/2024\\\/01\\\/cropped-Logo-hands-on1600x800.png\",\"width\":240,\"height\":148,\"caption\":\"Varga Rich\u00e1rd\"},\"logo\":{\"@id\":\"https:\\\/\\\/sylvangardens.hu\\\/wp-content\\\/uploads\\\/2024\\\/01\\\/cropped-Logo-hands-on1600x800.png\"},\"sameAs\":[\"https:\\\/\\\/sylvangardens.hu\",\"https:\\\/\\\/www.facebook.com\\\/VargaKertMor\"]}]}<\/script>\n<!-- \/ Yoast SEO plugin. -->","yoast_head_json":{"title":"El\u00e9rhet\u0151s\u00e9geink - VargaKertM\u00f3r","robots":{"index":"index","follow":"follow","max-snippet":"max-snippet:-1","max-image-preview":"max-image-preview:large","max-video-preview":"max-video-preview:-1"},"canonical":"https:\/\/sylvangardens.hu\/?page_id=531","og_locale":"hu_HU","og_type":"article","og_title":"El\u00e9rhet\u0151s\u00e9geink - VargaKertM\u00f3r","og_description":"Varga Kert M\u00f3rCs\u00f3kak\u0151i d\u0171l\u0151 208060 M\u00f3rMagyarorsz\u00e1gH\u00edvj minket:&nbsp;+36309025406, +36303696951\u00cdrj nek\u00fcnk e-mailt:&nbsp;info@vargakertmor.hu \u00c1ruda nyitvatart\u00e1si id\u0151 (T\u00e1rgy\u00e9v M\u00e1rcius 1 &#8211; December 1): H-P 10:00-18:00, Szombat 10:00-13:00 8060 M\u00f3r, Cs\u00f3kak\u0151i d\u0171l\u0151 20","og_url":"https:\/\/sylvangardens.hu\/?page_id=531","og_site_name":"VargaKertM\u00f3r","article_publisher":"https:\/\/www.facebook.com\/VargaKertMor","article_modified_time":"2024-02-02T16:17:48+00:00","twitter_card":"summary_large_image","schema":{"@context":"https:\/\/schema.org","@graph":[{"@type":"WebPage","@id":"https:\/\/sylvangardens.hu\/?page_id=531","url":"https:\/\/sylvangardens.hu\/?page_id=531","name":"El\u00e9rhet\u0151s\u00e9geink - VargaKertM\u00f3r","isPartOf":{"@id":"https:\/\/sylvangardens.hu\/#website"},"datePublished":"2024-02-02T16:15:21+00:00","dateModified":"2024-02-02T16:17:48+00:00","breadcrumb":{"@id":"https:\/\/sylvangardens.hu\/?page_id=531#breadcrumb"},"inLanguage":"hu","potentialAction":[{"@type":"ReadAction","target":["https:\/\/sylvangardens.hu\/?page_id=531"]}]},{"@type":"BreadcrumbList","@id":"https:\/\/sylvangardens.hu\/?page_id=531#breadcrumb","itemListElement":[{"@type":"ListItem","position":1,"name":"Kezd\u0151lap","item":"https:\/\/sylvangardens.hu\/"},{"@type":"ListItem","position":2,"name":"El\u00e9rhet\u0151s\u00e9geink"}]},{"@type":"WebSite","@id":"https:\/\/sylvangardens.hu\/#website","url":"https:\/\/sylvangardens.hu\/","name":"VargaKertM\u00f3r","description":"Kert\u00e9szet \u00e9s Kert \u00e9s Park\u00e9p\u00edt\u00e9s","publisher":{"@id":"https:\/\/sylvangardens.hu\/#\/schema\/person\/1fb5e92265f56336b510365bfdcff060"},"alternateName":"VKM","potentialAction":[{"@type":"SearchAction","target":{"@type":"EntryPoint","urlTemplate":"https:\/\/sylvangardens.hu\/?s={search_term_string}"},"query-input":{"@type":"PropertyValueSpecification","valueRequired":true,"valueName":"search_term_string"}}],"inLanguage":"hu"},{"@type":["Person","Organization"],"@id":"https:\/\/sylvangardens.hu\/#\/schema\/person\/1fb5e92265f56336b510365bfdcff060","name":"Varga Rich\u00e1rd","image":{"@type":"ImageObject","inLanguage":"hu","@id":"https:\/\/sylvangardens.hu\/wp-content\/uploads\/2024\/01\/cropped-Logo-hands-on1600x800.png","url":"https:\/\/sylvangardens.hu\/wp-content\/uploads\/2024\/01\/cropped-Logo-hands-on1600x800.png","contentUrl":"https:\/\/sylvangardens.hu\/wp-content\/uploads\/2024\/01\/cropped-Logo-hands-on1600x800.png","width":240,"height":148,"caption":"Varga Rich\u00e1rd"},"logo":{"@id":"https:\/\/sylvangardens.hu\/wp-content\/uploads\/2024\/01\/cropped-Logo-hands-on1600x800.png"},"sameAs":["https:\/\/sylvangardens.hu","https:\/\/www.facebook.com\/VargaKertMor"]}]}},"_links":{"self":[{"href":"https:\/\/sylvangardens.hu\/index.php?rest_route=\/wp\/v2\/pages\/531","targetHints":{"allow":["GET"]}}],"collection":[{"href":"https:\/\/sylvangardens.hu\/index.php?rest_route=\/wp\/v2\/pages"}],"about":[{"href":"https:\/\/sylvangardens.hu\/index.php?rest_route=\/wp\/v2\/types\/page"}],"author":[{"embeddable":true,"href":"https:\/\/sylvangardens.hu\/index.php?rest_route=\/wp\/v2\/users\/1"}],"replies":[{"embeddable":true,"href":"https:\/\/sylvangardens.hu\/index.php?rest_route=%2Fwp%2Fv2%2Fcomments&post=531"}],"version-history":[{"count":2,"href":"https:\/\/sylvangardens.hu\/index.php?rest_route=\/wp\/v2\/pages\/531\/revisions"}],"predecessor-version":[{"id":534,"href":"https:\/\/sylvangardens.hu\/index.php?rest_route=\/wp\/v2\/pages\/531\/revisions\/534"}],"wp:attachment":[{"href":"https:\/\/sylvangardens.hu\/index.php?rest_route=%2Fwp%2Fv2%2Fmedia&parent=531"}],"curies":[{"name":"wp","href":"https:\/\/api.w.org\/{rel}","templated":true}]}}