{"id":21,"date":"2024-01-23T14:10:24","date_gmt":"2024-01-23T13:10:24","guid":{"rendered":"https:\/\/sylvangardens.hu\/?page_id=21"},"modified":"2024-01-31T10:37:46","modified_gmt":"2024-01-31T09:37:46","slug":"home","status":"publish","type":"page","link":"https:\/\/sylvangardens.hu\/","title":{"rendered":"\u00dcdv\u00f6z\u00f6lj\u00fck a VargaKertM\u00f3r honlapj\u00e1n!"},"content":{"rendered":"\n<div class=\"wp-block-query is-layout-flow wp-block-query-is-layout-flow\"><ul class=\"wp-block-post-template is-layout-flow wp-block-post-template-is-layout-flow\"><li class=\"wp-block-post post-653 post type-post status-publish format-standard has-post-thumbnail hentry category-cikkek\">\n<h2 class=\"wp-block-post-title\"><a href=\"https:\/\/sylvangardens.hu\/?p=653\" target=\"_self\" >Tavaszi gyep\u00e1pol\u00e1s kulcsfontoss\u00e1g\u00fa mozzanatai<\/a><\/h2>\n\n<figure class=\"alignwide wp-block-post-featured-image\"><a href=\"https:\/\/sylvangardens.hu\/?p=653\" target=\"_self\"  ><img loading=\"lazy\" decoding=\"async\" width=\"1200\" height=\"630\" src=\"https:\/\/sylvangardens.hu\/wp-content\/uploads\/2024\/03\/lawn.jpg\" class=\"attachment-post-thumbnail size-post-thumbnail wp-post-image\" alt=\"Tavaszi gyep\u00e1pol\u00e1s kulcsfontoss\u00e1g\u00fa mozzanatai\" style=\"object-fit:cover;\" srcset=\"https:\/\/sylvangardens.hu\/wp-content\/uploads\/2024\/03\/lawn.jpg 1200w, https:\/\/sylvangardens.hu\/wp-content\/uploads\/2024\/03\/lawn-300x158.jpg 300w, https:\/\/sylvangardens.hu\/wp-content\/uploads\/2024\/03\/lawn-1024x538.jpg 1024w, https:\/\/sylvangardens.hu\/wp-content\/uploads\/2024\/03\/lawn-768x403.jpg 768w, https:\/\/sylvangardens.hu\/wp-content\/uploads\/2024\/03\/lawn-1x1.jpg 1w, https:\/\/sylvangardens.hu\/wp-content\/uploads\/2024\/03\/lawn-600x315.jpg 600w\" sizes=\"auto, (max-width: 1200px) 100vw, 1200px\" \/><\/a><\/figure>\n\n<div class=\"wp-block-post-excerpt\"><p class=\"wp-block-post-excerpt__excerpt\">Ezek a kulcsfontoss\u00e1g\u00fa t\u00e9nyez\u0151k seg\u00edtenek biztos\u00edtani, hogy a tavaszi gyep\u00e1pol\u00e1s sor\u00e1n a gyep\u00fcnk eg\u00e9szs\u00e9ges \u00e9s gy\u00f6ny\u00f6r\u0171 legyen, \u00e9s felk\u00e9sz\u00fclj\u00f6n a meleg h\u00f3napokra. <\/p><\/div>\n\n\n<hr class=\"wp-block-separator has-css-opacity\"\/>\n\n\n<div class=\"wp-block-post-date\"><time datetime=\"2024-03-13T20:47:37+01:00\">2024.03.13.<\/time><\/div>\n<\/li><li class=\"wp-block-post post-353 post type-post status-publish format-standard hentry category-cikkek\">\n<h2 class=\"wp-block-post-title\"><a href=\"https:\/\/sylvangardens.hu\/?p=353\" target=\"_self\" >S\u00f6v\u00e9nytelep\u00edt\u00e9si kisokos<\/a><\/h2>\n\n\n\n<div class=\"wp-block-post-excerpt\"><p class=\"wp-block-post-excerpt__excerpt\">Ezen a fel\u00fcleten pr\u00f3b\u00e1lunk, gyors k\u00e9zzelfoghat\u00f3 seg\u00edts\u00e9get ny\u00fajtani a s\u00f6v\u00e9ny telep\u00edt\u00e9sekhez. 1. L\u00e9p\u00e9s: C\u00e9lkit\u0171z\u00e9s Els\u0151 l\u00e9p\u00e9sk\u00e9nt hat\u00e1rozza meg, hogy mit szeretne el\u00e9rni a s\u00f6v\u00e9nnyel. Gondoljon az elv\u00e1r\u00e1sokra: magass\u00e1g, s\u0171r\u0171s\u00e9g, vir\u00e1gz\u00e1s, \u00f6r\u00f6kz\u00f6ld legyen? Ez seg\u00edt kiv\u00e1lasztani a megfelel\u0151 n\u00f6v\u00e9nyt. 2. L\u00e9p\u00e9s: Hely Kiv\u00e1laszt\u00e1sa\/Alapos vizsg\u00e1lata V\u00e1lasszon olyan ter\u00fcletet, ahol a n\u00f6v\u00e9nyek megfelel\u0151 napf\u00e9nyt kapnak. Figyelembe kell venni&hellip; <\/p><\/div>\n\n\n<hr class=\"wp-block-separator has-css-opacity\"\/>\n\n\n<div class=\"wp-block-post-date\"><time datetime=\"2024-01-31T10:13:30+01:00\">2024.01.31.<\/time><\/div>\n<\/li><li class=\"wp-block-post post-348 post type-post status-publish format-standard hentry category-cikkek\">\n<h2 class=\"wp-block-post-title\"><a href=\"https:\/\/sylvangardens.hu\/?p=348\" target=\"_self\" >Diverz s\u00f6v\u00e9ny, permakult\u00far\u00e1s m\u00f3dszerekkel<\/a><\/h2>\n\n\n\n<div class=\"wp-block-post-excerpt\"><p class=\"wp-block-post-excerpt__excerpt\">Soksz\u00edn\u0171 s\u00f6v\u00e9nytervez\u00e9s \u00e9s -\u00fcltet\u00e9s, karbantart\u00e1s, tippek \u00e9s tr\u00fckk\u00f6k permakult\u00fara m\u00f3dszerekkel. A permakult\u00fara megk\u00f6zel\u00edt\u00e9se az \u00f6kol\u00f3giai tervez\u00e9sre \u00e9s fenntarthat\u00f3 kertgazd\u00e1lkod\u00e1sra \u00f6sszpontos\u00edt, \u00edgy a soksz\u00edn\u0171 s\u00f6v\u00e9nyek tervez\u00e9se \u00e9s gondoz\u00e1sa ter\u00e9n is \u00e9rt\u00e9kes \u00fatmutat\u00e1st ny\u00fajthat. Magyarorsz\u00e1g v\u00e1ltozatos kl\u00edm\u00e1j\u00e1ban a korallberkenye (Phoetinia Fraseri), tiszafa (Taxus baccata), bab\u00e9rmeggy (Prunus Laurocerasus), bangita (Viburnum), Leylandii ciprusok (Cupressocyparis leylandii) \u00e9s m\u00e1s ciprusok (Ariz\u00f3nai,&hellip; <\/p><\/div>\n\n\n<hr class=\"wp-block-separator has-css-opacity\"\/>\n\n\n<div class=\"wp-block-post-date\"><time datetime=\"2024-01-31T10:08:13+01:00\">2024.01.31.<\/time><\/div>\n<\/li><\/ul><\/div>\n","protected":false},"excerpt":{"rendered":"","protected":false},"author":1,"featured_media":0,"parent":0,"menu_order":0,"comment_status":"closed","ping_status":"closed","template":"","meta":{"footnotes":""},"class_list":["post-21","page","type-page","status-publish","hentry"],"yoast_head":"<!-- This site is optimized with the Yoast SEO plugin v27.4 - https:\/\/yoast.com\/product\/yoast-seo-wordpress\/ -->\n<title>\u00dcdv\u00f6z\u00f6lj\u00fck a VargaKertM\u00f3r honlapj\u00e1n! - VargaKertM\u00f3r<\/title>\n<meta name=\"robots\" content=\"index, follow, max-snippet:-1, max-image-preview:large, max-video-preview:-1\" \/>\n<link rel=\"canonical\" href=\"https:\/\/sylvangardens.hu\/\" \/>\n<meta property=\"og:locale\" content=\"hu_HU\" \/>\n<meta property=\"og:type\" content=\"article\" \/>\n<meta property=\"og:title\" content=\"\u00dcdv\u00f6z\u00f6lj\u00fck a VargaKertM\u00f3r honlapj\u00e1n! - VargaKertM\u00f3r\" \/>\n<meta property=\"og:url\" content=\"https:\/\/sylvangardens.hu\/\" \/>\n<meta property=\"og:site_name\" content=\"VargaKertM\u00f3r\" \/>\n<meta property=\"article:publisher\" content=\"https:\/\/www.facebook.com\/VargaKertMor\" \/>\n<meta property=\"article:modified_time\" content=\"2024-01-31T09:37:46+00:00\" \/>\n<meta name=\"twitter:card\" content=\"summary_large_image\" \/>\n<script type=\"application\/ld+json\" class=\"yoast-schema-graph\">{\"@context\":\"https:\\\/\\\/schema.org\",\"@graph\":[{\"@type\":\"WebPage\",\"@id\":\"https:\\\/\\\/sylvangardens.hu\\\/\",\"url\":\"https:\\\/\\\/sylvangardens.hu\\\/\",\"name\":\"\u00dcdv\u00f6z\u00f6lj\u00fck a VargaKertM\u00f3r honlapj\u00e1n! - VargaKertM\u00f3r\",\"isPartOf\":{\"@id\":\"https:\\\/\\\/sylvangardens.hu\\\/#website\"},\"datePublished\":\"2024-01-23T13:10:24+00:00\",\"dateModified\":\"2024-01-31T09:37:46+00:00\",\"breadcrumb\":{\"@id\":\"https:\\\/\\\/sylvangardens.hu\\\/#breadcrumb\"},\"inLanguage\":\"hu\",\"potentialAction\":[{\"@type\":\"ReadAction\",\"target\":[\"https:\\\/\\\/sylvangardens.hu\\\/\"]}]},{\"@type\":\"BreadcrumbList\",\"@id\":\"https:\\\/\\\/sylvangardens.hu\\\/#breadcrumb\",\"itemListElement\":[{\"@type\":\"ListItem\",\"position\":1,\"name\":\"Kezd\u0151lap\",\"item\":\"https:\\\/\\\/sylvangardens.hu\\\/\"},{\"@type\":\"ListItem\",\"position\":2,\"name\":\"\u00dcdv\u00f6z\u00f6lj\u00fck a VargaKertM\u00f3r honlapj\u00e1n!\"}]},{\"@type\":\"WebSite\",\"@id\":\"https:\\\/\\\/sylvangardens.hu\\\/#website\",\"url\":\"https:\\\/\\\/sylvangardens.hu\\\/\",\"name\":\"VargaKertM\u00f3r\",\"description\":\"Kert\u00e9szet \u00e9s Kert \u00e9s Park\u00e9p\u00edt\u00e9s\",\"publisher\":{\"@id\":\"https:\\\/\\\/sylvangardens.hu\\\/#\\\/schema\\\/person\\\/1fb5e92265f56336b510365bfdcff060\"},\"alternateName\":\"VKM\",\"potentialAction\":[{\"@type\":\"SearchAction\",\"target\":{\"@type\":\"EntryPoint\",\"urlTemplate\":\"https:\\\/\\\/sylvangardens.hu\\\/?s={search_term_string}\"},\"query-input\":{\"@type\":\"PropertyValueSpecification\",\"valueRequired\":true,\"valueName\":\"search_term_string\"}}],\"inLanguage\":\"hu\"},{\"@type\":[\"Person\",\"Organization\"],\"@id\":\"https:\\\/\\\/sylvangardens.hu\\\/#\\\/schema\\\/person\\\/1fb5e92265f56336b510365bfdcff060\",\"name\":\"Varga Rich\u00e1rd\",\"image\":{\"@type\":\"ImageObject\",\"inLanguage\":\"hu\",\"@id\":\"https:\\\/\\\/sylvangardens.hu\\\/wp-content\\\/uploads\\\/2024\\\/01\\\/cropped-Logo-hands-on1600x800.png\",\"url\":\"https:\\\/\\\/sylvangardens.hu\\\/wp-content\\\/uploads\\\/2024\\\/01\\\/cropped-Logo-hands-on1600x800.png\",\"contentUrl\":\"https:\\\/\\\/sylvangardens.hu\\\/wp-content\\\/uploads\\\/2024\\\/01\\\/cropped-Logo-hands-on1600x800.png\",\"width\":240,\"height\":148,\"caption\":\"Varga Rich\u00e1rd\"},\"logo\":{\"@id\":\"https:\\\/\\\/sylvangardens.hu\\\/wp-content\\\/uploads\\\/2024\\\/01\\\/cropped-Logo-hands-on1600x800.png\"},\"sameAs\":[\"https:\\\/\\\/sylvangardens.hu\",\"https:\\\/\\\/www.facebook.com\\\/VargaKertMor\"]}]}<\/script>\n<!-- \/ Yoast SEO plugin. -->","yoast_head_json":{"title":"\u00dcdv\u00f6z\u00f6lj\u00fck a VargaKertM\u00f3r honlapj\u00e1n! - VargaKertM\u00f3r","robots":{"index":"index","follow":"follow","max-snippet":"max-snippet:-1","max-image-preview":"max-image-preview:large","max-video-preview":"max-video-preview:-1"},"canonical":"https:\/\/sylvangardens.hu\/","og_locale":"hu_HU","og_type":"article","og_title":"\u00dcdv\u00f6z\u00f6lj\u00fck a VargaKertM\u00f3r honlapj\u00e1n! - VargaKertM\u00f3r","og_url":"https:\/\/sylvangardens.hu\/","og_site_name":"VargaKertM\u00f3r","article_publisher":"https:\/\/www.facebook.com\/VargaKertMor","article_modified_time":"2024-01-31T09:37:46+00:00","twitter_card":"summary_large_image","schema":{"@context":"https:\/\/schema.org","@graph":[{"@type":"WebPage","@id":"https:\/\/sylvangardens.hu\/","url":"https:\/\/sylvangardens.hu\/","name":"\u00dcdv\u00f6z\u00f6lj\u00fck a VargaKertM\u00f3r honlapj\u00e1n! - VargaKertM\u00f3r","isPartOf":{"@id":"https:\/\/sylvangardens.hu\/#website"},"datePublished":"2024-01-23T13:10:24+00:00","dateModified":"2024-01-31T09:37:46+00:00","breadcrumb":{"@id":"https:\/\/sylvangardens.hu\/#breadcrumb"},"inLanguage":"hu","potentialAction":[{"@type":"ReadAction","target":["https:\/\/sylvangardens.hu\/"]}]},{"@type":"BreadcrumbList","@id":"https:\/\/sylvangardens.hu\/#breadcrumb","itemListElement":[{"@type":"ListItem","position":1,"name":"Kezd\u0151lap","item":"https:\/\/sylvangardens.hu\/"},{"@type":"ListItem","position":2,"name":"\u00dcdv\u00f6z\u00f6lj\u00fck a VargaKertM\u00f3r honlapj\u00e1n!"}]},{"@type":"WebSite","@id":"https:\/\/sylvangardens.hu\/#website","url":"https:\/\/sylvangardens.hu\/","name":"VargaKertM\u00f3r","description":"Kert\u00e9szet \u00e9s Kert \u00e9s Park\u00e9p\u00edt\u00e9s","publisher":{"@id":"https:\/\/sylvangardens.hu\/#\/schema\/person\/1fb5e92265f56336b510365bfdcff060"},"alternateName":"VKM","potentialAction":[{"@type":"SearchAction","target":{"@type":"EntryPoint","urlTemplate":"https:\/\/sylvangardens.hu\/?s={search_term_string}"},"query-input":{"@type":"PropertyValueSpecification","valueRequired":true,"valueName":"search_term_string"}}],"inLanguage":"hu"},{"@type":["Person","Organization"],"@id":"https:\/\/sylvangardens.hu\/#\/schema\/person\/1fb5e92265f56336b510365bfdcff060","name":"Varga Rich\u00e1rd","image":{"@type":"ImageObject","inLanguage":"hu","@id":"https:\/\/sylvangardens.hu\/wp-content\/uploads\/2024\/01\/cropped-Logo-hands-on1600x800.png","url":"https:\/\/sylvangardens.hu\/wp-content\/uploads\/2024\/01\/cropped-Logo-hands-on1600x800.png","contentUrl":"https:\/\/sylvangardens.hu\/wp-content\/uploads\/2024\/01\/cropped-Logo-hands-on1600x800.png","width":240,"height":148,"caption":"Varga Rich\u00e1rd"},"logo":{"@id":"https:\/\/sylvangardens.hu\/wp-content\/uploads\/2024\/01\/cropped-Logo-hands-on1600x800.png"},"sameAs":["https:\/\/sylvangardens.hu","https:\/\/www.facebook.com\/VargaKertMor"]}]}},"_links":{"self":[{"href":"https:\/\/sylvangardens.hu\/index.php?rest_route=\/wp\/v2\/pages\/21","targetHints":{"allow":["GET"]}}],"collection":[{"href":"https:\/\/sylvangardens.hu\/index.php?rest_route=\/wp\/v2\/pages"}],"about":[{"href":"https:\/\/sylvangardens.hu\/index.php?rest_route=\/wp\/v2\/types\/page"}],"author":[{"embeddable":true,"href":"https:\/\/sylvangardens.hu\/index.php?rest_route=\/wp\/v2\/users\/1"}],"replies":[{"embeddable":true,"href":"https:\/\/sylvangardens.hu\/index.php?rest_route=%2Fwp%2Fv2%2Fcomments&post=21"}],"version-history":[{"count":16,"href":"https:\/\/sylvangardens.hu\/index.php?rest_route=\/wp\/v2\/pages\/21\/revisions"}],"predecessor-version":[{"id":369,"href":"https:\/\/sylvangardens.hu\/index.php?rest_route=\/wp\/v2\/pages\/21\/revisions\/369"}],"wp:attachment":[{"href":"https:\/\/sylvangardens.hu\/index.php?rest_route=%2Fwp%2Fv2%2Fmedia&parent=21"}],"curies":[{"name":"wp","href":"https:\/\/api.w.org\/{rel}","templated":true}]}}