{"id":109,"date":"2024-01-26T10:41:18","date_gmt":"2024-01-26T09:41:18","guid":{"rendered":"https:\/\/sylvangardens.hu\/?page_id=109"},"modified":"2024-01-28T11:05:12","modified_gmt":"2024-01-28T10:05:12","slug":"request-quote","status":"publish","type":"page","link":"https:\/\/sylvangardens.hu\/?page_id=109","title":{"rendered":"Aj\u00e1nlatk\u00e9r\u00e9s"},"content":{"rendered":"<style id=\"wpforms-css-vars-160\">\n\t\t\t\t#wpforms-160 {\n\t\t\t\t\n\t\t\t}\n\t\t\t<\/style><div class=\"wpforms-container wpforms-container-full wpforms-render-modern\" id=\"wpforms-160\"><form id=\"wpforms-form-160\" class=\"wpforms-validate wpforms-form wpforms-ajax-form\" data-formid=\"160\" method=\"post\" enctype=\"multipart\/form-data\" action=\"\/index.php?rest_route=%2Fwp%2Fv2%2Fpages%2F109\" data-token=\"cab2574c214a6e8d8ae58fcd75a90d16\" data-token-time=\"1777131566\"><noscript class=\"wpforms-error-noscript\">Please enable JavaScript in your browser to complete this form.<\/noscript><div id=\"wpforms-error-noscript\" style=\"display: none;\">Please enable JavaScript in your browser to complete this form.<\/div><div class=\"wpforms-field-container\"><div id=\"wpforms-160-field_0-container\" class=\"wpforms-field wpforms-field-name\" data-field-id=\"0\"><fieldset><legend class=\"wpforms-field-label\">N\u00e9v <span class=\"wpforms-required-label\" aria-hidden=\"true\">*<\/span><\/legend><div class=\"wpforms-field-row wpforms-field-medium\"><div class=\"wpforms-field-row-block wpforms-first wpforms-one-half\"><input type=\"text\" id=\"wpforms-160-field_0\" class=\"wpforms-field-name-first wpforms-field-required\" name=\"wpforms[fields][0][first]\" aria-errormessage=\"wpforms-160-field_0-error\" required><label for=\"wpforms-160-field_0\" class=\"wpforms-field-sublabel after wpforms-sublabel-hide\">First<\/label><\/div><div class=\"wpforms-field-row-block wpforms-one-half\"><input type=\"text\" id=\"wpforms-160-field_0-last\" class=\"wpforms-field-name-last wpforms-field-required\" name=\"wpforms[fields][0][last]\" aria-errormessage=\"wpforms-160-field_0-last-error\" required><label for=\"wpforms-160-field_0-last\" class=\"wpforms-field-sublabel after wpforms-sublabel-hide\">Last<\/label><\/div><\/div><\/fieldset><\/div><div id=\"wpforms-160-field_3-container\" class=\"wpforms-field wpforms-field-radio wpforms-list-2-columns\" data-field-id=\"3\"><fieldset><legend class=\"wpforms-field-label\">Ajanlatk\u00e9r\u00e9s c\u00e9lja<\/legend><ul id=\"wpforms-160-field_3\"><li class=\"choice-1 depth-1\"><input type=\"radio\" id=\"wpforms-160-field_3_1\" name=\"wpforms[fields][3]\" value=\"Kerttervez\u00e9s, kert\u00e9p\u00edt\u00e9s, \u00f6nt\u00f6z\u0151rendszer\" aria-errormessage=\"wpforms-160-field_3_1-error\"  ><label class=\"wpforms-field-label-inline\" for=\"wpforms-160-field_3_1\">Kerttervez\u00e9s, kert\u00e9p\u00edt\u00e9s, \u00f6nt\u00f6z\u0151rendszer<\/label><\/li><li class=\"choice-2 depth-1\"><input type=\"radio\" id=\"wpforms-160-field_3_2\" name=\"wpforms[fields][3]\" value=\"Karbantart\u00e1s\" aria-errormessage=\"wpforms-160-field_3_2-error\"  ><label class=\"wpforms-field-label-inline\" for=\"wpforms-160-field_3_2\">Karbantart\u00e1s<\/label><\/li><li class=\"choice-3 depth-1\"><input type=\"radio\" id=\"wpforms-160-field_3_3\" name=\"wpforms[fields][3]\" value=\"Szaktan\u00e1csad\u00e1s\" aria-errormessage=\"wpforms-160-field_3_3-error\"  ><label class=\"wpforms-field-label-inline\" for=\"wpforms-160-field_3_3\">Szaktan\u00e1csad\u00e1s<\/label><\/li><li class=\"choice-5 depth-1\"><input type=\"radio\" id=\"wpforms-160-field_3_5\" name=\"wpforms[fields][3]\" value=\"N\u00f6v\u00e9ny beszerz\u00e9s\" aria-errormessage=\"wpforms-160-field_3_5-error\"  ><label class=\"wpforms-field-label-inline\" for=\"wpforms-160-field_3_5\">N\u00f6v\u00e9ny beszerz\u00e9s<\/label><\/li><li class=\"choice-4 depth-1\"><input type=\"radio\" id=\"wpforms-160-field_3_4\" name=\"wpforms[fields][3]\" value=\"Egy\u00e9b szolg\u00e1ltat\u00e1s\" aria-errormessage=\"wpforms-160-field_3_4-error\"  ><label class=\"wpforms-field-label-inline\" for=\"wpforms-160-field_3_4\">Egy\u00e9b szolg\u00e1ltat\u00e1s<\/label><\/li><\/ul><\/fieldset><\/div><div id=\"wpforms-160-field_1-container\" class=\"wpforms-field wpforms-field-email\" data-field-id=\"1\"><label class=\"wpforms-field-label\" for=\"wpforms-160-field_1\">Email c\u00edm <span class=\"wpforms-required-label\" aria-hidden=\"true\">*<\/span><\/label><input type=\"email\" id=\"wpforms-160-field_1\" class=\"wpforms-field-medium wpforms-field-required\" name=\"wpforms[fields][1]\" spellcheck=\"false\" aria-errormessage=\"wpforms-160-field_1-error\" required><\/div><div id=\"wpforms-160-field_4-container\" class=\"wpforms-field wpforms-field-text\" data-field-id=\"4\"><label class=\"wpforms-field-label\" for=\"wpforms-160-field_4\">Telefonsz\u00e1m<\/label><input type=\"text\" id=\"wpforms-160-field_4\" class=\"wpforms-field-medium\" name=\"wpforms[fields][4]\" aria-errormessage=\"wpforms-160-field_4-error\" ><\/div><div id=\"wpforms-160-field_2-container\" class=\"wpforms-field wpforms-field-textarea\" data-field-id=\"2\"><label class=\"wpforms-field-label\" for=\"wpforms-160-field_2\">\u00dczenet<\/label><textarea id=\"wpforms-160-field_2\" class=\"wpforms-field-medium\" name=\"wpforms[fields][2]\" aria-errormessage=\"wpforms-160-field_2-error\" ><\/textarea><\/div><div id=\"wpforms-160-field_5-container\" class=\"wpforms-field wpforms-field-gdpr-checkbox\" data-field-id=\"5\"><label class=\"wpforms-field-label\">Adatv\u00e9delmi nyilatkozat <span class=\"wpforms-required-label\" aria-hidden=\"true\">*<\/span><\/label><ul id=\"wpforms-160-field_5\" class=\"wpforms-field-required\"><li class=\"choice-1\"><input type=\"checkbox\" id=\"wpforms-160-field_5_1\" name=\"wpforms[fields][5][]\" value=\"Elolvastam \u00e9s elfogadom az oldal adatv\u00e9delmi szab\u00e1lyzat\u00e1t!\" aria-errormessage=\"wpforms-160-field_5_1-error\" required ><label class=\"wpforms-field-label-inline\" for=\"wpforms-160-field_5_1\">Elolvastam \u00e9s elfogadom az oldal adatv\u00e9delmi szab\u00e1lyzat\u00e1t!<\/label><\/li><\/ul><\/div><\/div><!-- .wpforms-field-container --><div class=\"wpforms-recaptcha-container wpforms-is-recaptcha wpforms-is-recaptcha-type-v2\" ><div class=\"g-recaptcha\" data-sitekey=\"6LcrXl0pAAAAAGhqyUUnkfk6hGVp05RbgTIFKXXM\"><\/div><input type=\"text\" name=\"g-recaptcha-hidden\" class=\"wpforms-recaptcha-hidden\" style=\"position:absolute!important;clip:rect(0,0,0,0)!important;height:1px!important;width:1px!important;border:0!important;overflow:hidden!important;padding:0!important;margin:0!important;\" data-rule-recaptcha=\"1\"><\/div><div class=\"wpforms-submit-container\" ><input type=\"hidden\" name=\"wpforms[id]\" value=\"160\"><input type=\"hidden\" name=\"page_title\" value=\"\"><input type=\"hidden\" name=\"page_url\" value=\"https:\/\/sylvangardens.hu\/index.php?rest_route=\/wp\/v2\/pages\/109\"><input type=\"hidden\" name=\"url_referer\" value=\"\"><button type=\"submit\" name=\"wpforms[submit]\" id=\"wpforms-submit-160\" class=\"wpforms-submit\" data-alt-text=\"K\u00fcld\u00e9s folyamatban...\" data-submit-text=\"K\u00fcld\u00e9s\" aria-live=\"assertive\" value=\"wpforms-submit\">K\u00fcld\u00e9s<\/button><img loading=\"lazy\" decoding=\"async\" src=\"https:\/\/sylvangardens.hu\/wp-content\/plugins\/wpforms-lite\/assets\/images\/submit-spin.svg\" class=\"wpforms-submit-spinner\" style=\"display: none;\" width=\"26\" height=\"26\" alt=\"Loading\"><\/div><\/form><\/div>  <!-- .wpforms-container -->\n","protected":false},"excerpt":{"rendered":"","protected":false},"author":1,"featured_media":0,"parent":0,"menu_order":0,"comment_status":"closed","ping_status":"closed","template":"","meta":{"footnotes":""},"class_list":["post-109","page","type-page","status-publish","hentry"],"yoast_head":"<!-- This site is optimized with the Yoast SEO plugin v27.4 - https:\/\/yoast.com\/product\/yoast-seo-wordpress\/ -->\n<title>Aj\u00e1nlatk\u00e9r\u00e9s - VargaKertM\u00f3r<\/title>\n<meta name=\"robots\" content=\"index, follow, max-snippet:-1, max-image-preview:large, max-video-preview:-1\" \/>\n<link rel=\"canonical\" href=\"https:\/\/sylvangardens.hu\/?page_id=109\" \/>\n<meta property=\"og:locale\" content=\"hu_HU\" \/>\n<meta property=\"og:type\" content=\"article\" \/>\n<meta property=\"og:title\" content=\"Aj\u00e1nlatk\u00e9r\u00e9s - VargaKertM\u00f3r\" \/>\n<meta property=\"og:url\" content=\"https:\/\/sylvangardens.hu\/?page_id=109\" \/>\n<meta property=\"og:site_name\" content=\"VargaKertM\u00f3r\" \/>\n<meta property=\"article:publisher\" content=\"https:\/\/www.facebook.com\/VargaKertMor\" \/>\n<meta property=\"article:modified_time\" content=\"2024-01-28T10:05:12+00:00\" \/>\n<meta name=\"twitter:card\" content=\"summary_large_image\" \/>\n<script type=\"application\/ld+json\" class=\"yoast-schema-graph\">{\"@context\":\"https:\\\/\\\/schema.org\",\"@graph\":[{\"@type\":\"WebPage\",\"@id\":\"https:\\\/\\\/sylvangardens.hu\\\/?page_id=109\",\"url\":\"https:\\\/\\\/sylvangardens.hu\\\/?page_id=109\",\"name\":\"Aj\u00e1nlatk\u00e9r\u00e9s - VargaKertM\u00f3r\",\"isPartOf\":{\"@id\":\"https:\\\/\\\/sylvangardens.hu\\\/#website\"},\"datePublished\":\"2024-01-26T09:41:18+00:00\",\"dateModified\":\"2024-01-28T10:05:12+00:00\",\"breadcrumb\":{\"@id\":\"https:\\\/\\\/sylvangardens.hu\\\/?page_id=109#breadcrumb\"},\"inLanguage\":\"hu\",\"potentialAction\":[{\"@type\":\"ReadAction\",\"target\":[\"https:\\\/\\\/sylvangardens.hu\\\/?page_id=109\"]}]},{\"@type\":\"BreadcrumbList\",\"@id\":\"https:\\\/\\\/sylvangardens.hu\\\/?page_id=109#breadcrumb\",\"itemListElement\":[{\"@type\":\"ListItem\",\"position\":1,\"name\":\"Kezd\u0151lap\",\"item\":\"https:\\\/\\\/sylvangardens.hu\\\/\"},{\"@type\":\"ListItem\",\"position\":2,\"name\":\"Aj\u00e1nlatk\u00e9r\u00e9s\"}]},{\"@type\":\"WebSite\",\"@id\":\"https:\\\/\\\/sylvangardens.hu\\\/#website\",\"url\":\"https:\\\/\\\/sylvangardens.hu\\\/\",\"name\":\"VargaKertM\u00f3r\",\"description\":\"Kert\u00e9szet \u00e9s Kert \u00e9s Park\u00e9p\u00edt\u00e9s\",\"publisher\":{\"@id\":\"https:\\\/\\\/sylvangardens.hu\\\/#\\\/schema\\\/person\\\/1fb5e92265f56336b510365bfdcff060\"},\"alternateName\":\"VKM\",\"potentialAction\":[{\"@type\":\"SearchAction\",\"target\":{\"@type\":\"EntryPoint\",\"urlTemplate\":\"https:\\\/\\\/sylvangardens.hu\\\/?s={search_term_string}\"},\"query-input\":{\"@type\":\"PropertyValueSpecification\",\"valueRequired\":true,\"valueName\":\"search_term_string\"}}],\"inLanguage\":\"hu\"},{\"@type\":[\"Person\",\"Organization\"],\"@id\":\"https:\\\/\\\/sylvangardens.hu\\\/#\\\/schema\\\/person\\\/1fb5e92265f56336b510365bfdcff060\",\"name\":\"Varga Rich\u00e1rd\",\"image\":{\"@type\":\"ImageObject\",\"inLanguage\":\"hu\",\"@id\":\"https:\\\/\\\/sylvangardens.hu\\\/wp-content\\\/uploads\\\/2024\\\/01\\\/cropped-Logo-hands-on1600x800.png\",\"url\":\"https:\\\/\\\/sylvangardens.hu\\\/wp-content\\\/uploads\\\/2024\\\/01\\\/cropped-Logo-hands-on1600x800.png\",\"contentUrl\":\"https:\\\/\\\/sylvangardens.hu\\\/wp-content\\\/uploads\\\/2024\\\/01\\\/cropped-Logo-hands-on1600x800.png\",\"width\":240,\"height\":148,\"caption\":\"Varga Rich\u00e1rd\"},\"logo\":{\"@id\":\"https:\\\/\\\/sylvangardens.hu\\\/wp-content\\\/uploads\\\/2024\\\/01\\\/cropped-Logo-hands-on1600x800.png\"},\"sameAs\":[\"https:\\\/\\\/sylvangardens.hu\",\"https:\\\/\\\/www.facebook.com\\\/VargaKertMor\"]}]}<\/script>\n<!-- \/ Yoast SEO plugin. -->","yoast_head_json":{"title":"Aj\u00e1nlatk\u00e9r\u00e9s - VargaKertM\u00f3r","robots":{"index":"index","follow":"follow","max-snippet":"max-snippet:-1","max-image-preview":"max-image-preview:large","max-video-preview":"max-video-preview:-1"},"canonical":"https:\/\/sylvangardens.hu\/?page_id=109","og_locale":"hu_HU","og_type":"article","og_title":"Aj\u00e1nlatk\u00e9r\u00e9s - VargaKertM\u00f3r","og_url":"https:\/\/sylvangardens.hu\/?page_id=109","og_site_name":"VargaKertM\u00f3r","article_publisher":"https:\/\/www.facebook.com\/VargaKertMor","article_modified_time":"2024-01-28T10:05:12+00:00","twitter_card":"summary_large_image","schema":{"@context":"https:\/\/schema.org","@graph":[{"@type":"WebPage","@id":"https:\/\/sylvangardens.hu\/?page_id=109","url":"https:\/\/sylvangardens.hu\/?page_id=109","name":"Aj\u00e1nlatk\u00e9r\u00e9s - VargaKertM\u00f3r","isPartOf":{"@id":"https:\/\/sylvangardens.hu\/#website"},"datePublished":"2024-01-26T09:41:18+00:00","dateModified":"2024-01-28T10:05:12+00:00","breadcrumb":{"@id":"https:\/\/sylvangardens.hu\/?page_id=109#breadcrumb"},"inLanguage":"hu","potentialAction":[{"@type":"ReadAction","target":["https:\/\/sylvangardens.hu\/?page_id=109"]}]},{"@type":"BreadcrumbList","@id":"https:\/\/sylvangardens.hu\/?page_id=109#breadcrumb","itemListElement":[{"@type":"ListItem","position":1,"name":"Kezd\u0151lap","item":"https:\/\/sylvangardens.hu\/"},{"@type":"ListItem","position":2,"name":"Aj\u00e1nlatk\u00e9r\u00e9s"}]},{"@type":"WebSite","@id":"https:\/\/sylvangardens.hu\/#website","url":"https:\/\/sylvangardens.hu\/","name":"VargaKertM\u00f3r","description":"Kert\u00e9szet \u00e9s Kert \u00e9s Park\u00e9p\u00edt\u00e9s","publisher":{"@id":"https:\/\/sylvangardens.hu\/#\/schema\/person\/1fb5e92265f56336b510365bfdcff060"},"alternateName":"VKM","potentialAction":[{"@type":"SearchAction","target":{"@type":"EntryPoint","urlTemplate":"https:\/\/sylvangardens.hu\/?s={search_term_string}"},"query-input":{"@type":"PropertyValueSpecification","valueRequired":true,"valueName":"search_term_string"}}],"inLanguage":"hu"},{"@type":["Person","Organization"],"@id":"https:\/\/sylvangardens.hu\/#\/schema\/person\/1fb5e92265f56336b510365bfdcff060","name":"Varga Rich\u00e1rd","image":{"@type":"ImageObject","inLanguage":"hu","@id":"https:\/\/sylvangardens.hu\/wp-content\/uploads\/2024\/01\/cropped-Logo-hands-on1600x800.png","url":"https:\/\/sylvangardens.hu\/wp-content\/uploads\/2024\/01\/cropped-Logo-hands-on1600x800.png","contentUrl":"https:\/\/sylvangardens.hu\/wp-content\/uploads\/2024\/01\/cropped-Logo-hands-on1600x800.png","width":240,"height":148,"caption":"Varga Rich\u00e1rd"},"logo":{"@id":"https:\/\/sylvangardens.hu\/wp-content\/uploads\/2024\/01\/cropped-Logo-hands-on1600x800.png"},"sameAs":["https:\/\/sylvangardens.hu","https:\/\/www.facebook.com\/VargaKertMor"]}]}},"_links":{"self":[{"href":"https:\/\/sylvangardens.hu\/index.php?rest_route=\/wp\/v2\/pages\/109","targetHints":{"allow":["GET"]}}],"collection":[{"href":"https:\/\/sylvangardens.hu\/index.php?rest_route=\/wp\/v2\/pages"}],"about":[{"href":"https:\/\/sylvangardens.hu\/index.php?rest_route=\/wp\/v2\/types\/page"}],"author":[{"embeddable":true,"href":"https:\/\/sylvangardens.hu\/index.php?rest_route=\/wp\/v2\/users\/1"}],"replies":[{"embeddable":true,"href":"https:\/\/sylvangardens.hu\/index.php?rest_route=%2Fwp%2Fv2%2Fcomments&post=109"}],"version-history":[{"count":3,"href":"https:\/\/sylvangardens.hu\/index.php?rest_route=\/wp\/v2\/pages\/109\/revisions"}],"predecessor-version":[{"id":167,"href":"https:\/\/sylvangardens.hu\/index.php?rest_route=\/wp\/v2\/pages\/109\/revisions\/167"}],"wp:attachment":[{"href":"https:\/\/sylvangardens.hu\/index.php?rest_route=%2Fwp%2Fv2%2Fmedia&parent=109"}],"curies":[{"name":"wp","href":"https:\/\/api.w.org\/{rel}","templated":true}]}}